{"id":5091,"date":"2025-11-11T15:22:56","date_gmt":"2025-11-11T15:22:56","guid":{"rendered":"https:\/\/www.brikaelektrik.al\/?post_type=product&#038;p=5091"},"modified":"2025-11-11T15:22:57","modified_gmt":"2025-11-11T15:22:57","slug":"inverter-30kw-ongrid-with-dc-switch-3fazor-ip66","status":"publish","type":"product","link":"https:\/\/www.brikaelektrik.al\/al\/produkt\/inverter-30kw-ongrid-with-dc-switch-3fazor-ip66\/","title":{"rendered":"INVERTER 30KW ONGRID WITH DC SWITCH 3FAZOR IP66"},"content":{"rendered":"<p><strong>Seria:<\/strong> VITAC<br \/>\n<strong>Modeli<\/strong>: Inverter 30KW On Grid me Nd\u00ebrprer\u00ebs DC<\/p>\n<p><strong>P\u00ebrshkrimi:<\/strong><br \/>\nInverteri VITAC 30KW On Grid trefazor \u00ebsht\u00eb projektuar p\u00ebr sisteme solare industriale ose komerciale t\u00eb mesme dhe t\u00eb m\u00ebdha. I pajisur me nd\u00ebrprer\u00ebs DC t\u00eb integruar dhe mbrojtje IP66, ky inverter ofron efikasitet t\u00eb lart\u00eb dhe funksionim t\u00eb q\u00ebndruesh\u00ebm n\u00eb kushte t\u00eb ndryshme klimatike.<\/p>\n<p><strong>Specifikime teknike kryesore:<\/strong><br \/>\n&#8211; Fuqia nominale: 30KW<br \/>\n&#8211; Lloji: On Grid (i lidhur me rrjetin elektrik)<br \/>\n&#8211; Faza: 3-fazore<br \/>\n&#8211; Nd\u00ebrprer\u00ebs DC: i integruar<br \/>\n&#8211; Mbrojtje: IP66 p\u00ebr montim n\u00eb ambient t\u00eb jasht\u00ebm<br \/>\n&#8211; Efikasitet maksimal: deri n\u00eb 98.5%<br \/>\n&#8211; Komunikim: RS485, WiFi (opsional)<br \/>\n&#8211; Ekran: LCD p\u00ebr monitorim dhe konfigurime<\/p>","protected":false},"excerpt":{"rendered":"<p>Seria: VITAC Modeli: Inverter 30KW On Grid me Nd\u00ebrprer\u00ebs DC P\u00ebrshkrimi: Inverteri VITAC 30KW On Grid trefazor \u00ebsht\u00eb projektuar p\u00ebr sisteme solare industriale ose komerciale t\u00eb mesme dhe t\u00eb m\u00ebdha. I pajisur me nd\u00ebrprer\u00ebs DC t\u00eb integruar dhe mbrojtje IP66, ky inverter ofron efikasitet t\u00eb lart\u00eb dhe funksionim t\u00eb q\u00ebndruesh\u00ebm n\u00eb kushte t\u00eb ndryshme klimatike. [&hellip;]<\/p>","protected":false},"featured_media":5092,"comment_status":"open","ping_status":"closed","template":"","meta":{"_acf_changed":false},"product_brand":[],"product_cat":[114,53],"product_tag":[],"class_list":{"0":"post-5091","1":"product","2":"type-product","3":"status-publish","4":"has-post-thumbnail","6":"product_cat-inverter-on-off-grid","7":"product_cat-panele-fotovoltaike","9":"first","10":"instock","11":"shipping-taxable","12":"product-type-simple"},"acf":[],"_links":{"self":[{"href":"https:\/\/www.brikaelektrik.al\/al\/wp-json\/wp\/v2\/product\/5091","targetHints":{"allow":["GET"]}}],"collection":[{"href":"https:\/\/www.brikaelektrik.al\/al\/wp-json\/wp\/v2\/product"}],"about":[{"href":"https:\/\/www.brikaelektrik.al\/al\/wp-json\/wp\/v2\/types\/product"}],"replies":[{"embeddable":true,"href":"https:\/\/www.brikaelektrik.al\/al\/wp-json\/wp\/v2\/comments?post=5091"}],"wp:featuredmedia":[{"embeddable":true,"href":"https:\/\/www.brikaelektrik.al\/al\/wp-json\/wp\/v2\/media\/5092"}],"wp:attachment":[{"href":"https:\/\/www.brikaelektrik.al\/al\/wp-json\/wp\/v2\/media?parent=5091"}],"wp:term":[{"taxonomy":"product_brand","embeddable":true,"href":"https:\/\/www.brikaelektrik.al\/al\/wp-json\/wp\/v2\/product_brand?post=5091"},{"taxonomy":"product_cat","embeddable":true,"href":"https:\/\/www.brikaelektrik.al\/al\/wp-json\/wp\/v2\/product_cat?post=5091"},{"taxonomy":"product_tag","embeddable":true,"href":"https:\/\/www.brikaelektrik.al\/al\/wp-json\/wp\/v2\/product_tag?post=5091"}],"curies":[{"name":"wp","href":"https:\/\/api.w.org\/{rel}","templated":true}]}}