{"id":5093,"date":"2025-11-11T15:25:38","date_gmt":"2025-11-11T15:25:38","guid":{"rendered":"https:\/\/www.brikaelektrik.al\/?post_type=product&#038;p=5093"},"modified":"2025-11-16T04:33:49","modified_gmt":"2025-11-16T04:33:49","slug":"inverter-100kw-on-grid-solar-3-fazor-10yrs-warranty-ip66","status":"publish","type":"product","link":"https:\/\/www.brikaelektrik.al\/al\/produkt\/inverter-100kw-on-grid-solar-3-fazor-10yrs-warranty-ip66\/","title":{"rendered":"INVERTER 100kW On Grid Solar 3 FAZOR 10yrs Warranty IP66"},"content":{"rendered":"<p><strong>Seria:<\/strong> VITAC<br \/>\n<strong>Modeli:<\/strong> Inverter 100KW On Grid Solar<\/p>\n<p><strong>P\u00ebrshkrimi:<\/strong><br \/>\nInverteri VITAC 100KW On Grid \u00ebsht\u00eb nj\u00eb zgjidhje e fuqishme trefazore p\u00ebr sisteme solare t\u00eb m\u00ebdha industriale apo komerciale. Me efikasitet t\u00eb lart\u00eb, mbrojtje t\u00eb avancuar dhe struktur\u00eb t\u00eb q\u00ebndrueshme IP66, ky inverter garanton performanc\u00eb t\u00eb besueshme dhe jet\u00ebgjat\u00ebsi maksimale, i shoq\u00ebruar me garanci 10-vje\u00e7are.<\/p>\n<p><strong>Specifikime teknike kryesore:<\/strong><br \/>\n&#8211; Fuqia nominale: 100KW<br \/>\n&#8211; Lloji: On Grid (i lidhur me rrjetin elektrik)<br \/>\n&#8211; Fazat: 3-Fazore<br \/>\n&#8211; Mbrojtja: IP66 p\u00ebr p\u00ebrdorim n\u00eb ambient t\u00eb jasht\u00ebm<br \/>\n&#8211; Efikasitet maksimal: deri n\u00eb 98.6%<br \/>\n&#8211; Garanci: 10 vite<br \/>\n&#8211; Komunikim: RS485, WiFi, Ethernet<br \/>\n&#8211; Montimi: Mural ose n\u00eb struktur\u00eb t\u00eb jashtme<br \/>\n&#8211; Ekran: LCD \/ LED p\u00ebr monitorim<\/p>","protected":false},"excerpt":{"rendered":"<p>Seria: VITAC Modeli: Inverter 100KW On Grid Solar P\u00ebrshkrimi: Inverteri VITAC 100KW On Grid \u00ebsht\u00eb nj\u00eb zgjidhje e fuqishme trefazore p\u00ebr sisteme solare t\u00eb m\u00ebdha industriale apo komerciale. Me efikasitet t\u00eb lart\u00eb, mbrojtje t\u00eb avancuar dhe struktur\u00eb t\u00eb q\u00ebndrueshme IP66, ky inverter garanton performanc\u00eb t\u00eb besueshme dhe jet\u00ebgjat\u00ebsi maksimale, i shoq\u00ebruar me garanci 10-vje\u00e7are. Specifikime [&hellip;]<\/p>","protected":false},"featured_media":5094,"comment_status":"open","ping_status":"closed","template":"","meta":{"_acf_changed":false},"product_brand":[],"product_cat":[114,53],"product_tag":[],"class_list":{"0":"post-5093","1":"product","2":"type-product","3":"status-publish","4":"has-post-thumbnail","6":"product_cat-inverter-on-off-grid","7":"product_cat-panele-fotovoltaike","9":"first","10":"instock","11":"shipping-taxable","12":"product-type-simple"},"acf":[],"_links":{"self":[{"href":"https:\/\/www.brikaelektrik.al\/al\/wp-json\/wp\/v2\/product\/5093","targetHints":{"allow":["GET"]}}],"collection":[{"href":"https:\/\/www.brikaelektrik.al\/al\/wp-json\/wp\/v2\/product"}],"about":[{"href":"https:\/\/www.brikaelektrik.al\/al\/wp-json\/wp\/v2\/types\/product"}],"replies":[{"embeddable":true,"href":"https:\/\/www.brikaelektrik.al\/al\/wp-json\/wp\/v2\/comments?post=5093"}],"wp:featuredmedia":[{"embeddable":true,"href":"https:\/\/www.brikaelektrik.al\/al\/wp-json\/wp\/v2\/media\/5094"}],"wp:attachment":[{"href":"https:\/\/www.brikaelektrik.al\/al\/wp-json\/wp\/v2\/media?parent=5093"}],"wp:term":[{"taxonomy":"product_brand","embeddable":true,"href":"https:\/\/www.brikaelektrik.al\/al\/wp-json\/wp\/v2\/product_brand?post=5093"},{"taxonomy":"product_cat","embeddable":true,"href":"https:\/\/www.brikaelektrik.al\/al\/wp-json\/wp\/v2\/product_cat?post=5093"},{"taxonomy":"product_tag","embeddable":true,"href":"https:\/\/www.brikaelektrik.al\/al\/wp-json\/wp\/v2\/product_tag?post=5093"}],"curies":[{"name":"wp","href":"https:\/\/api.w.org\/{rel}","templated":true}]}}