{"id":5097,"date":"2025-11-21T12:43:06","date_gmt":"2025-11-21T12:43:06","guid":{"rendered":"https:\/\/www.brikaelektrik.al\/?post_type=product&#038;p=5097"},"modified":"2025-11-21T12:44:07","modified_gmt":"2025-11-21T12:44:07","slug":"sigurese-per-morseteri-shtylle-8-5x31-5-8a","status":"publish","type":"product","link":"https:\/\/www.brikaelektrik.al\/al\/produkt\/sigurese-per-morseteri-shtylle-8-5x31-5-8a\/","title":{"rendered":"SIGURES\u00cb P\u00cbR MORSETERI SHTYLL\u00cb 8.5X31.5 8A"},"content":{"rendered":"<p><strong>Seria:<\/strong> LDT<br \/>\n<strong>Modeli<\/strong>: LDTSIG<br \/>\n<strong>P\u00ebrshkrimi: <\/strong>Sigures\u00eb qelqi p\u00ebr p\u00ebrdorim n\u00eb morset\u00eb p\u00ebr shtylla, me dimensione 8.5&#215;31.5 mm dhe kapacitet 8 Amper, e dizajnuar p\u00ebr mbrojtje elektrike t\u00eb instalimeve n\u00eb sistemet tok\u00ebzimi dhe rrjeteve t\u00eb tjera.<\/p>\n<p><strong>Specifikime teknike kryesore:<\/strong><br \/>\n&#8211; Dimensionet: 8.5 mm (diametri) x 31.5 mm (gjat\u00ebsia)<br \/>\n&#8211; Kapaciteti i mbrojtjes: 8 Amper<br \/>\n&#8211; Tipi: Sigures\u00eb qelqi p\u00ebr morset\u00eb shtylle<br \/>\n&#8211; Material: Qelq rezistent dhe kontaktet metalike t\u00eb kualitetit t\u00eb lart\u00eb<br \/>\n&#8211; Tensioni nominal: Standard p\u00ebr p\u00ebrdorim n\u00eb instalime tok\u00ebzimi dhe elektrike<br \/>\n&#8211; Siguron mbrojtje t\u00eb besueshme kund\u00ebr mbingarkesave dhe shkurt-cirkuiteve<br \/>\n&#8211; Leht\u00ebsi n\u00eb instalim dhe z\u00ebvend\u00ebsim n\u00eb fush\u00eb<br \/>\n&#8211; Rezistente ndaj temperaturave dhe ndikimeve atmosferike<\/p>","protected":false},"excerpt":{"rendered":"<p>Seria: LDT Modeli: LDTSIG P\u00ebrshkrimi: Sigures\u00eb qelqi p\u00ebr p\u00ebrdorim n\u00eb morset\u00eb p\u00ebr shtylla, me dimensione 8.5&#215;31.5 mm dhe kapacitet 8 Amper, e dizajnuar p\u00ebr mbrojtje elektrike t\u00eb instalimeve n\u00eb sistemet tok\u00ebzimi dhe rrjeteve t\u00eb tjera. Specifikime teknike kryesore: &#8211; Dimensionet: 8.5 mm (diametri) x 31.5 mm (gjat\u00ebsia) &#8211; Kapaciteti i mbrojtjes: 8 Amper &#8211; Tipi: [&hellip;]<\/p>","protected":false},"featured_media":5098,"comment_status":"open","ping_status":"closed","template":"","meta":{"_acf_changed":false},"product_brand":[],"product_cat":[116,54],"product_tag":[],"class_list":{"0":"post-5097","1":"product","2":"type-product","3":"status-publish","4":"has-post-thumbnail","6":"product_cat-aksesore-rrufeprites","7":"product_cat-sisteme-rrufeprites-nga-shkarkimet-atmosferike","9":"first","10":"instock","11":"shipping-taxable","12":"product-type-simple"},"acf":[],"_links":{"self":[{"href":"https:\/\/www.brikaelektrik.al\/al\/wp-json\/wp\/v2\/product\/5097","targetHints":{"allow":["GET"]}}],"collection":[{"href":"https:\/\/www.brikaelektrik.al\/al\/wp-json\/wp\/v2\/product"}],"about":[{"href":"https:\/\/www.brikaelektrik.al\/al\/wp-json\/wp\/v2\/types\/product"}],"replies":[{"embeddable":true,"href":"https:\/\/www.brikaelektrik.al\/al\/wp-json\/wp\/v2\/comments?post=5097"}],"wp:featuredmedia":[{"embeddable":true,"href":"https:\/\/www.brikaelektrik.al\/al\/wp-json\/wp\/v2\/media\/5098"}],"wp:attachment":[{"href":"https:\/\/www.brikaelektrik.al\/al\/wp-json\/wp\/v2\/media?parent=5097"}],"wp:term":[{"taxonomy":"product_brand","embeddable":true,"href":"https:\/\/www.brikaelektrik.al\/al\/wp-json\/wp\/v2\/product_brand?post=5097"},{"taxonomy":"product_cat","embeddable":true,"href":"https:\/\/www.brikaelektrik.al\/al\/wp-json\/wp\/v2\/product_cat?post=5097"},{"taxonomy":"product_tag","embeddable":true,"href":"https:\/\/www.brikaelektrik.al\/al\/wp-json\/wp\/v2\/product_tag?post=5097"}],"curies":[{"name":"wp","href":"https:\/\/api.w.org\/{rel}","templated":true}]}}