{"id":5099,"date":"2025-11-21T13:07:10","date_gmt":"2025-11-21T13:07:10","guid":{"rendered":"https:\/\/www.brikaelektrik.al\/?post_type=product&#038;p=5099"},"modified":"2025-11-21T13:07:11","modified_gmt":"2025-11-21T13:07:11","slug":"morsete-per-elektrode-bakri-tokezimi-mu-16","status":"publish","type":"product","link":"https:\/\/www.brikaelektrik.al\/al\/produkt\/morsete-per-elektrode-bakri-tokezimi-mu-16\/","title":{"rendered":"MORSET\u00cb P\u00cbR ELEKTROD\u00cb BAKRI TOK\u00cbZIMI MU-16"},"content":{"rendered":"<p><strong>Seria:<\/strong> LDT<br \/>\n<strong>Modeli:<\/strong> LDTS116<br \/>\n<strong>P\u00ebrshkrimi: <\/strong>Morset\u00eb p\u00ebr elektroda bakri tok\u00ebzimi MU-16, p\u00ebrdoret p\u00ebr lidhjen e elektrodes s\u00eb tok\u00ebzimit n\u00eb instalime elektrike, duke siguruar kontakt t\u00eb fort\u00eb dhe t\u00eb q\u00ebndruesh\u00ebm elektrik.<\/p>\n<p><strong>Specifikime teknike kryesore:<\/strong><br \/>\n&#8211; Materiali: Bak\u00ebr me cil\u00ebsi t\u00eb lart\u00eb<br \/>\n&#8211; P\u00ebrshtatet p\u00ebr elektroda bakri tok\u00ebzimi MU-16<br \/>\n&#8211; Kapacitet lidhjeje dhe p\u00ebr\u00e7ueshm\u00ebri optimale<br \/>\n&#8211; Dizajn i p\u00ebrshtatsh\u00ebm p\u00ebr instalime tok\u00ebzimi<br \/>\n&#8211; Rezistenc\u00eb ndaj korrozionit dhe oksidimit<br \/>\n&#8211; Siguron lidhje t\u00eb q\u00ebndrueshme dhe t\u00eb sigurt\u00eb elektrike<br \/>\n&#8211; Montim i thjesht\u00eb dhe i shpejt\u00eb<br \/>\n&#8211; P\u00ebrdorim profesional p\u00ebr sisteme tok\u00ebzimi<br \/>\n&#8211; Material bakri p\u00ebr p\u00ebr\u00e7ueshm\u00ebri t\u00eb lart\u00eb<br \/>\n&#8211; I p\u00ebrshtatsh\u00ebm p\u00ebr ambiente industriale dhe rezidenciale<\/p>","protected":false},"excerpt":{"rendered":"<p>Seria: LDT Modeli: LDTS116 P\u00ebrshkrimi: Morset\u00eb p\u00ebr elektroda bakri tok\u00ebzimi MU-16, p\u00ebrdoret p\u00ebr lidhjen e elektrodes s\u00eb tok\u00ebzimit n\u00eb instalime elektrike, duke siguruar kontakt t\u00eb fort\u00eb dhe t\u00eb q\u00ebndruesh\u00ebm elektrik. Specifikime teknike kryesore: &#8211; Materiali: Bak\u00ebr me cil\u00ebsi t\u00eb lart\u00eb &#8211; P\u00ebrshtatet p\u00ebr elektroda bakri tok\u00ebzimi MU-16 &#8211; Kapacitet lidhjeje dhe p\u00ebr\u00e7ueshm\u00ebri optimale &#8211; Dizajn [&hellip;]<\/p>","protected":false},"featured_media":5100,"comment_status":"open","ping_status":"closed","template":"","meta":{"_acf_changed":false},"product_brand":[],"product_cat":[116,54],"product_tag":[],"class_list":{"0":"post-5099","1":"product","2":"type-product","3":"status-publish","4":"has-post-thumbnail","6":"product_cat-aksesore-rrufeprites","7":"product_cat-sisteme-rrufeprites-nga-shkarkimet-atmosferike","9":"first","10":"instock","11":"shipping-taxable","12":"product-type-simple"},"acf":[],"_links":{"self":[{"href":"https:\/\/www.brikaelektrik.al\/al\/wp-json\/wp\/v2\/product\/5099","targetHints":{"allow":["GET"]}}],"collection":[{"href":"https:\/\/www.brikaelektrik.al\/al\/wp-json\/wp\/v2\/product"}],"about":[{"href":"https:\/\/www.brikaelektrik.al\/al\/wp-json\/wp\/v2\/types\/product"}],"replies":[{"embeddable":true,"href":"https:\/\/www.brikaelektrik.al\/al\/wp-json\/wp\/v2\/comments?post=5099"}],"wp:featuredmedia":[{"embeddable":true,"href":"https:\/\/www.brikaelektrik.al\/al\/wp-json\/wp\/v2\/media\/5100"}],"wp:attachment":[{"href":"https:\/\/www.brikaelektrik.al\/al\/wp-json\/wp\/v2\/media?parent=5099"}],"wp:term":[{"taxonomy":"product_brand","embeddable":true,"href":"https:\/\/www.brikaelektrik.al\/al\/wp-json\/wp\/v2\/product_brand?post=5099"},{"taxonomy":"product_cat","embeddable":true,"href":"https:\/\/www.brikaelektrik.al\/al\/wp-json\/wp\/v2\/product_cat?post=5099"},{"taxonomy":"product_tag","embeddable":true,"href":"https:\/\/www.brikaelektrik.al\/al\/wp-json\/wp\/v2\/product_tag?post=5099"}],"curies":[{"name":"wp","href":"https:\/\/api.w.org\/{rel}","templated":true}]}}