{"id":5101,"date":"2025-11-21T13:16:34","date_gmt":"2025-11-21T13:16:34","guid":{"rendered":"https:\/\/www.brikaelektrik.al\/?post_type=product&#038;p=5101"},"modified":"2025-11-21T13:32:54","modified_gmt":"2025-11-21T13:32:54","slug":"morsete-bakri-tip-c-50-50mm2","status":"publish","type":"product","link":"https:\/\/www.brikaelektrik.al\/al\/produkt\/morsete-bakri-tip-c-50-50mm2\/","title":{"rendered":"MORSET\u00cb BAKRI TIP &#8220;C&#8221; 50-50MM2"},"content":{"rendered":"<p><strong>Seria:<\/strong> LDT<br \/>\n<strong>Modeli:<\/strong> LDT820\/09<br \/>\n<strong>P\u00ebrshkrimi: <\/strong>Morset\u00eb profesionale prej bakri me form\u00eb \u201cC\u201d t\u00eb dizajnuara p\u00ebr lidhjen e p\u00ebr\u00e7uesve elektrik\u00eb me seksion 50 mm\u00b2. Ideale p\u00ebr sisteme tok\u00ebzimi dhe instalime elektrike q\u00eb k\u00ebrkojn\u00eb lidhje t\u00eb forta dhe t\u00eb q\u00ebndrueshme me p\u00ebr\u00e7ueshm\u00ebri t\u00eb lart\u00eb.<\/p>\n<p><strong>Specifikime teknike kryesore:<\/strong><br \/>\n&#8211; Materiali: Bak\u00ebr elektrolitik<br \/>\n&#8211; Seksioni i p\u00ebrshtatsh\u00ebm: 50 mm\u00b2 me 50 mm\u00b2<br \/>\n&#8211; Lloji i lidhjes: Tip \u201cC\u201d<br \/>\n&#8211; P\u00ebrmasat: 33 x 26<br \/>\n&#8211; Metoda e montimit: Me presim hidraulik<br \/>\n&#8211; P\u00ebrdorim: Sisteme tok\u00ebzimi dhe rrufeprer\u00ebs<br \/>\n&#8211; P\u00ebr\u00e7ueshm\u00ebri e shk\u00eblqyer elektrike<br \/>\n&#8211; Rezistenc\u00eb ndaj oksidimit dhe korrozionit<br \/>\n&#8211; I p\u00ebrshtatsh\u00ebm p\u00ebr ambiente t\u00eb jashtme dhe t\u00eb brendshme<br \/>\n&#8211; I certifikuar p\u00ebr aplikime elektrike industriale dhe civile<\/p>","protected":false},"excerpt":{"rendered":"<p>Seria: LDT Modeli: LDT820\/09 P\u00ebrshkrimi: Morset\u00eb profesionale prej bakri me form\u00eb \u201cC\u201d t\u00eb dizajnuara p\u00ebr lidhjen e p\u00ebr\u00e7uesve elektrik\u00eb me seksion 50 mm\u00b2. Ideale p\u00ebr sisteme tok\u00ebzimi dhe instalime elektrike q\u00eb k\u00ebrkojn\u00eb lidhje t\u00eb forta dhe t\u00eb q\u00ebndrueshme me p\u00ebr\u00e7ueshm\u00ebri t\u00eb lart\u00eb. Specifikime teknike kryesore: &#8211; Materiali: Bak\u00ebr elektrolitik &#8211; Seksioni i p\u00ebrshtatsh\u00ebm: 50 mm\u00b2 [&hellip;]<\/p>","protected":false},"featured_media":5104,"comment_status":"open","ping_status":"closed","template":"","meta":{"_acf_changed":false},"product_brand":[],"product_cat":[116,54],"product_tag":[],"class_list":{"0":"post-5101","1":"product","2":"type-product","3":"status-publish","4":"has-post-thumbnail","6":"product_cat-aksesore-rrufeprites","7":"product_cat-sisteme-rrufeprites-nga-shkarkimet-atmosferike","9":"first","10":"instock","11":"shipping-taxable","12":"product-type-simple"},"acf":[],"_links":{"self":[{"href":"https:\/\/www.brikaelektrik.al\/al\/wp-json\/wp\/v2\/product\/5101","targetHints":{"allow":["GET"]}}],"collection":[{"href":"https:\/\/www.brikaelektrik.al\/al\/wp-json\/wp\/v2\/product"}],"about":[{"href":"https:\/\/www.brikaelektrik.al\/al\/wp-json\/wp\/v2\/types\/product"}],"replies":[{"embeddable":true,"href":"https:\/\/www.brikaelektrik.al\/al\/wp-json\/wp\/v2\/comments?post=5101"}],"wp:featuredmedia":[{"embeddable":true,"href":"https:\/\/www.brikaelektrik.al\/al\/wp-json\/wp\/v2\/media\/5104"}],"wp:attachment":[{"href":"https:\/\/www.brikaelektrik.al\/al\/wp-json\/wp\/v2\/media?parent=5101"}],"wp:term":[{"taxonomy":"product_brand","embeddable":true,"href":"https:\/\/www.brikaelektrik.al\/al\/wp-json\/wp\/v2\/product_brand?post=5101"},{"taxonomy":"product_cat","embeddable":true,"href":"https:\/\/www.brikaelektrik.al\/al\/wp-json\/wp\/v2\/product_cat?post=5101"},{"taxonomy":"product_tag","embeddable":true,"href":"https:\/\/www.brikaelektrik.al\/al\/wp-json\/wp\/v2\/product_tag?post=5101"}],"curies":[{"name":"wp","href":"https:\/\/api.w.org\/{rel}","templated":true}]}}