{"id":5105,"date":"2025-11-21T13:33:14","date_gmt":"2025-11-21T13:33:14","guid":{"rendered":"https:\/\/www.brikaelektrik.al\/?post_type=product&#038;p=5105"},"modified":"2026-02-24T13:01:51","modified_gmt":"2026-02-24T13:01:51","slug":"morsete-bakri-tip-c-35-35mm2","status":"publish","type":"product","link":"https:\/\/www.brikaelektrik.al\/al\/produkt\/morsete-bakri-tip-c-35-35mm2\/","title":{"rendered":"MORSET\u00cb BAKRI TIP &#8220;C&#8221; 35-35MM2"},"content":{"rendered":"<p><strong>Seria:<\/strong> LDT<br \/>\n<strong>Modeli:<\/strong> LDT820\/07<br \/>\n<strong>P\u00ebrshkrimi: <\/strong>Morset\u00eb bakri n\u00eb form\u00eb \u201cC\u201d, t\u00eb dizajnuara p\u00ebr lidhjen e p\u00ebr\u00e7uesve elektrik\u00eb me seksion 35 mm\u00b2. P\u00ebrdoren n\u00eb tok\u00ebzim dhe instalime elektrike q\u00eb k\u00ebrkojn\u00eb p\u00ebr\u00e7ueshm\u00ebri t\u00eb lart\u00eb dhe lidhje t\u00eb q\u00ebndrueshme.<\/p>\n<p><strong>Specifikime teknike kryesore:<\/strong><br \/>\n&#8211; Materiali: Bak\u00ebr elektrolitik me past\u00ebrti t\u00eb lart\u00eb<br \/>\n&#8211; Seksioni i p\u00ebrshtatsh\u00ebm: 35 mm\u00b2 + 35 mm\u00b2<br \/>\n&#8211; Lloji: Morset\u00eb lidh\u00ebse tip \u201cC\u201d<br \/>\n&#8211; P\u00ebrmasat: 26,5 x 22<br \/>\n&#8211; Montimi: Me presim hidraulik<br \/>\n&#8211; P\u00ebrdorimi: Sisteme tok\u00ebzimi, lidhje rrufeprer\u00ebse, instalime elektrike<br \/>\n&#8211; P\u00ebr\u00e7ueshm\u00ebri maksimale<br \/>\n&#8211; Rezistenc\u00eb e lart\u00eb ndaj oksidimit<br \/>\n&#8211; I p\u00ebrshtatsh\u00ebm p\u00ebr instalime t\u00eb brendshme dhe t\u00eb jashtme<br \/>\n&#8211; I certifikuar p\u00ebr p\u00ebrdorim profesional dhe industrial<\/p>\n<p>&nbsp;<\/p>","protected":false},"excerpt":{"rendered":"<p>Seria: LDT Modeli: LDT820\/07 P\u00ebrshkrimi: Morset\u00eb bakri n\u00eb form\u00eb \u201cC\u201d, t\u00eb dizajnuara p\u00ebr lidhjen e p\u00ebr\u00e7uesve elektrik\u00eb me seksion 35 mm\u00b2. P\u00ebrdoren n\u00eb tok\u00ebzim dhe instalime elektrike q\u00eb k\u00ebrkojn\u00eb p\u00ebr\u00e7ueshm\u00ebri t\u00eb lart\u00eb dhe lidhje t\u00eb q\u00ebndrueshme. Specifikime teknike kryesore: &#8211; Materiali: Bak\u00ebr elektrolitik me past\u00ebrti t\u00eb lart\u00eb &#8211; Seksioni i p\u00ebrshtatsh\u00ebm: 35 mm\u00b2 + 35 [&hellip;]<\/p>","protected":false},"featured_media":5104,"comment_status":"open","ping_status":"closed","template":"","meta":{"_acf_changed":false},"product_brand":[],"product_cat":[116,54],"product_tag":[],"class_list":{"0":"post-5105","1":"product","2":"type-product","3":"status-publish","4":"has-post-thumbnail","6":"product_cat-aksesore-rrufeprites","7":"product_cat-sisteme-rrufeprites-nga-shkarkimet-atmosferike","9":"first","10":"instock","11":"shipping-taxable","12":"product-type-simple"},"acf":[],"_links":{"self":[{"href":"https:\/\/www.brikaelektrik.al\/al\/wp-json\/wp\/v2\/product\/5105","targetHints":{"allow":["GET"]}}],"collection":[{"href":"https:\/\/www.brikaelektrik.al\/al\/wp-json\/wp\/v2\/product"}],"about":[{"href":"https:\/\/www.brikaelektrik.al\/al\/wp-json\/wp\/v2\/types\/product"}],"replies":[{"embeddable":true,"href":"https:\/\/www.brikaelektrik.al\/al\/wp-json\/wp\/v2\/comments?post=5105"}],"wp:featuredmedia":[{"embeddable":true,"href":"https:\/\/www.brikaelektrik.al\/al\/wp-json\/wp\/v2\/media\/5104"}],"wp:attachment":[{"href":"https:\/\/www.brikaelektrik.al\/al\/wp-json\/wp\/v2\/media?parent=5105"}],"wp:term":[{"taxonomy":"product_brand","embeddable":true,"href":"https:\/\/www.brikaelektrik.al\/al\/wp-json\/wp\/v2\/product_brand?post=5105"},{"taxonomy":"product_cat","embeddable":true,"href":"https:\/\/www.brikaelektrik.al\/al\/wp-json\/wp\/v2\/product_cat?post=5105"},{"taxonomy":"product_tag","embeddable":true,"href":"https:\/\/www.brikaelektrik.al\/al\/wp-json\/wp\/v2\/product_tag?post=5105"}],"curies":[{"name":"wp","href":"https:\/\/api.w.org\/{rel}","templated":true}]}}