{"id":5106,"date":"2025-11-21T13:36:10","date_gmt":"2025-11-21T13:36:10","guid":{"rendered":"https:\/\/www.brikaelektrik.al\/?post_type=product&#038;p=5106"},"modified":"2025-11-21T13:36:10","modified_gmt":"2025-11-21T13:36:10","slug":"morsete-bakri-tip-c-25-25mm2","status":"publish","type":"product","link":"https:\/\/www.brikaelektrik.al\/al\/produkt\/morsete-bakri-tip-c-25-25mm2\/","title":{"rendered":"MORSET\u00cb BAKRI TIP &#8220;C&#8221; 25-25MM2"},"content":{"rendered":"<p><strong>Seria:<\/strong> LDT<br \/>\n<strong>Modeli:<\/strong> LDT820\/05<br \/>\n<strong>P\u00ebrshkrimi: <\/strong>Morset\u00eb bakri tip \u201cC\u201d t\u00eb dizajnuara p\u00ebr lidhjen e p\u00ebr\u00e7uesve elektrik\u00eb me seksion 25 mm\u00b2. Ideale p\u00ebr p\u00ebrdorim n\u00eb sisteme tok\u00ebzimi dhe instalime ku k\u00ebrkohet lidhje e fort\u00eb dhe e q\u00ebndrueshme.<\/p>\n<p><strong>Specifikime teknike kryesore:<\/strong><br \/>\n&#8211; Materiali: Bak\u00ebr elektrolitik me past\u00ebrti t\u00eb lart\u00eb<br \/>\n&#8211; Seksioni i p\u00ebrshtatsh\u00ebm: 25 mm\u00b2 + 25 mm\u00b2<br \/>\n&#8211; Lloji: Morset\u00eb lidh\u00ebse tip \u201cC\u201d<br \/>\n&#8211; P\u00ebrmasat: 21 x 18<br \/>\n&#8211; Montimi: Me presim hidraulik<br \/>\n&#8211; P\u00ebrdorimi: Lidhje tok\u00ebzimi, rrufeprer\u00ebse dhe instalime elektrike<br \/>\n&#8211; P\u00ebr\u00e7ueshm\u00ebri e lart\u00eb elektrike<br \/>\n&#8211; Rezistenc\u00eb ndaj korrozionit dhe oksidimit<br \/>\n&#8211; I p\u00ebrshtatsh\u00ebm p\u00ebr p\u00ebrdorim n\u00eb ambiente t\u00eb brendshme dhe t\u00eb jashtme<br \/>\n&#8211; Cil\u00ebsi profesionale dhe standarde industriale<\/p>","protected":false},"excerpt":{"rendered":"<p>Seria: LDT Modeli: LDT820\/05 P\u00ebrshkrimi: Morset\u00eb bakri tip \u201cC\u201d t\u00eb dizajnuara p\u00ebr lidhjen e p\u00ebr\u00e7uesve elektrik\u00eb me seksion 25 mm\u00b2. Ideale p\u00ebr p\u00ebrdorim n\u00eb sisteme tok\u00ebzimi dhe instalime ku k\u00ebrkohet lidhje e fort\u00eb dhe e q\u00ebndrueshme. Specifikime teknike kryesore: &#8211; Materiali: Bak\u00ebr elektrolitik me past\u00ebrti t\u00eb lart\u00eb &#8211; Seksioni i p\u00ebrshtatsh\u00ebm: 25 mm\u00b2 + 25 [&hellip;]<\/p>","protected":false},"featured_media":5104,"comment_status":"open","ping_status":"closed","template":"","meta":{"_acf_changed":false},"product_brand":[],"product_cat":[116,54],"product_tag":[],"class_list":{"0":"post-5106","1":"product","2":"type-product","3":"status-publish","4":"has-post-thumbnail","6":"product_cat-aksesore-rrufeprites","7":"product_cat-sisteme-rrufeprites-nga-shkarkimet-atmosferike","9":"first","10":"instock","11":"shipping-taxable","12":"product-type-simple"},"acf":[],"_links":{"self":[{"href":"https:\/\/www.brikaelektrik.al\/al\/wp-json\/wp\/v2\/product\/5106","targetHints":{"allow":["GET"]}}],"collection":[{"href":"https:\/\/www.brikaelektrik.al\/al\/wp-json\/wp\/v2\/product"}],"about":[{"href":"https:\/\/www.brikaelektrik.al\/al\/wp-json\/wp\/v2\/types\/product"}],"replies":[{"embeddable":true,"href":"https:\/\/www.brikaelektrik.al\/al\/wp-json\/wp\/v2\/comments?post=5106"}],"wp:featuredmedia":[{"embeddable":true,"href":"https:\/\/www.brikaelektrik.al\/al\/wp-json\/wp\/v2\/media\/5104"}],"wp:attachment":[{"href":"https:\/\/www.brikaelektrik.al\/al\/wp-json\/wp\/v2\/media?parent=5106"}],"wp:term":[{"taxonomy":"product_brand","embeddable":true,"href":"https:\/\/www.brikaelektrik.al\/al\/wp-json\/wp\/v2\/product_brand?post=5106"},{"taxonomy":"product_cat","embeddable":true,"href":"https:\/\/www.brikaelektrik.al\/al\/wp-json\/wp\/v2\/product_cat?post=5106"},{"taxonomy":"product_tag","embeddable":true,"href":"https:\/\/www.brikaelektrik.al\/al\/wp-json\/wp\/v2\/product_tag?post=5106"}],"curies":[{"name":"wp","href":"https:\/\/api.w.org\/{rel}","templated":true}]}}