{"id":5108,"date":"2025-11-21T13:45:05","date_gmt":"2025-11-21T13:45:05","guid":{"rendered":"https:\/\/www.brikaelektrik.al\/?post_type=product&#038;p=5108"},"modified":"2025-11-21T14:03:56","modified_gmt":"2025-11-21T14:03:56","slug":"pllake-lame-rame-bakri-morseteri-paneli-4x25mm2-190a","status":"publish","type":"product","link":"https:\/\/www.brikaelektrik.al\/al\/produkt\/pllake-lame-rame-bakri-morseteri-paneli-4x25mm2-190a\/","title":{"rendered":"PLLAK\u00cb LAME (RAME) BAKRI MORSETERI PANELI 4X25MM2  190A"},"content":{"rendered":"<p><strong>Seria:<\/strong> LDT<br \/>\n<strong>Modeli:<\/strong> LDT530425X4<br \/>\n<strong>P\u00ebrshkrimi: <\/strong>Pllak\u00eb lidh\u00ebse (lam\u00eb) prej bakri e past\u00ebr, e dizajnuar p\u00ebr montim n\u00eb panele elektrike dhe sisteme tok\u00ebzimi, me 4 dalje p\u00ebr p\u00ebr\u00e7ues 25 mm\u00b2 dhe kapacitet 190A. Ofron lidhje t\u00eb q\u00ebndrueshme elektrike me rezistenc\u00eb t\u00eb ul\u00ebt.<\/p>\n<p><strong>Specifikime teknike kryesore:<\/strong><br \/>\n&#8211; Materiali: Bak\u00ebr elektrolitik i past\u00ebr<br \/>\n&#8211; Seksioni i p\u00ebr\u00e7uesve: 4&#215;25 mm\u00b2<br \/>\n&#8211; Kapaciteti i rrym\u00ebs: 190 A<br \/>\n&#8211; Vrima p\u00ebr fiksim: Po<br \/>\n&#8211; Dimensionet: Sipas standardit t\u00eb montimit n\u00eb panele<br \/>\n&#8211; P\u00ebr\u00e7ueshm\u00ebri e lart\u00eb elektrike<br \/>\n&#8211; Montim i leht\u00eb n\u00eb panele shp\u00ebrndarjeje<br \/>\n&#8211; Rezistenc\u00eb ndaj korrozionit<br \/>\n&#8211; E p\u00ebrshtatshme p\u00ebr aplikime industriale dhe sisteme fotovoltaike<br \/>\n&#8211; Lidhje e sigurt dhe afatgjat\u00eb n\u00eb qark<\/p>\n<p>&nbsp;<\/p>","protected":false},"excerpt":{"rendered":"<p>Seria: LDT Modeli: LDT530425X4 P\u00ebrshkrimi: Pllak\u00eb lidh\u00ebse (lam\u00eb) prej bakri e past\u00ebr, e dizajnuar p\u00ebr montim n\u00eb panele elektrike dhe sisteme tok\u00ebzimi, me 4 dalje p\u00ebr p\u00ebr\u00e7ues 25 mm\u00b2 dhe kapacitet 190A. Ofron lidhje t\u00eb q\u00ebndrueshme elektrike me rezistenc\u00eb t\u00eb ul\u00ebt. Specifikime teknike kryesore: &#8211; Materiali: Bak\u00ebr elektrolitik i past\u00ebr &#8211; Seksioni i p\u00ebr\u00e7uesve: 4&#215;25 [&hellip;]<\/p>","protected":false},"featured_media":5112,"comment_status":"open","ping_status":"closed","template":"","meta":{"_acf_changed":false},"product_brand":[],"product_cat":[116,54],"product_tag":[],"class_list":{"0":"post-5108","1":"product","2":"type-product","3":"status-publish","4":"has-post-thumbnail","6":"product_cat-aksesore-rrufeprites","7":"product_cat-sisteme-rrufeprites-nga-shkarkimet-atmosferike","9":"first","10":"instock","11":"shipping-taxable","12":"product-type-simple"},"acf":[],"_links":{"self":[{"href":"https:\/\/www.brikaelektrik.al\/al\/wp-json\/wp\/v2\/product\/5108","targetHints":{"allow":["GET"]}}],"collection":[{"href":"https:\/\/www.brikaelektrik.al\/al\/wp-json\/wp\/v2\/product"}],"about":[{"href":"https:\/\/www.brikaelektrik.al\/al\/wp-json\/wp\/v2\/types\/product"}],"replies":[{"embeddable":true,"href":"https:\/\/www.brikaelektrik.al\/al\/wp-json\/wp\/v2\/comments?post=5108"}],"wp:featuredmedia":[{"embeddable":true,"href":"https:\/\/www.brikaelektrik.al\/al\/wp-json\/wp\/v2\/media\/5112"}],"wp:attachment":[{"href":"https:\/\/www.brikaelektrik.al\/al\/wp-json\/wp\/v2\/media?parent=5108"}],"wp:term":[{"taxonomy":"product_brand","embeddable":true,"href":"https:\/\/www.brikaelektrik.al\/al\/wp-json\/wp\/v2\/product_brand?post=5108"},{"taxonomy":"product_cat","embeddable":true,"href":"https:\/\/www.brikaelektrik.al\/al\/wp-json\/wp\/v2\/product_cat?post=5108"},{"taxonomy":"product_tag","embeddable":true,"href":"https:\/\/www.brikaelektrik.al\/al\/wp-json\/wp\/v2\/product_tag?post=5108"}],"curies":[{"name":"wp","href":"https:\/\/api.w.org\/{rel}","templated":true}]}}