{"id":5110,"date":"2025-11-21T13:47:39","date_gmt":"2025-11-21T13:47:39","guid":{"rendered":"https:\/\/www.brikaelektrik.al\/?post_type=product&#038;p=5110"},"modified":"2025-11-21T14:03:18","modified_gmt":"2025-11-21T14:03:18","slug":"pllake-lame-rame-bakri-morseteri-paneli-5x30mm2-400a","status":"publish","type":"product","link":"https:\/\/www.brikaelektrik.al\/al\/produkt\/pllake-lame-rame-bakri-morseteri-paneli-5x30mm2-400a\/","title":{"rendered":"PLLAK\u00cb LAME (RAME) BAKRI MORSETERI PANELI 5X30MM2  400A"},"content":{"rendered":"<p><strong>Seria<\/strong>: LDT<br \/>\n<strong>Modeli:<\/strong> LDT530530X5<br \/>\n<strong>P\u00ebrshkrimi: <\/strong>Pllak\u00eb lidh\u00ebse (ram\u00eb) profesionale prej bakri p\u00ebr aplikime elektrike n\u00eb panele, e pajisur me 5 dalje p\u00ebr p\u00ebr\u00e7ues 30 mm\u00b2. E nd\u00ebrtuar p\u00ebr kapacitet deri n\u00eb 400A, garanton p\u00ebr\u00e7ueshm\u00ebri t\u00eb lart\u00eb dhe lidhje t\u00eb q\u00ebndrueshme n\u00eb sistemet e tok\u00ebzimit dhe shp\u00ebrndarjes s\u00eb energjis\u00eb.<\/p>\n<p><strong>Specifikime teknike kryesore:<\/strong><br \/>\n&#8211; Materiali: Bak\u00ebr i past\u00ebr elektrolitik<br \/>\n&#8211; Kapaciteti i p\u00ebr\u00e7uesve: 5&#215;30 mm\u00b2<br \/>\n&#8211; Rryma maksimale: 400 A<br \/>\n&#8211; Montimi: I p\u00ebrshtatsh\u00ebm p\u00ebr panele elektrike<br \/>\n&#8211; Vrima p\u00ebr fiksim: Po<br \/>\n&#8211; P\u00ebr\u00e7ueshm\u00ebri optimale elektrike<br \/>\n&#8211; Nd\u00ebrtim kompakt dhe i q\u00ebndruesh\u00ebm<br \/>\n&#8211; Montim i thjesht\u00eb dhe i sigurt<br \/>\n&#8211; Ideale p\u00ebr sisteme tok\u00ebzimi dhe rrufeprer\u00ebs<br \/>\n&#8211; Rezistenc\u00eb ndaj korrozionit dhe faktor\u00ebve t\u00eb jasht\u00ebm<\/p>","protected":false},"excerpt":{"rendered":"<p>Seria: LDT Modeli: LDT530530X5 P\u00ebrshkrimi: Pllak\u00eb lidh\u00ebse (ram\u00eb) profesionale prej bakri p\u00ebr aplikime elektrike n\u00eb panele, e pajisur me 5 dalje p\u00ebr p\u00ebr\u00e7ues 30 mm\u00b2. E nd\u00ebrtuar p\u00ebr kapacitet deri n\u00eb 400A, garanton p\u00ebr\u00e7ueshm\u00ebri t\u00eb lart\u00eb dhe lidhje t\u00eb q\u00ebndrueshme n\u00eb sistemet e tok\u00ebzimit dhe shp\u00ebrndarjes s\u00eb energjis\u00eb. Specifikime teknike kryesore: &#8211; Materiali: Bak\u00ebr i [&hellip;]<\/p>","protected":false},"featured_media":5112,"comment_status":"open","ping_status":"closed","template":"","meta":{"_acf_changed":false},"product_brand":[],"product_cat":[116,54],"product_tag":[],"class_list":{"0":"post-5110","1":"product","2":"type-product","3":"status-publish","4":"has-post-thumbnail","6":"product_cat-aksesore-rrufeprites","7":"product_cat-sisteme-rrufeprites-nga-shkarkimet-atmosferike","9":"first","10":"instock","11":"shipping-taxable","12":"product-type-simple"},"acf":[],"_links":{"self":[{"href":"https:\/\/www.brikaelektrik.al\/al\/wp-json\/wp\/v2\/product\/5110","targetHints":{"allow":["GET"]}}],"collection":[{"href":"https:\/\/www.brikaelektrik.al\/al\/wp-json\/wp\/v2\/product"}],"about":[{"href":"https:\/\/www.brikaelektrik.al\/al\/wp-json\/wp\/v2\/types\/product"}],"replies":[{"embeddable":true,"href":"https:\/\/www.brikaelektrik.al\/al\/wp-json\/wp\/v2\/comments?post=5110"}],"wp:featuredmedia":[{"embeddable":true,"href":"https:\/\/www.brikaelektrik.al\/al\/wp-json\/wp\/v2\/media\/5112"}],"wp:attachment":[{"href":"https:\/\/www.brikaelektrik.al\/al\/wp-json\/wp\/v2\/media?parent=5110"}],"wp:term":[{"taxonomy":"product_brand","embeddable":true,"href":"https:\/\/www.brikaelektrik.al\/al\/wp-json\/wp\/v2\/product_brand?post=5110"},{"taxonomy":"product_cat","embeddable":true,"href":"https:\/\/www.brikaelektrik.al\/al\/wp-json\/wp\/v2\/product_cat?post=5110"},{"taxonomy":"product_tag","embeddable":true,"href":"https:\/\/www.brikaelektrik.al\/al\/wp-json\/wp\/v2\/product_tag?post=5110"}],"curies":[{"name":"wp","href":"https:\/\/api.w.org\/{rel}","templated":true}]}}