{"id":5114,"date":"2025-11-21T14:24:04","date_gmt":"2025-11-21T14:24:04","guid":{"rendered":"https:\/\/www.brikaelektrik.al\/?post_type=product&#038;p=5114"},"modified":"2025-11-21T14:24:04","modified_gmt":"2025-11-21T14:24:04","slug":"morsete-korkodil-2-vida-12-14-mm-mp5","status":"publish","type":"product","link":"https:\/\/www.brikaelektrik.al\/al\/produkt\/morsete-korkodil-2-vida-12-14-mm-mp5\/","title":{"rendered":"MORSET\u00cb KORKODIL 2 VIDA  12-14 MM MP5"},"content":{"rendered":"<p><strong>Seria:<\/strong> LDT<br \/>\n<strong>Modeli:<\/strong> LDT7700\/12-14<br \/>\n<strong>P\u00ebrshkrimi: <\/strong>Morset\u00eb tip \u201ckrokodil\u201d me dy vida, p\u00ebr lidhje t\u00eb sigurt dhe t\u00eb q\u00ebndrueshme t\u00eb telave me diamet\u00ebr 12-14 mm. E p\u00ebrdorshme p\u00ebr lidhje tok\u00ebzimi dhe instalime elektrike ku k\u00ebrkohet lidhje e fort\u00eb dhe e q\u00ebndrueshme.<\/p>\n<p><strong>Specifikime teknike kryesore:<\/strong><br \/>\n&#8211; P\u00ebr diametra tela: 12-14 mm<br \/>\n&#8211; Lidhje me 2 vida p\u00ebr kapje t\u00eb fort\u00eb<br \/>\n&#8211; Materiali: Metal rezistent dhe i galvanizuar p\u00ebr mbrojtje nga korrozioni<br \/>\n&#8211; Dizajn krokodil p\u00ebr lidhje t\u00eb shpejt\u00eb dhe t\u00eb sigurt<br \/>\n&#8211; Dimensionet e p\u00ebrgjithshme: MP5 standard<br \/>\n&#8211; Siguron lidhje t\u00eb q\u00ebndrueshme dhe t\u00eb sigurt n\u00eb instalimet elektrike<br \/>\n&#8211; I p\u00ebrshtatsh\u00ebm p\u00ebr p\u00ebrdorim n\u00eb sisteme tok\u00ebzimi dhe montime n\u00eb terren<br \/>\n&#8211; Material rezistent ndaj korrozionit dhe ndikimeve atmosferike<br \/>\n&#8211; Leht\u00eb p\u00ebr t\u2019u p\u00ebrdorur dhe montuar me vida t\u00eb rregullueshme<\/p>","protected":false},"excerpt":{"rendered":"<p>Seria: LDT Modeli: LDT7700\/12-14 P\u00ebrshkrimi: Morset\u00eb tip \u201ckrokodil\u201d me dy vida, p\u00ebr lidhje t\u00eb sigurt dhe t\u00eb q\u00ebndrueshme t\u00eb telave me diamet\u00ebr 12-14 mm. E p\u00ebrdorshme p\u00ebr lidhje tok\u00ebzimi dhe instalime elektrike ku k\u00ebrkohet lidhje e fort\u00eb dhe e q\u00ebndrueshme. Specifikime teknike kryesore: &#8211; P\u00ebr diametra tela: 12-14 mm &#8211; Lidhje me 2 vida p\u00ebr [&hellip;]<\/p>","protected":false},"featured_media":5115,"comment_status":"open","ping_status":"closed","template":"","meta":{"_acf_changed":false},"product_brand":[],"product_cat":[116,54],"product_tag":[],"class_list":{"0":"post-5114","1":"product","2":"type-product","3":"status-publish","4":"has-post-thumbnail","6":"product_cat-aksesore-rrufeprites","7":"product_cat-sisteme-rrufeprites-nga-shkarkimet-atmosferike","9":"first","10":"instock","11":"shipping-taxable","12":"product-type-simple"},"acf":[],"_links":{"self":[{"href":"https:\/\/www.brikaelektrik.al\/al\/wp-json\/wp\/v2\/product\/5114","targetHints":{"allow":["GET"]}}],"collection":[{"href":"https:\/\/www.brikaelektrik.al\/al\/wp-json\/wp\/v2\/product"}],"about":[{"href":"https:\/\/www.brikaelektrik.al\/al\/wp-json\/wp\/v2\/types\/product"}],"replies":[{"embeddable":true,"href":"https:\/\/www.brikaelektrik.al\/al\/wp-json\/wp\/v2\/comments?post=5114"}],"wp:featuredmedia":[{"embeddable":true,"href":"https:\/\/www.brikaelektrik.al\/al\/wp-json\/wp\/v2\/media\/5115"}],"wp:attachment":[{"href":"https:\/\/www.brikaelektrik.al\/al\/wp-json\/wp\/v2\/media?parent=5114"}],"wp:term":[{"taxonomy":"product_brand","embeddable":true,"href":"https:\/\/www.brikaelektrik.al\/al\/wp-json\/wp\/v2\/product_brand?post=5114"},{"taxonomy":"product_cat","embeddable":true,"href":"https:\/\/www.brikaelektrik.al\/al\/wp-json\/wp\/v2\/product_cat?post=5114"},{"taxonomy":"product_tag","embeddable":true,"href":"https:\/\/www.brikaelektrik.al\/al\/wp-json\/wp\/v2\/product_tag?post=5114"}],"curies":[{"name":"wp","href":"https:\/\/api.w.org\/{rel}","templated":true}]}}