{"id":5117,"date":"2025-11-22T10:48:58","date_gmt":"2025-11-22T10:48:58","guid":{"rendered":"https:\/\/www.brikaelektrik.al\/?post_type=product&#038;p=5117"},"modified":"2025-11-22T10:48:58","modified_gmt":"2025-11-22T10:48:58","slug":"tel-tokezimi-xingato-10mm","status":"publish","type":"product","link":"https:\/\/www.brikaelektrik.al\/al\/produkt\/tel-tokezimi-xingato-10mm\/","title":{"rendered":"TEL TOK\u00cbZIMI XINGATO 10MM"},"content":{"rendered":"<p><strong>Seria:<\/strong> LDT<br \/>\n<strong>Modeli:<\/strong> LDT5102<br \/>\n<strong>P\u00ebrshkrimi: <\/strong>Tel tok\u00ebzimi prej \u00e7eliku i galvanizuar (xingato) me diamet\u00ebr 10 mm, i p\u00ebrdorur p\u00ebr sistemet e tok\u00ebzimit n\u00eb instalime elektrike dhe rrufeprit\u00ebse.<\/p>\n<p><strong>Specifikime teknike kryesore:<\/strong><br \/>\n&#8211; Diamet\u00ebr: 10 mm<br \/>\n&#8211; Material: \u00c7elik i galvanizuar me zink (xingato)<br \/>\n&#8211; Rezistenc\u00eb e lart\u00eb ndaj korrozionit<br \/>\n&#8211; P\u00ebrdorim i jasht\u00ebm dhe i brendsh\u00ebm<br \/>\n&#8211; Gjat\u00ebsia n\u00eb bobin\u00eb: sipas k\u00ebrkes\u00ebs<br \/>\n&#8211; Jet\u00ebgjat\u00ebsi e lart\u00eb n\u00eb mjedise t\u00eb hapura<br \/>\n&#8211; I p\u00ebrshtatsh\u00ebm p\u00ebr sisteme tok\u00ebzimi industriale dhe rezidenciale<br \/>\n&#8211; Leht\u00ebsi n\u00eb montim dhe lidhje me morseta<\/p>","protected":false},"excerpt":{"rendered":"<p>Seria: LDT Modeli: LDT5102 P\u00ebrshkrimi: Tel tok\u00ebzimi prej \u00e7eliku i galvanizuar (xingato) me diamet\u00ebr 10 mm, i p\u00ebrdorur p\u00ebr sistemet e tok\u00ebzimit n\u00eb instalime elektrike dhe rrufeprit\u00ebse. Specifikime teknike kryesore: &#8211; Diamet\u00ebr: 10 mm &#8211; Material: \u00c7elik i galvanizuar me zink (xingato) &#8211; Rezistenc\u00eb e lart\u00eb ndaj korrozionit &#8211; P\u00ebrdorim i jasht\u00ebm dhe i brendsh\u00ebm [&hellip;]<\/p>","protected":false},"featured_media":5118,"comment_status":"open","ping_status":"closed","template":"","meta":{"_acf_changed":false},"product_brand":[],"product_cat":[119,54],"product_tag":[],"class_list":{"0":"post-5117","1":"product","2":"type-product","3":"status-publish","4":"has-post-thumbnail","6":"product_cat-tel-tokezimi","7":"product_cat-sisteme-rrufeprites-nga-shkarkimet-atmosferike","9":"first","10":"instock","11":"shipping-taxable","12":"product-type-simple"},"acf":[],"_links":{"self":[{"href":"https:\/\/www.brikaelektrik.al\/al\/wp-json\/wp\/v2\/product\/5117","targetHints":{"allow":["GET"]}}],"collection":[{"href":"https:\/\/www.brikaelektrik.al\/al\/wp-json\/wp\/v2\/product"}],"about":[{"href":"https:\/\/www.brikaelektrik.al\/al\/wp-json\/wp\/v2\/types\/product"}],"replies":[{"embeddable":true,"href":"https:\/\/www.brikaelektrik.al\/al\/wp-json\/wp\/v2\/comments?post=5117"}],"wp:featuredmedia":[{"embeddable":true,"href":"https:\/\/www.brikaelektrik.al\/al\/wp-json\/wp\/v2\/media\/5118"}],"wp:attachment":[{"href":"https:\/\/www.brikaelektrik.al\/al\/wp-json\/wp\/v2\/media?parent=5117"}],"wp:term":[{"taxonomy":"product_brand","embeddable":true,"href":"https:\/\/www.brikaelektrik.al\/al\/wp-json\/wp\/v2\/product_brand?post=5117"},{"taxonomy":"product_cat","embeddable":true,"href":"https:\/\/www.brikaelektrik.al\/al\/wp-json\/wp\/v2\/product_cat?post=5117"},{"taxonomy":"product_tag","embeddable":true,"href":"https:\/\/www.brikaelektrik.al\/al\/wp-json\/wp\/v2\/product_tag?post=5117"}],"curies":[{"name":"wp","href":"https:\/\/api.w.org\/{rel}","templated":true}]}}