{"id":5119,"date":"2025-11-22T10:50:45","date_gmt":"2025-11-22T10:50:45","guid":{"rendered":"https:\/\/www.brikaelektrik.al\/?post_type=product&#038;p=5119"},"modified":"2025-11-22T10:50:45","modified_gmt":"2025-11-22T10:50:45","slug":"tel-tokezimi-xingato-8mm","status":"publish","type":"product","link":"https:\/\/www.brikaelektrik.al\/al\/produkt\/tel-tokezimi-xingato-8mm\/","title":{"rendered":"TEL TOK\u00cbZIMI XINGATO 8MM"},"content":{"rendered":"<p><strong>Seria:<\/strong> LDT<br \/>\n<strong>Modeli:<\/strong> LDT5101<br \/>\n<strong>P\u00ebrshkrimi:<\/strong> Tel tok\u00ebzimi prej \u00e7eliku t\u00eb galvanizuar (xingato), me diamet\u00ebr 8 mm, i destinuar p\u00ebr p\u00ebrdorim n\u00eb sisteme tok\u00ebzimi elektrike dhe instalime rrufeprit\u00ebse.<\/p>\n<p><strong>Specifikime teknike kryesore:<\/strong><br \/>\n&#8211; Diamet\u00ebr: 8 mm<br \/>\n&#8211; Material: \u00c7elik i galvanizuar (xingato)<br \/>\n&#8211; Rezistenc\u00eb e mir\u00eb ndaj korrozionit<br \/>\n&#8211; P\u00ebrdorim: i jasht\u00ebm dhe i brendsh\u00ebm<br \/>\n&#8211; Form\u00eb: Rrethore<br \/>\n&#8211; Gjat\u00ebsi: n\u00eb bobin\u00eb ose prerje sipas nevoj\u00ebs<br \/>\n&#8211; Q\u00ebndrueshm\u00ebri ndaj kushteve atmosferike<br \/>\n&#8211; I p\u00ebrshtatsh\u00ebm p\u00ebr sisteme tok\u00ebzimi n\u00eb nd\u00ebrtesa, kabina elektrike apo instalime industriale<br \/>\n&#8211; I certifikuar p\u00ebr p\u00ebrdorim n\u00eb aplikime elektrike dhe rrufeprit\u00ebse<\/p>","protected":false},"excerpt":{"rendered":"<p>Seria: LDT Modeli: LDT5101 P\u00ebrshkrimi: Tel tok\u00ebzimi prej \u00e7eliku t\u00eb galvanizuar (xingato), me diamet\u00ebr 8 mm, i destinuar p\u00ebr p\u00ebrdorim n\u00eb sisteme tok\u00ebzimi elektrike dhe instalime rrufeprit\u00ebse. Specifikime teknike kryesore: &#8211; Diamet\u00ebr: 8 mm &#8211; Material: \u00c7elik i galvanizuar (xingato) &#8211; Rezistenc\u00eb e mir\u00eb ndaj korrozionit &#8211; P\u00ebrdorim: i jasht\u00ebm dhe i brendsh\u00ebm &#8211; Form\u00eb: [&hellip;]<\/p>","protected":false},"featured_media":5118,"comment_status":"open","ping_status":"closed","template":"","meta":{"_acf_changed":false},"product_brand":[],"product_cat":[119,54],"product_tag":[],"class_list":{"0":"post-5119","1":"product","2":"type-product","3":"status-publish","4":"has-post-thumbnail","6":"product_cat-tel-tokezimi","7":"product_cat-sisteme-rrufeprites-nga-shkarkimet-atmosferike","9":"first","10":"instock","11":"shipping-taxable","12":"product-type-simple"},"acf":[],"_links":{"self":[{"href":"https:\/\/www.brikaelektrik.al\/al\/wp-json\/wp\/v2\/product\/5119","targetHints":{"allow":["GET"]}}],"collection":[{"href":"https:\/\/www.brikaelektrik.al\/al\/wp-json\/wp\/v2\/product"}],"about":[{"href":"https:\/\/www.brikaelektrik.al\/al\/wp-json\/wp\/v2\/types\/product"}],"replies":[{"embeddable":true,"href":"https:\/\/www.brikaelektrik.al\/al\/wp-json\/wp\/v2\/comments?post=5119"}],"wp:featuredmedia":[{"embeddable":true,"href":"https:\/\/www.brikaelektrik.al\/al\/wp-json\/wp\/v2\/media\/5118"}],"wp:attachment":[{"href":"https:\/\/www.brikaelektrik.al\/al\/wp-json\/wp\/v2\/media?parent=5119"}],"wp:term":[{"taxonomy":"product_brand","embeddable":true,"href":"https:\/\/www.brikaelektrik.al\/al\/wp-json\/wp\/v2\/product_brand?post=5119"},{"taxonomy":"product_cat","embeddable":true,"href":"https:\/\/www.brikaelektrik.al\/al\/wp-json\/wp\/v2\/product_cat?post=5119"},{"taxonomy":"product_tag","embeddable":true,"href":"https:\/\/www.brikaelektrik.al\/al\/wp-json\/wp\/v2\/product_tag?post=5119"}],"curies":[{"name":"wp","href":"https:\/\/api.w.org\/{rel}","templated":true}]}}