{"id":5120,"date":"2025-11-22T11:07:56","date_gmt":"2025-11-22T11:07:56","guid":{"rendered":"https:\/\/www.brikaelektrik.al\/?post_type=product&#038;p=5120"},"modified":"2025-11-22T11:07:56","modified_gmt":"2025-11-22T11:07:56","slug":"morsete-kryq-per-2-shirit-tokezimi-2-pjastra-ps-pb","status":"publish","type":"product","link":"https:\/\/www.brikaelektrik.al\/al\/produkt\/morsete-kryq-per-2-shirit-tokezimi-2-pjastra-ps-pb\/","title":{"rendered":"MORSET\u00cb KRYQ PER 2 SHIRIT TOK\u00cbZIMI 2 PJASTRA (PS-PB)"},"content":{"rendered":"<p><strong>Seria:<\/strong> LDT<br \/>\n<strong>Modeli:<\/strong> LDT5010<br \/>\n<strong>P\u00ebrshkrimi: <\/strong>Morset\u00eb kryq p\u00ebr lidhjen e dy shirita tok\u00ebzimi me dy pjasta (PS-PB). Siguron lidhje t\u00eb q\u00ebndrueshme dhe t\u00eb sigurt\u00eb n\u00eb sistemet elektrike t\u00eb tok\u00ebzimit.<\/p>\n<p>Specifikime teknike kryesore:<br \/>\n&#8211; Materiali: \u00c7elik i galvanizuar ose bak\u00ebr i veshur<br \/>\n&#8211; P\u00ebrshtatet p\u00ebr shirita tok\u00ebzimi me dy pjasta (PS-PB)<br \/>\n&#8211; Dizajn kryq p\u00ebr lidhje t\u00eb fort\u00eb dhe t\u00eb q\u00ebndrueshme<br \/>\n&#8211; Montim me vida ose presim hidraulik<br \/>\n&#8211; P\u00ebrdorim n\u00eb sisteme tok\u00ebzimi dhe rrufeprer\u00ebse<br \/>\n&#8211; Rezistenc\u00eb ndaj korrozionit dhe ndikimeve atmosferike<br \/>\n&#8211; Siguron p\u00ebr\u00e7ueshm\u00ebri optimale n\u00eb lidhjet elektrike<br \/>\n&#8211; Montim i leht\u00eb dhe i shpejt\u00eb<br \/>\n&#8211; Dizajn i q\u00ebndruesh\u00ebm p\u00ebr lidhje afatgjate<br \/>\n&#8211; Standarde t\u00eb larta cil\u00ebsie p\u00ebr p\u00ebrdorim profesional<\/p>","protected":false},"excerpt":{"rendered":"<p>Seria: LDT Modeli: LDT5010 P\u00ebrshkrimi: Morset\u00eb kryq p\u00ebr lidhjen e dy shirita tok\u00ebzimi me dy pjasta (PS-PB). Siguron lidhje t\u00eb q\u00ebndrueshme dhe t\u00eb sigurt\u00eb n\u00eb sistemet elektrike t\u00eb tok\u00ebzimit. Specifikime teknike kryesore: &#8211; Materiali: \u00c7elik i galvanizuar ose bak\u00ebr i veshur &#8211; P\u00ebrshtatet p\u00ebr shirita tok\u00ebzimi me dy pjasta (PS-PB) &#8211; Dizajn kryq p\u00ebr lidhje [&hellip;]<\/p>","protected":false},"featured_media":5121,"comment_status":"open","ping_status":"closed","template":"","meta":{"_acf_changed":false},"product_brand":[],"product_cat":[116,54],"product_tag":[],"class_list":{"0":"post-5120","1":"product","2":"type-product","3":"status-publish","4":"has-post-thumbnail","6":"product_cat-aksesore-rrufeprites","7":"product_cat-sisteme-rrufeprites-nga-shkarkimet-atmosferike","9":"first","10":"instock","11":"shipping-taxable","12":"product-type-simple"},"acf":[],"_links":{"self":[{"href":"https:\/\/www.brikaelektrik.al\/al\/wp-json\/wp\/v2\/product\/5120","targetHints":{"allow":["GET"]}}],"collection":[{"href":"https:\/\/www.brikaelektrik.al\/al\/wp-json\/wp\/v2\/product"}],"about":[{"href":"https:\/\/www.brikaelektrik.al\/al\/wp-json\/wp\/v2\/types\/product"}],"replies":[{"embeddable":true,"href":"https:\/\/www.brikaelektrik.al\/al\/wp-json\/wp\/v2\/comments?post=5120"}],"wp:featuredmedia":[{"embeddable":true,"href":"https:\/\/www.brikaelektrik.al\/al\/wp-json\/wp\/v2\/media\/5121"}],"wp:attachment":[{"href":"https:\/\/www.brikaelektrik.al\/al\/wp-json\/wp\/v2\/media?parent=5120"}],"wp:term":[{"taxonomy":"product_brand","embeddable":true,"href":"https:\/\/www.brikaelektrik.al\/al\/wp-json\/wp\/v2\/product_brand?post=5120"},{"taxonomy":"product_cat","embeddable":true,"href":"https:\/\/www.brikaelektrik.al\/al\/wp-json\/wp\/v2\/product_cat?post=5120"},{"taxonomy":"product_tag","embeddable":true,"href":"https:\/\/www.brikaelektrik.al\/al\/wp-json\/wp\/v2\/product_tag?post=5120"}],"curies":[{"name":"wp","href":"https:\/\/api.w.org\/{rel}","templated":true}]}}