{"id":5122,"date":"2025-11-22T11:28:33","date_gmt":"2025-11-22T11:28:33","guid":{"rendered":"https:\/\/www.brikaelektrik.al\/?post_type=product&#038;p=5122"},"modified":"2025-11-22T11:28:33","modified_gmt":"2025-11-22T11:28:33","slug":"morsete-shirit-shirit-3-pjastra-pd-pb","status":"publish","type":"product","link":"https:\/\/www.brikaelektrik.al\/al\/produkt\/morsete-shirit-shirit-3-pjastra-pd-pb\/","title":{"rendered":"MORSET\u00cb SHIRIT-SHIRIT  3 PJASTRA PD-PB"},"content":{"rendered":"<p><strong>Seria:<\/strong> LDT<br \/>\n<strong>Modeli:<\/strong> LDT5011<br \/>\n<strong>P\u00ebrshkrimi: <\/strong>Morset\u00eb p\u00ebr lidhje shirit-shirit me 3 pjasta, e p\u00ebrdorur p\u00ebr bashkimin dhe lidhjen e shirita t\u00eb tok\u00ebzimit n\u00eb instalime elektrike me q\u00ebndrueshm\u00ebri dhe siguri.<\/p>\n<p><strong>Specifikime teknike kryesore:<\/strong><br \/>\n&#8211; Dizajn me 3 pjasta lidh\u00ebse p\u00ebr mbajtje t\u00eb fort\u00eb dhe t\u00eb q\u00ebndrueshme<br \/>\n&#8211; Material rezistent ndaj korrozionit dhe ndikimeve atmosferike<br \/>\n&#8211; P\u00ebrshtatet p\u00ebr shirita tok\u00ebzimi t\u00eb ndrysh\u00ebm<br \/>\n&#8211; Montim i leht\u00eb dhe i shpejt\u00eb<br \/>\n&#8211; Siguron lidhje t\u00eb q\u00ebndrueshme elektrike dhe mekanike<br \/>\n&#8211; Rezistenc\u00eb e lart\u00eb ndaj oksidimit dhe kushtet atmosferike<br \/>\n&#8211; E p\u00ebrshtatshme p\u00ebr p\u00ebrdorim n\u00eb ambiente industriale dhe rezidenciale<br \/>\n&#8211; Siguron izolim dhe fiksim t\u00eb sigurt p\u00ebr shirita tok\u00ebzimi<br \/>\n&#8211; Konstrukcion i q\u00ebndruesh\u00ebm p\u00ebr jet\u00ebgjat\u00ebsi t\u00eb madhe n\u00eb p\u00ebrdorim<\/p>\n<p>&nbsp;<\/p>","protected":false},"excerpt":{"rendered":"<p>Seria: LDT Modeli: LDT5011 P\u00ebrshkrimi: Morset\u00eb p\u00ebr lidhje shirit-shirit me 3 pjasta, e p\u00ebrdorur p\u00ebr bashkimin dhe lidhjen e shirita t\u00eb tok\u00ebzimit n\u00eb instalime elektrike me q\u00ebndrueshm\u00ebri dhe siguri. Specifikime teknike kryesore: &#8211; Dizajn me 3 pjasta lidh\u00ebse p\u00ebr mbajtje t\u00eb fort\u00eb dhe t\u00eb q\u00ebndrueshme &#8211; Material rezistent ndaj korrozionit dhe ndikimeve atmosferike &#8211; P\u00ebrshtatet [&hellip;]<\/p>","protected":false},"featured_media":5123,"comment_status":"open","ping_status":"closed","template":"","meta":{"_acf_changed":false},"product_brand":[],"product_cat":[116,54],"product_tag":[],"class_list":{"0":"post-5122","1":"product","2":"type-product","3":"status-publish","4":"has-post-thumbnail","6":"product_cat-aksesore-rrufeprites","7":"product_cat-sisteme-rrufeprites-nga-shkarkimet-atmosferike","9":"first","10":"instock","11":"shipping-taxable","12":"product-type-simple"},"acf":[],"_links":{"self":[{"href":"https:\/\/www.brikaelektrik.al\/al\/wp-json\/wp\/v2\/product\/5122","targetHints":{"allow":["GET"]}}],"collection":[{"href":"https:\/\/www.brikaelektrik.al\/al\/wp-json\/wp\/v2\/product"}],"about":[{"href":"https:\/\/www.brikaelektrik.al\/al\/wp-json\/wp\/v2\/types\/product"}],"replies":[{"embeddable":true,"href":"https:\/\/www.brikaelektrik.al\/al\/wp-json\/wp\/v2\/comments?post=5122"}],"wp:featuredmedia":[{"embeddable":true,"href":"https:\/\/www.brikaelektrik.al\/al\/wp-json\/wp\/v2\/media\/5123"}],"wp:attachment":[{"href":"https:\/\/www.brikaelektrik.al\/al\/wp-json\/wp\/v2\/media?parent=5122"}],"wp:term":[{"taxonomy":"product_brand","embeddable":true,"href":"https:\/\/www.brikaelektrik.al\/al\/wp-json\/wp\/v2\/product_brand?post=5122"},{"taxonomy":"product_cat","embeddable":true,"href":"https:\/\/www.brikaelektrik.al\/al\/wp-json\/wp\/v2\/product_cat?post=5122"},{"taxonomy":"product_tag","embeddable":true,"href":"https:\/\/www.brikaelektrik.al\/al\/wp-json\/wp\/v2\/product_tag?post=5122"}],"curies":[{"name":"wp","href":"https:\/\/api.w.org\/{rel}","templated":true}]}}