{"id":5124,"date":"2025-11-22T12:28:36","date_gmt":"2025-11-22T12:28:36","guid":{"rendered":"https:\/\/www.brikaelektrik.al\/?post_type=product&#038;p=5124"},"modified":"2025-11-22T12:28:37","modified_gmt":"2025-11-22T12:28:37","slug":"morsete-tel-tel-tokezimi-fi8-12mm-2-pjastra-ps-pt","status":"publish","type":"product","link":"https:\/\/www.brikaelektrik.al\/al\/produkt\/morsete-tel-tel-tokezimi-fi8-12mm-2-pjastra-ps-pt\/","title":{"rendered":"MORSET\u00cb TEL-TEL TOKEZIMI FI8-12MM 2 PJASTRA  (PS-PT)"},"content":{"rendered":"<p><strong>Seria:<\/strong> LDT<br \/>\n<strong>Modeli:<\/strong> LDT5110<br \/>\n<strong>P\u00ebrshkrimi: <\/strong>Morset\u00eb p\u00ebr lidhjen tel me tel n\u00eb instalime tok\u00ebzimi, p\u00ebr diametra telash prej 8 deri n\u00eb 12 mm, me dy piastra p\u00ebr sigurimin e lidhjes s\u00eb fort\u00eb dhe t\u00eb q\u00ebndrueshme elektrike.<\/p>\n<p><strong>Specifikime teknike kryesore:<\/strong><br \/>\n&#8211; P\u00ebrdoret p\u00ebr lidhje telash tok\u00ebzimi me diamet\u00ebr 8-12 mm<br \/>\n&#8211; Dizajn me dy piastra p\u00ebr forc\u00eb dhe stabilitet maksimal<br \/>\n&#8211; Material rezistent ndaj korrozionit<br \/>\n&#8211; Kapacitet i lart\u00eb p\u00ebr p\u00ebr\u00e7ueshm\u00ebri elektrike<br \/>\n&#8211; I p\u00ebrshtatsh\u00ebm p\u00ebr instalime profesionale tok\u00ebzimi<br \/>\n&#8211; Siguron lidhje t\u00eb fort\u00eb dhe t\u00eb besueshme midis telave t\u00eb tok\u00ebzimit<br \/>\n&#8211; Leht\u00ebsi n\u00eb instalim dhe mir\u00ebmbajtje<br \/>\n&#8211; I p\u00ebrshtatsh\u00ebm p\u00ebr p\u00ebrdorim n\u00eb ambiente t\u00eb ndryshme industriale dhe rezidenciale<br \/>\n&#8211; Rezistent ndaj faktor\u00ebve atmosferik\u00eb dhe oksidimit<\/p>\n<p>&nbsp;<\/p>","protected":false},"excerpt":{"rendered":"<p>Seria: LDT Modeli: LDT5110 P\u00ebrshkrimi: Morset\u00eb p\u00ebr lidhjen tel me tel n\u00eb instalime tok\u00ebzimi, p\u00ebr diametra telash prej 8 deri n\u00eb 12 mm, me dy piastra p\u00ebr sigurimin e lidhjes s\u00eb fort\u00eb dhe t\u00eb q\u00ebndrueshme elektrike. Specifikime teknike kryesore: &#8211; P\u00ebrdoret p\u00ebr lidhje telash tok\u00ebzimi me diamet\u00ebr 8-12 mm &#8211; Dizajn me dy piastra p\u00ebr [&hellip;]<\/p>","protected":false},"featured_media":5125,"comment_status":"open","ping_status":"closed","template":"","meta":{"_acf_changed":false},"product_brand":[],"product_cat":[116,54],"product_tag":[],"class_list":{"0":"post-5124","1":"product","2":"type-product","3":"status-publish","4":"has-post-thumbnail","6":"product_cat-aksesore-rrufeprites","7":"product_cat-sisteme-rrufeprites-nga-shkarkimet-atmosferike","9":"first","10":"instock","11":"shipping-taxable","12":"product-type-simple"},"acf":[],"_links":{"self":[{"href":"https:\/\/www.brikaelektrik.al\/al\/wp-json\/wp\/v2\/product\/5124","targetHints":{"allow":["GET"]}}],"collection":[{"href":"https:\/\/www.brikaelektrik.al\/al\/wp-json\/wp\/v2\/product"}],"about":[{"href":"https:\/\/www.brikaelektrik.al\/al\/wp-json\/wp\/v2\/types\/product"}],"replies":[{"embeddable":true,"href":"https:\/\/www.brikaelektrik.al\/al\/wp-json\/wp\/v2\/comments?post=5124"}],"wp:featuredmedia":[{"embeddable":true,"href":"https:\/\/www.brikaelektrik.al\/al\/wp-json\/wp\/v2\/media\/5125"}],"wp:attachment":[{"href":"https:\/\/www.brikaelektrik.al\/al\/wp-json\/wp\/v2\/media?parent=5124"}],"wp:term":[{"taxonomy":"product_brand","embeddable":true,"href":"https:\/\/www.brikaelektrik.al\/al\/wp-json\/wp\/v2\/product_brand?post=5124"},{"taxonomy":"product_cat","embeddable":true,"href":"https:\/\/www.brikaelektrik.al\/al\/wp-json\/wp\/v2\/product_cat?post=5124"},{"taxonomy":"product_tag","embeddable":true,"href":"https:\/\/www.brikaelektrik.al\/al\/wp-json\/wp\/v2\/product_tag?post=5124"}],"curies":[{"name":"wp","href":"https:\/\/api.w.org\/{rel}","templated":true}]}}