{"id":5126,"date":"2025-11-22T12:31:13","date_gmt":"2025-11-22T12:31:13","guid":{"rendered":"https:\/\/www.brikaelektrik.al\/?post_type=product&#038;p=5126"},"modified":"2025-11-22T12:31:13","modified_gmt":"2025-11-22T12:31:13","slug":"morsete-tel-tel-tokezimi-fi8-12mm-3-pjastra-pd-pt","status":"publish","type":"product","link":"https:\/\/www.brikaelektrik.al\/al\/produkt\/morsete-tel-tel-tokezimi-fi8-12mm-3-pjastra-pd-pt\/","title":{"rendered":"MORSET\u00cb TEL-TEL TOK\u00cbZIMI FI8-12MM 3 PJASTRA (PD-PT)"},"content":{"rendered":"<p><strong>Seria:<\/strong> LDT<br \/>\n<strong>Modeli:<\/strong> LDT5111<br \/>\n<strong>P\u00ebrshkrimi: <\/strong>Morset\u00eb p\u00ebr lidhje tel-tel tok\u00ebzimi me diamet\u00ebr 8-12 mm, me 3 pjasta, p\u00ebrdoret p\u00ebr lidhje t\u00eb sigurt dhe t\u00eb q\u00ebndrueshme t\u00eb telave t\u00eb tok\u00ebzimit n\u00eb instalime elektrike.<\/p>\n<p><strong>Specifikime teknike kryesore:<\/strong><br \/>\n&#8211; P\u00ebrshtatet p\u00ebr telat tok\u00ebzues me diamet\u00ebr 8-12 mm<br \/>\n&#8211; Dizajn me 3 pjasta p\u00ebr fiksim t\u00eb sigurt dhe t\u00eb q\u00ebndruesh\u00ebm<br \/>\n&#8211; Material rezistent ndaj korrozionit<br \/>\n&#8211; Montim i thjesht\u00eb dhe i shpejt\u00eb<br \/>\n&#8211; Siguron lidhje t\u00eb fort\u00eb elektrike dhe mekanike<br \/>\n&#8211; Rezistenc\u00eb e lart\u00eb ndaj ndikimeve atmosferike dhe oksidimit<br \/>\n&#8211; E p\u00ebrshtatshme p\u00ebr ambiente t\u00eb jashtme dhe t\u00eb brendshme<br \/>\n&#8211; Konstrukcion i q\u00ebndruesh\u00ebm p\u00ebr jet\u00ebgjat\u00ebsi n\u00eb p\u00ebrdorim<br \/>\n&#8211; Siguron izolim dhe fiksim t\u00eb sigurt p\u00ebr telat e tok\u00ebzimit<\/p>","protected":false},"excerpt":{"rendered":"<p>Seria: LDT Modeli: LDT5111 P\u00ebrshkrimi: Morset\u00eb p\u00ebr lidhje tel-tel tok\u00ebzimi me diamet\u00ebr 8-12 mm, me 3 pjasta, p\u00ebrdoret p\u00ebr lidhje t\u00eb sigurt dhe t\u00eb q\u00ebndrueshme t\u00eb telave t\u00eb tok\u00ebzimit n\u00eb instalime elektrike. Specifikime teknike kryesore: &#8211; P\u00ebrshtatet p\u00ebr telat tok\u00ebzues me diamet\u00ebr 8-12 mm &#8211; Dizajn me 3 pjasta p\u00ebr fiksim t\u00eb sigurt dhe t\u00eb [&hellip;]<\/p>","protected":false},"featured_media":5127,"comment_status":"open","ping_status":"closed","template":"","meta":{"_acf_changed":false},"product_brand":[],"product_cat":[116,54],"product_tag":[],"class_list":{"0":"post-5126","1":"product","2":"type-product","3":"status-publish","4":"has-post-thumbnail","6":"product_cat-aksesore-rrufeprites","7":"product_cat-sisteme-rrufeprites-nga-shkarkimet-atmosferike","9":"first","10":"instock","11":"shipping-taxable","12":"product-type-simple"},"acf":[],"_links":{"self":[{"href":"https:\/\/www.brikaelektrik.al\/al\/wp-json\/wp\/v2\/product\/5126","targetHints":{"allow":["GET"]}}],"collection":[{"href":"https:\/\/www.brikaelektrik.al\/al\/wp-json\/wp\/v2\/product"}],"about":[{"href":"https:\/\/www.brikaelektrik.al\/al\/wp-json\/wp\/v2\/types\/product"}],"replies":[{"embeddable":true,"href":"https:\/\/www.brikaelektrik.al\/al\/wp-json\/wp\/v2\/comments?post=5126"}],"wp:featuredmedia":[{"embeddable":true,"href":"https:\/\/www.brikaelektrik.al\/al\/wp-json\/wp\/v2\/media\/5127"}],"wp:attachment":[{"href":"https:\/\/www.brikaelektrik.al\/al\/wp-json\/wp\/v2\/media?parent=5126"}],"wp:term":[{"taxonomy":"product_brand","embeddable":true,"href":"https:\/\/www.brikaelektrik.al\/al\/wp-json\/wp\/v2\/product_brand?post=5126"},{"taxonomy":"product_cat","embeddable":true,"href":"https:\/\/www.brikaelektrik.al\/al\/wp-json\/wp\/v2\/product_cat?post=5126"},{"taxonomy":"product_tag","embeddable":true,"href":"https:\/\/www.brikaelektrik.al\/al\/wp-json\/wp\/v2\/product_tag?post=5126"}],"curies":[{"name":"wp","href":"https:\/\/api.w.org\/{rel}","templated":true}]}}