{"id":5128,"date":"2025-11-22T12:34:27","date_gmt":"2025-11-22T12:34:27","guid":{"rendered":"https:\/\/www.brikaelektrik.al\/?post_type=product&#038;p=5128"},"modified":"2025-11-22T12:34:27","modified_gmt":"2025-11-22T12:34:27","slug":"morsete-bakri-per-tel-te-zhveshur","status":"publish","type":"product","link":"https:\/\/www.brikaelektrik.al\/al\/produkt\/morsete-bakri-per-tel-te-zhveshur\/","title":{"rendered":"MORSET\u00cb BAKRI P\u00cbR TEL T\u00cb ZHVESHUR"},"content":{"rendered":"<p><strong>Seria:<\/strong> LDT<br \/>\n<strong>Modeli:<\/strong> LDT0345<br \/>\n<strong>P\u00ebrshkrimi: <\/strong>Morset\u00eb prej bakri, e dizajnuar p\u00ebr lidhjen e telave t\u00eb zhvishur elektrik\u00eb. Siguron nj\u00eb lidhje t\u00eb sigurt, elektrike dhe mekanike p\u00ebr t\u00eb garantuar nj\u00eb kontakt t\u00eb mir\u00eb dhe q\u00ebndrueshm\u00ebri n\u00eb sistemet elektrike dhe tok\u00ebzimit.<\/p>\n<p><strong>Specifikime teknike kryesore:<\/strong><br \/>\n&#8211; Material: Bak\u00ebr i past\u00ebr p\u00ebr p\u00ebr\u00e7ueshm\u00ebri t\u00eb lart\u00eb elektrike<br \/>\n&#8211; Dizajn i p\u00ebrshtatur p\u00ebr tel t\u00eb zhvishur elektrik<br \/>\n&#8211; Dimensione t\u00eb ndryshme p\u00ebr diametra t\u00eb ndrysh\u00ebm t\u00eb telave<br \/>\n&#8211; Rezistent ndaj korrozionit dhe oksidimit<br \/>\n&#8211; P\u00ebrforcon lidhjen elektrike me telin e zhvishur<br \/>\n&#8211; Siguron kontakt t\u00eb q\u00ebndruesh\u00ebm dhe pa humbje energjie<br \/>\n&#8211; Leht\u00eb p\u00ebr montim dhe lidhje<br \/>\n&#8211; I p\u00ebrshtatsh\u00ebm p\u00ebr p\u00ebrdorim n\u00eb instalime elektrike dhe tok\u00ebzimi<\/p>","protected":false},"excerpt":{"rendered":"<p>Seria: LDT Modeli: LDT0345 P\u00ebrshkrimi: Morset\u00eb prej bakri, e dizajnuar p\u00ebr lidhjen e telave t\u00eb zhvishur elektrik\u00eb. Siguron nj\u00eb lidhje t\u00eb sigurt, elektrike dhe mekanike p\u00ebr t\u00eb garantuar nj\u00eb kontakt t\u00eb mir\u00eb dhe q\u00ebndrueshm\u00ebri n\u00eb sistemet elektrike dhe tok\u00ebzimit. Specifikime teknike kryesore: &#8211; Material: Bak\u00ebr i past\u00ebr p\u00ebr p\u00ebr\u00e7ueshm\u00ebri t\u00eb lart\u00eb elektrike &#8211; Dizajn i [&hellip;]<\/p>","protected":false},"featured_media":5129,"comment_status":"open","ping_status":"closed","template":"","meta":{"_acf_changed":false},"product_brand":[],"product_cat":[116,54],"product_tag":[],"class_list":{"0":"post-5128","1":"product","2":"type-product","3":"status-publish","4":"has-post-thumbnail","6":"product_cat-aksesore-rrufeprites","7":"product_cat-sisteme-rrufeprites-nga-shkarkimet-atmosferike","9":"first","10":"instock","11":"shipping-taxable","12":"product-type-simple"},"acf":[],"_links":{"self":[{"href":"https:\/\/www.brikaelektrik.al\/al\/wp-json\/wp\/v2\/product\/5128","targetHints":{"allow":["GET"]}}],"collection":[{"href":"https:\/\/www.brikaelektrik.al\/al\/wp-json\/wp\/v2\/product"}],"about":[{"href":"https:\/\/www.brikaelektrik.al\/al\/wp-json\/wp\/v2\/types\/product"}],"replies":[{"embeddable":true,"href":"https:\/\/www.brikaelektrik.al\/al\/wp-json\/wp\/v2\/comments?post=5128"}],"wp:featuredmedia":[{"embeddable":true,"href":"https:\/\/www.brikaelektrik.al\/al\/wp-json\/wp\/v2\/media\/5129"}],"wp:attachment":[{"href":"https:\/\/www.brikaelektrik.al\/al\/wp-json\/wp\/v2\/media?parent=5128"}],"wp:term":[{"taxonomy":"product_brand","embeddable":true,"href":"https:\/\/www.brikaelektrik.al\/al\/wp-json\/wp\/v2\/product_brand?post=5128"},{"taxonomy":"product_cat","embeddable":true,"href":"https:\/\/www.brikaelektrik.al\/al\/wp-json\/wp\/v2\/product_cat?post=5128"},{"taxonomy":"product_tag","embeddable":true,"href":"https:\/\/www.brikaelektrik.al\/al\/wp-json\/wp\/v2\/product_tag?post=5128"}],"curies":[{"name":"wp","href":"https:\/\/api.w.org\/{rel}","templated":true}]}}