{"id":5130,"date":"2025-11-22T12:46:36","date_gmt":"2025-11-22T12:46:36","guid":{"rendered":"https:\/\/www.brikaelektrik.al\/?post_type=product&#038;p=5130"},"modified":"2025-11-24T10:25:40","modified_gmt":"2025-11-24T10:25:40","slug":"morsete-mbajtese-per-shirit-tokezimi-ne-tjegull-cati-spcct","status":"publish","type":"product","link":"https:\/\/www.brikaelektrik.al\/al\/produkt\/morsete-mbajtese-per-shirit-tokezimi-ne-tjegull-cati-spcct\/","title":{"rendered":"MORSET\u00cb MBAJTESE P\u00cbR SHIRIT TOK\u00cbZIMI N\u00cb TJEGULL (\u00c7ATI) (SPCCT)"},"content":{"rendered":"<p><strong>Seria<\/strong>: LDT<br \/>\n<strong>Modeli<\/strong>: LDT0372\/P (SPCCT)<br \/>\n<strong>P\u00ebrshkrimi:<\/strong> Morseta mbajt\u00ebse p\u00ebr shirit tok\u00ebzimi projektuar p\u00ebr t\u2019u montuar n\u00eb \u00e7ati me tjegulla. Siguron vendosje t\u00eb sigurt dhe t\u00eb q\u00ebndrueshme t\u00eb shiriteve t\u00eb tok\u00ebzimit, duke garantuar kontakt t\u00eb mir\u00eb elektrik dhe q\u00ebndrueshm\u00ebri mekanike n\u00eb kushte atmosferike.<\/p>\n<p><strong>Specifikime teknike kryesore:<\/strong><br \/>\n&#8211; Material: Inoks (\u00e7elik i pandryshksh\u00ebm)<br \/>\n&#8211; Aplikimi: P\u00ebr shirit tok\u00ebzimi 30&#215;3 mm ose t\u00eb ngjash\u00ebm<br \/>\n&#8211; Montimi: I p\u00ebrshtatsh\u00ebm p\u00ebr \u00e7ati me tjegulla<br \/>\n&#8211; Rezistent ndaj korrozionit dhe kushteve t\u00eb motit<br \/>\n&#8211; Instalimi: I shpejt\u00eb dhe i thjesht\u00eb<br \/>\n&#8211; Zgjidhje ideale p\u00ebr sistemet e tok\u00ebzimit n\u00eb nd\u00ebrtesa banimi apo industriale<br \/>\n&#8211; Ofron mbajtje t\u00eb fort\u00eb dhe t\u00eb q\u00ebndrueshme p\u00ebr tok\u00ebzimin n\u00eb strukturat e \u00e7ative<br \/>\n&#8211; Pa nevoj\u00eb p\u00ebr shpuarje t\u00eb struktur\u00ebs s\u00eb \u00e7atis\u00eb<br \/>\n&#8211; I nd\u00ebrtuar p\u00ebr jet\u00ebgjat\u00ebsi n\u00eb ambient t\u00eb jasht\u00ebm<\/p>","protected":false},"excerpt":{"rendered":"<p>Seria: LDT Modeli: LDT0372\/P (SPCCT) P\u00ebrshkrimi: Morseta mbajt\u00ebse p\u00ebr shirit tok\u00ebzimi projektuar p\u00ebr t\u2019u montuar n\u00eb \u00e7ati me tjegulla. Siguron vendosje t\u00eb sigurt dhe t\u00eb q\u00ebndrueshme t\u00eb shiriteve t\u00eb tok\u00ebzimit, duke garantuar kontakt t\u00eb mir\u00eb elektrik dhe q\u00ebndrueshm\u00ebri mekanike n\u00eb kushte atmosferike. Specifikime teknike kryesore: &#8211; Material: Inoks (\u00e7elik i pandryshksh\u00ebm) &#8211; Aplikimi: P\u00ebr shirit [&hellip;]<\/p>","protected":false},"featured_media":5146,"comment_status":"open","ping_status":"closed","template":"","meta":{"_acf_changed":false},"product_brand":[],"product_cat":[116,54],"product_tag":[],"class_list":{"0":"post-5130","1":"product","2":"type-product","3":"status-publish","4":"has-post-thumbnail","6":"product_cat-aksesore-rrufeprites","7":"product_cat-sisteme-rrufeprites-nga-shkarkimet-atmosferike","9":"first","10":"instock","11":"shipping-taxable","12":"product-type-simple"},"acf":[],"_links":{"self":[{"href":"https:\/\/www.brikaelektrik.al\/al\/wp-json\/wp\/v2\/product\/5130","targetHints":{"allow":["GET"]}}],"collection":[{"href":"https:\/\/www.brikaelektrik.al\/al\/wp-json\/wp\/v2\/product"}],"about":[{"href":"https:\/\/www.brikaelektrik.al\/al\/wp-json\/wp\/v2\/types\/product"}],"replies":[{"embeddable":true,"href":"https:\/\/www.brikaelektrik.al\/al\/wp-json\/wp\/v2\/comments?post=5130"}],"wp:featuredmedia":[{"embeddable":true,"href":"https:\/\/www.brikaelektrik.al\/al\/wp-json\/wp\/v2\/media\/5146"}],"wp:attachment":[{"href":"https:\/\/www.brikaelektrik.al\/al\/wp-json\/wp\/v2\/media?parent=5130"}],"wp:term":[{"taxonomy":"product_brand","embeddable":true,"href":"https:\/\/www.brikaelektrik.al\/al\/wp-json\/wp\/v2\/product_brand?post=5130"},{"taxonomy":"product_cat","embeddable":true,"href":"https:\/\/www.brikaelektrik.al\/al\/wp-json\/wp\/v2\/product_cat?post=5130"},{"taxonomy":"product_tag","embeddable":true,"href":"https:\/\/www.brikaelektrik.al\/al\/wp-json\/wp\/v2\/product_tag?post=5130"}],"curies":[{"name":"wp","href":"https:\/\/api.w.org\/{rel}","templated":true}]}}