{"id":5132,"date":"2025-11-22T12:51:19","date_gmt":"2025-11-22T12:51:19","guid":{"rendered":"https:\/\/www.brikaelektrik.al\/?post_type=product&#038;p=5132"},"modified":"2025-11-24T09:19:56","modified_gmt":"2025-11-24T09:19:56","slug":"morsete-per-elektrode-togezimi-xingato","status":"publish","type":"product","link":"https:\/\/www.brikaelektrik.al\/al\/produkt\/morsete-per-elektrode-togezimi-xingato\/","title":{"rendered":"MORSET\u00cb P\u00cbR ELEKTROD\u00cb TOG\u00cbZIMI XINGATO"},"content":{"rendered":"<p><strong>Seria:<\/strong> LDT<br \/>\n<strong>Modeli:<\/strong> LDTM1<br \/>\n<strong>P\u00ebrshkrim: <\/strong>Morsete p\u00ebr lidhjen e sigurt t\u00eb elektrod\u00ebs s\u00eb tok\u00ebzimit me shiritin apo telin tok\u00ebzues. P\u00ebrdoret n\u00eb sistemet e tok\u00ebzimit p\u00ebr t\u00eb krijuar kontakt t\u00eb besuesh\u00ebm elektrik nd\u00ebrmjet elektrod\u00ebs (shufr\u00ebs) dhe p\u00ebr\u00e7uesit t\u00eb tok\u00ebzimit.<\/p>\n<p><strong>Specifikime teknike kryesore:<\/strong><br \/>\n&#8211; Lidhje p\u00ebr elektrod\u00eb tok\u00ebzimi (shuf\u00ebr) dhe shirit ose tel tok\u00ebzimi<br \/>\n&#8211; \u00c7elik i galvanizuar ose bronz (var\u00ebsisht modelit)<br \/>\n&#8211; Tok\u00ebzime elektrike n\u00eb nd\u00ebrtesa, panele solare, objekte industriale<br \/>\n&#8211; Siguron kontakt t\u00eb fort\u00eb dhe afatgjat\u00eb elektrik<br \/>\n&#8211; Rezistente ndaj korrozionit dhe kushteve atmosferike<br \/>\n&#8211; Montim i leht\u00eb dhe praktik n\u00eb terren<br \/>\n&#8211; P\u00ebrputhshm\u00ebri me elektroda tok\u00ebzimi standarde<\/p>","protected":false},"excerpt":{"rendered":"<p>Seria: LDT Modeli: LDTM1 P\u00ebrshkrim: Morsete p\u00ebr lidhjen e sigurt t\u00eb elektrod\u00ebs s\u00eb tok\u00ebzimit me shiritin apo telin tok\u00ebzues. P\u00ebrdoret n\u00eb sistemet e tok\u00ebzimit p\u00ebr t\u00eb krijuar kontakt t\u00eb besuesh\u00ebm elektrik nd\u00ebrmjet elektrod\u00ebs (shufr\u00ebs) dhe p\u00ebr\u00e7uesit t\u00eb tok\u00ebzimit. Specifikime teknike kryesore: &#8211; Lidhje p\u00ebr elektrod\u00eb tok\u00ebzimi (shuf\u00ebr) dhe shirit ose tel tok\u00ebzimi &#8211; \u00c7elik i [&hellip;]<\/p>","protected":false},"featured_media":5143,"comment_status":"open","ping_status":"closed","template":"","meta":{"_acf_changed":false},"product_brand":[],"product_cat":[116,54],"product_tag":[],"class_list":{"0":"post-5132","1":"product","2":"type-product","3":"status-publish","4":"has-post-thumbnail","6":"product_cat-aksesore-rrufeprites","7":"product_cat-sisteme-rrufeprites-nga-shkarkimet-atmosferike","9":"first","10":"instock","11":"shipping-taxable","12":"product-type-simple"},"acf":[],"_links":{"self":[{"href":"https:\/\/www.brikaelektrik.al\/al\/wp-json\/wp\/v2\/product\/5132","targetHints":{"allow":["GET"]}}],"collection":[{"href":"https:\/\/www.brikaelektrik.al\/al\/wp-json\/wp\/v2\/product"}],"about":[{"href":"https:\/\/www.brikaelektrik.al\/al\/wp-json\/wp\/v2\/types\/product"}],"replies":[{"embeddable":true,"href":"https:\/\/www.brikaelektrik.al\/al\/wp-json\/wp\/v2\/comments?post=5132"}],"wp:featuredmedia":[{"embeddable":true,"href":"https:\/\/www.brikaelektrik.al\/al\/wp-json\/wp\/v2\/media\/5143"}],"wp:attachment":[{"href":"https:\/\/www.brikaelektrik.al\/al\/wp-json\/wp\/v2\/media?parent=5132"}],"wp:term":[{"taxonomy":"product_brand","embeddable":true,"href":"https:\/\/www.brikaelektrik.al\/al\/wp-json\/wp\/v2\/product_brand?post=5132"},{"taxonomy":"product_cat","embeddable":true,"href":"https:\/\/www.brikaelektrik.al\/al\/wp-json\/wp\/v2\/product_cat?post=5132"},{"taxonomy":"product_tag","embeddable":true,"href":"https:\/\/www.brikaelektrik.al\/al\/wp-json\/wp\/v2\/product_tag?post=5132"}],"curies":[{"name":"wp","href":"https:\/\/api.w.org\/{rel}","templated":true}]}}