{"id":5135,"date":"2025-11-24T08:33:05","date_gmt":"2025-11-24T08:33:05","guid":{"rendered":"https:\/\/www.brikaelektrik.al\/?post_type=product&#038;p=5135"},"modified":"2025-11-24T08:33:05","modified_gmt":"2025-11-24T08:33:05","slug":"morsete-mbajtese-shiriti-tokezimi-sup-pb8-sup-pb8","status":"publish","type":"product","link":"https:\/\/www.brikaelektrik.al\/al\/produkt\/morsete-mbajtese-shiriti-tokezimi-sup-pb8-sup-pb8\/","title":{"rendered":"MORSET\u00cb MBAJT\u00cbSE SHIRITI TOK\u00cbZIMI SUP-PB8 (SUP-PB8)"},"content":{"rendered":"<p><strong>Seria<\/strong>: LDT<br \/>\n<strong>Modeli:<\/strong> SUP-PB8 (LDT5013)<br \/>\n<strong>P\u00ebrshkrimi: <\/strong>Mbajt\u00ebsja SUP-PB8 \u00ebsht\u00eb nj\u00eb komponent elektrik i dedikuar p\u00ebr fiksimin dhe mb\u00ebshtetjen e shiritave t\u00eb tok\u00ebzimit n\u00eb sisteme elektrike. Projektuar p\u00ebr p\u00ebrdorim t\u00eb sigurt dhe efikas n\u00eb instalime t\u00eb tok\u00ebzimit, ajo siguron q\u00eb shiritat t\u00eb q\u00ebndrojn\u00eb t\u00eb q\u00ebndruesh\u00ebm, t\u00eb mbrojtur dhe t\u00eb lidhur sipas standardeve.<\/p>\n<p><strong>Specifikime Teknike Kryesore:<\/strong><br \/>\n&#8211; Metal i galvanizuar rezistent ndaj korrozionit<br \/>\n&#8211; E p\u00ebrshtatshme p\u00ebr shirita tok\u00ebzimi t\u00eb dimensioneve standarde<br \/>\n&#8211; Fiksim i thjesht\u00eb n\u00eb mure, panele ose bazamente<br \/>\n&#8211; Ngjyr\u00eb e argjendt\u00eb (metalike)<br \/>\n&#8211; Siguron stabilitet dhe mb\u00ebshtetje t\u00eb q\u00ebndrueshme p\u00ebr shiritin e tok\u00ebzimit<br \/>\n&#8211; E nd\u00ebrtuar p\u00ebr jet\u00ebgjat\u00ebsi n\u00eb kushte t\u00eb jashtme dhe t\u00eb brendshme<br \/>\n&#8211; Leht\u00ebsi n\u00eb instalim dhe mir\u00ebmbajtje<br \/>\n&#8211; Komponent ky\u00e7 n\u00eb rrjetet e tok\u00ebzimit t\u00eb nd\u00ebrtesave apo instalimeve industriale<\/p>","protected":false},"excerpt":{"rendered":"<p>Seria: LDT Modeli: SUP-PB8 (LDT5013) P\u00ebrshkrimi: Mbajt\u00ebsja SUP-PB8 \u00ebsht\u00eb nj\u00eb komponent elektrik i dedikuar p\u00ebr fiksimin dhe mb\u00ebshtetjen e shiritave t\u00eb tok\u00ebzimit n\u00eb sisteme elektrike. Projektuar p\u00ebr p\u00ebrdorim t\u00eb sigurt dhe efikas n\u00eb instalime t\u00eb tok\u00ebzimit, ajo siguron q\u00eb shiritat t\u00eb q\u00ebndrojn\u00eb t\u00eb q\u00ebndruesh\u00ebm, t\u00eb mbrojtur dhe t\u00eb lidhur sipas standardeve. Specifikime Teknike Kryesore: &#8211; [&hellip;]<\/p>","protected":false},"featured_media":5136,"comment_status":"open","ping_status":"closed","template":"","meta":{"_acf_changed":false},"product_brand":[],"product_cat":[116,54],"product_tag":[],"class_list":{"0":"post-5135","1":"product","2":"type-product","3":"status-publish","4":"has-post-thumbnail","6":"product_cat-aksesore-rrufeprites","7":"product_cat-sisteme-rrufeprites-nga-shkarkimet-atmosferike","9":"first","10":"instock","11":"shipping-taxable","12":"product-type-simple"},"acf":[],"_links":{"self":[{"href":"https:\/\/www.brikaelektrik.al\/al\/wp-json\/wp\/v2\/product\/5135","targetHints":{"allow":["GET"]}}],"collection":[{"href":"https:\/\/www.brikaelektrik.al\/al\/wp-json\/wp\/v2\/product"}],"about":[{"href":"https:\/\/www.brikaelektrik.al\/al\/wp-json\/wp\/v2\/types\/product"}],"replies":[{"embeddable":true,"href":"https:\/\/www.brikaelektrik.al\/al\/wp-json\/wp\/v2\/comments?post=5135"}],"wp:featuredmedia":[{"embeddable":true,"href":"https:\/\/www.brikaelektrik.al\/al\/wp-json\/wp\/v2\/media\/5136"}],"wp:attachment":[{"href":"https:\/\/www.brikaelektrik.al\/al\/wp-json\/wp\/v2\/media?parent=5135"}],"wp:term":[{"taxonomy":"product_brand","embeddable":true,"href":"https:\/\/www.brikaelektrik.al\/al\/wp-json\/wp\/v2\/product_brand?post=5135"},{"taxonomy":"product_cat","embeddable":true,"href":"https:\/\/www.brikaelektrik.al\/al\/wp-json\/wp\/v2\/product_cat?post=5135"},{"taxonomy":"product_tag","embeddable":true,"href":"https:\/\/www.brikaelektrik.al\/al\/wp-json\/wp\/v2\/product_tag?post=5135"}],"curies":[{"name":"wp","href":"https:\/\/api.w.org\/{rel}","templated":true}]}}