{"id":5137,"date":"2025-11-24T08:54:50","date_gmt":"2025-11-24T08:54:50","guid":{"rendered":"https:\/\/www.brikaelektrik.al\/?post_type=product&#038;p=5137"},"modified":"2025-11-24T08:54:50","modified_gmt":"2025-11-24T08:54:50","slug":"morsete-mbajtese-per-tel-tokezimi-fi-6mm","status":"publish","type":"product","link":"https:\/\/www.brikaelektrik.al\/al\/produkt\/morsete-mbajtese-per-tel-tokezimi-fi-6mm\/","title":{"rendered":"MORSET\u00cb MBAJT\u00cbSE P\u00cbR TEL TOK\u00cbZIMI FI-6MM"},"content":{"rendered":"<p><strong>Seria:<\/strong> LDT<br \/>\n<strong>Modeli:<\/strong> LDT5112<br \/>\n<strong>P\u00ebrshkrimi: <\/strong>Morset\u00eb mbajt\u00ebse p\u00ebr fiksimin e telit t\u00eb tok\u00ebzimit me diamet\u00ebr 6mm, p\u00ebrdoren p\u00ebr ta fiksuar telin n\u00eb sip\u00ebrfaqe vertikale ose horizontale (mure, struktura metalike apo shtylla).<\/p>\n<p><strong>Specifikime teknike kryesore:<\/strong><br \/>\n&#8211; Diamet\u00ebr i p\u00ebrshtatsh\u00ebm p\u00ebr tel: \u00d86mm<br \/>\n&#8211; Material \u00c7elik i galvanizuar \/ inox (n\u00eb var\u00ebsi t\u00eb modelit)<br \/>\n&#8211; P\u00ebrfshin trupin mbajt\u00ebs dhe vida fiksimi<br \/>\n&#8211; Montim n\u00eb sip\u00ebrfaqe me vid\u00eb ose bulon<br \/>\n&#8211; Rezistenc\u00eb e lart\u00eb ndaj korrozionit<br \/>\n&#8211; Instalimi i shpejt\u00eb dhe i sigurt<br \/>\n&#8211; Siguron stabilitet maksimal t\u00eb telit t\u00eb tok\u00ebzimit<br \/>\n&#8211; I p\u00ebrshtatsh\u00ebm p\u00ebr p\u00ebrdorim n\u00eb ambiente t\u00eb jashtme dhe t\u00eb brendshme<\/p>","protected":false},"excerpt":{"rendered":"<p>Seria: LDT Modeli: LDT5112 P\u00ebrshkrimi: Morset\u00eb mbajt\u00ebse p\u00ebr fiksimin e telit t\u00eb tok\u00ebzimit me diamet\u00ebr 6mm, p\u00ebrdoren p\u00ebr ta fiksuar telin n\u00eb sip\u00ebrfaqe vertikale ose horizontale (mure, struktura metalike apo shtylla). Specifikime teknike kryesore: &#8211; Diamet\u00ebr i p\u00ebrshtatsh\u00ebm p\u00ebr tel: \u00d86mm &#8211; Material \u00c7elik i galvanizuar \/ inox (n\u00eb var\u00ebsi t\u00eb modelit) &#8211; P\u00ebrfshin trupin [&hellip;]<\/p>","protected":false},"featured_media":5138,"comment_status":"open","ping_status":"closed","template":"","meta":{"_acf_changed":false},"product_brand":[],"product_cat":[116,54],"product_tag":[],"class_list":{"0":"post-5137","1":"product","2":"type-product","3":"status-publish","4":"has-post-thumbnail","6":"product_cat-aksesore-rrufeprites","7":"product_cat-sisteme-rrufeprites-nga-shkarkimet-atmosferike","9":"first","10":"instock","11":"shipping-taxable","12":"product-type-simple"},"acf":[],"_links":{"self":[{"href":"https:\/\/www.brikaelektrik.al\/al\/wp-json\/wp\/v2\/product\/5137","targetHints":{"allow":["GET"]}}],"collection":[{"href":"https:\/\/www.brikaelektrik.al\/al\/wp-json\/wp\/v2\/product"}],"about":[{"href":"https:\/\/www.brikaelektrik.al\/al\/wp-json\/wp\/v2\/types\/product"}],"replies":[{"embeddable":true,"href":"https:\/\/www.brikaelektrik.al\/al\/wp-json\/wp\/v2\/comments?post=5137"}],"wp:featuredmedia":[{"embeddable":true,"href":"https:\/\/www.brikaelektrik.al\/al\/wp-json\/wp\/v2\/media\/5138"}],"wp:attachment":[{"href":"https:\/\/www.brikaelektrik.al\/al\/wp-json\/wp\/v2\/media?parent=5137"}],"wp:term":[{"taxonomy":"product_brand","embeddable":true,"href":"https:\/\/www.brikaelektrik.al\/al\/wp-json\/wp\/v2\/product_brand?post=5137"},{"taxonomy":"product_cat","embeddable":true,"href":"https:\/\/www.brikaelektrik.al\/al\/wp-json\/wp\/v2\/product_cat?post=5137"},{"taxonomy":"product_tag","embeddable":true,"href":"https:\/\/www.brikaelektrik.al\/al\/wp-json\/wp\/v2\/product_tag?post=5137"}],"curies":[{"name":"wp","href":"https:\/\/api.w.org\/{rel}","templated":true}]}}