{"id":5139,"date":"2025-11-24T08:57:52","date_gmt":"2025-11-24T08:57:52","guid":{"rendered":"https:\/\/www.brikaelektrik.al\/?post_type=product&#038;p=5139"},"modified":"2025-11-24T08:57:52","modified_gmt":"2025-11-24T08:57:52","slug":"morsete-mbajtese-per-tel-tokezimi-fi-8mm-sup-pt8","status":"publish","type":"product","link":"https:\/\/www.brikaelektrik.al\/al\/produkt\/morsete-mbajtese-per-tel-tokezimi-fi-8mm-sup-pt8\/","title":{"rendered":"MORSET\u00cb MBAJT\u00cbSE P\u00cbR TEL TOK\u00cbZIMI FI-8MM  (SUP-PT8)"},"content":{"rendered":"<p><strong>Seria:<\/strong> LDT<br \/>\n<strong>Modeli:<\/strong> LDT5113<br \/>\n<strong>P\u00ebrshkrimi: <\/strong>Morset\u00eb mbajt\u00ebse LDT5113 jan\u00eb projektuar p\u00ebr t\u00eb fiksuar telin e tok\u00ebzimit me diamet\u00ebr \u00d88mm n\u00eb struktura t\u00eb ndryshme nd\u00ebrtimore, duke garantuar siguri elektrike dhe mekanike.<\/p>\n<p><strong>Specifikime teknike kryesore:<\/strong><br \/>\n&#8211; P\u00ebrshtatet me tel tok\u00ebzimi \u00d88mm<br \/>\n&#8211; Material \u00c7elik i galvanizuar ose inox<br \/>\n&#8211; P\u00ebrb\u00ebrja trup mbajt\u00ebs + sistem fiksimi me vid\u00eb<br \/>\n&#8211; Montim mbi sip\u00ebrfaqe t\u00eb forta (mur, beton, shtylla)<br \/>\n&#8211; Rezistenc\u00eb ndaj kushteve atmosferike dhe korrozionit<br \/>\n&#8211; Mbajtje e q\u00ebndrueshme e telit pa deformime<br \/>\n&#8211; E leht\u00eb p\u00ebr t&#8217;u instaluar<br \/>\n&#8211; E p\u00ebrshtatshme p\u00ebr instalime tok\u00ebzimi n\u00eb nd\u00ebrtesa banimi dhe industriale<\/p>","protected":false},"excerpt":{"rendered":"<p>Seria: LDT Modeli: LDT5113 P\u00ebrshkrimi: Morset\u00eb mbajt\u00ebse LDT5113 jan\u00eb projektuar p\u00ebr t\u00eb fiksuar telin e tok\u00ebzimit me diamet\u00ebr \u00d88mm n\u00eb struktura t\u00eb ndryshme nd\u00ebrtimore, duke garantuar siguri elektrike dhe mekanike. Specifikime teknike kryesore: &#8211; P\u00ebrshtatet me tel tok\u00ebzimi \u00d88mm &#8211; Material \u00c7elik i galvanizuar ose inox &#8211; P\u00ebrb\u00ebrja trup mbajt\u00ebs + sistem fiksimi me vid\u00eb [&hellip;]<\/p>","protected":false},"featured_media":5138,"comment_status":"open","ping_status":"closed","template":"","meta":{"_acf_changed":false},"product_brand":[],"product_cat":[116,54],"product_tag":[],"class_list":{"0":"post-5139","1":"product","2":"type-product","3":"status-publish","4":"has-post-thumbnail","6":"product_cat-aksesore-rrufeprites","7":"product_cat-sisteme-rrufeprites-nga-shkarkimet-atmosferike","9":"first","10":"instock","11":"shipping-taxable","12":"product-type-simple"},"acf":[],"_links":{"self":[{"href":"https:\/\/www.brikaelektrik.al\/al\/wp-json\/wp\/v2\/product\/5139","targetHints":{"allow":["GET"]}}],"collection":[{"href":"https:\/\/www.brikaelektrik.al\/al\/wp-json\/wp\/v2\/product"}],"about":[{"href":"https:\/\/www.brikaelektrik.al\/al\/wp-json\/wp\/v2\/types\/product"}],"replies":[{"embeddable":true,"href":"https:\/\/www.brikaelektrik.al\/al\/wp-json\/wp\/v2\/comments?post=5139"}],"wp:featuredmedia":[{"embeddable":true,"href":"https:\/\/www.brikaelektrik.al\/al\/wp-json\/wp\/v2\/media\/5138"}],"wp:attachment":[{"href":"https:\/\/www.brikaelektrik.al\/al\/wp-json\/wp\/v2\/media?parent=5139"}],"wp:term":[{"taxonomy":"product_brand","embeddable":true,"href":"https:\/\/www.brikaelektrik.al\/al\/wp-json\/wp\/v2\/product_brand?post=5139"},{"taxonomy":"product_cat","embeddable":true,"href":"https:\/\/www.brikaelektrik.al\/al\/wp-json\/wp\/v2\/product_cat?post=5139"},{"taxonomy":"product_tag","embeddable":true,"href":"https:\/\/www.brikaelektrik.al\/al\/wp-json\/wp\/v2\/product_tag?post=5139"}],"curies":[{"name":"wp","href":"https:\/\/api.w.org\/{rel}","templated":true}]}}