{"id":5140,"date":"2025-11-24T09:18:21","date_gmt":"2025-11-24T09:18:21","guid":{"rendered":"https:\/\/www.brikaelektrik.al\/?post_type=product&#038;p=5140"},"modified":"2025-11-24T09:18:21","modified_gmt":"2025-11-24T09:18:21","slug":"morsete-dyshe-per-elektrode-togezimi-xingato-bs-2","status":"publish","type":"product","link":"https:\/\/www.brikaelektrik.al\/al\/produkt\/morsete-dyshe-per-elektrode-togezimi-xingato-bs-2\/","title":{"rendered":"MORSET\u00cb DYSHE P\u00cbR ELEKTROD\u00cb TOG\u00cbZIMI XINGATO BS-2"},"content":{"rendered":"<p><strong>Seria<\/strong>: LDT<br \/>\n<strong>Modeli:<\/strong> LDTM2\/Z<br \/>\n<strong>P\u00ebrshkrimi: <\/strong>Morset\u00eb dyshe p\u00ebr lidhjen e dy elektrodave tok\u00ebzimi me form\u00eb cilindrike (Xingato BS-2). Ofron nj\u00eb lidhje t\u00eb sigurt, t\u00eb q\u00ebndrueshme dhe t\u00eb mbrojtur nga korrozioni p\u00ebr sistemet e tok\u00ebzimit.<\/p>\n<p><strong>Specifikime teknike kryesore:<\/strong><br \/>\n&#8211; Lloj lidhjeje Dyshe (dy elektroda)<br \/>\n&#8211; Elektroda tok\u00ebzimi cilindrike \u00d816 mm<br \/>\n&#8211; Material inoks \/ \u00e7elik galvanizuar<br \/>\n&#8211; Rezistenc\u00eb ndaj korrozionit e\u00a0lart\u00eb<br \/>\n&#8211; Fiksim me bulona t\u00eb forta p\u00ebr kapje t\u00eb sigurt<br \/>\n&#8211; Montim i leht\u00eb dhe i shpejt\u00eb n\u00eb fush\u00eb<br \/>\n&#8211; Siguron vazhdim\u00ebsi elektrike t\u00eb shk\u00eblqyer<br \/>\n&#8211; Ideale p\u00ebr p\u00ebrdorim n\u00eb tok\u00ebzime profesionale dhe industriale<br \/>\n&#8211; Rezistente ndaj kushteve atmosferike t\u00eb v\u00ebshtira<\/p>","protected":false},"excerpt":{"rendered":"<p>Seria: LDT Modeli: LDTM2\/Z P\u00ebrshkrimi: Morset\u00eb dyshe p\u00ebr lidhjen e dy elektrodave tok\u00ebzimi me form\u00eb cilindrike (Xingato BS-2). Ofron nj\u00eb lidhje t\u00eb sigurt, t\u00eb q\u00ebndrueshme dhe t\u00eb mbrojtur nga korrozioni p\u00ebr sistemet e tok\u00ebzimit. Specifikime teknike kryesore: &#8211; Lloj lidhjeje Dyshe (dy elektroda) &#8211; Elektroda tok\u00ebzimi cilindrike \u00d816 mm &#8211; Material inoks \/ \u00e7elik galvanizuar [&hellip;]<\/p>","protected":false},"featured_media":5141,"comment_status":"open","ping_status":"closed","template":"","meta":{"_acf_changed":false},"product_brand":[],"product_cat":[116,54],"product_tag":[],"class_list":{"0":"post-5140","1":"product","2":"type-product","3":"status-publish","4":"has-post-thumbnail","6":"product_cat-aksesore-rrufeprites","7":"product_cat-sisteme-rrufeprites-nga-shkarkimet-atmosferike","9":"first","10":"instock","11":"shipping-taxable","12":"product-type-simple"},"acf":[],"_links":{"self":[{"href":"https:\/\/www.brikaelektrik.al\/al\/wp-json\/wp\/v2\/product\/5140","targetHints":{"allow":["GET"]}}],"collection":[{"href":"https:\/\/www.brikaelektrik.al\/al\/wp-json\/wp\/v2\/product"}],"about":[{"href":"https:\/\/www.brikaelektrik.al\/al\/wp-json\/wp\/v2\/types\/product"}],"replies":[{"embeddable":true,"href":"https:\/\/www.brikaelektrik.al\/al\/wp-json\/wp\/v2\/comments?post=5140"}],"wp:featuredmedia":[{"embeddable":true,"href":"https:\/\/www.brikaelektrik.al\/al\/wp-json\/wp\/v2\/media\/5141"}],"wp:attachment":[{"href":"https:\/\/www.brikaelektrik.al\/al\/wp-json\/wp\/v2\/media?parent=5140"}],"wp:term":[{"taxonomy":"product_brand","embeddable":true,"href":"https:\/\/www.brikaelektrik.al\/al\/wp-json\/wp\/v2\/product_brand?post=5140"},{"taxonomy":"product_cat","embeddable":true,"href":"https:\/\/www.brikaelektrik.al\/al\/wp-json\/wp\/v2\/product_cat?post=5140"},{"taxonomy":"product_tag","embeddable":true,"href":"https:\/\/www.brikaelektrik.al\/al\/wp-json\/wp\/v2\/product_tag?post=5140"}],"curies":[{"name":"wp","href":"https:\/\/api.w.org\/{rel}","templated":true}]}}