{"id":5142,"date":"2025-11-24T10:18:54","date_gmt":"2025-11-24T10:18:54","guid":{"rendered":"https:\/\/www.brikaelektrik.al\/?post_type=product&#038;p=5142"},"modified":"2025-11-24T10:18:54","modified_gmt":"2025-11-24T10:18:54","slug":"morsete-kryq-me-3-piastra-shtize-tel","status":"publish","type":"product","link":"https:\/\/www.brikaelektrik.al\/al\/produkt\/morsete-kryq-me-3-piastra-shtize-tel\/","title":{"rendered":"MORSET\u00cb KRYQ ME 3 PIASTRA SHTIZ\u00cb-TEL"},"content":{"rendered":"<p><strong>Seria:<\/strong> LDT<br \/>\n<strong>Modeli<\/strong>: LDT5111\/A<br \/>\n<strong>P\u00ebrshkrimi: <\/strong>Morset\u00eb tip kryq me 3 pjasta, p\u00ebr lidhje t\u00eb sigurt dhe t\u00eb q\u00ebndrueshme mes shtiz\u00ebs dhe telit. E p\u00ebrdorur n\u00eb instalime tok\u00ebzimi dhe lidhje elektrike ku k\u00ebrkohet stabilitet dhe lidhje e fort\u00eb n\u00eb kryq mes dy element\u00ebve.<\/p>\n<p><strong>Specifikime teknike kryesore:<\/strong><br \/>\n&#8211; Dizajn kryq me 3 pjasta lidh\u00ebse<br \/>\n&#8211; Material rezistent dhe i galvanizuar kund\u00ebr korrozionit<br \/>\n&#8211; P\u00ebr lidhje shtiz\u00eb-tel me diametra t\u00eb ndrysh\u00ebm<br \/>\n&#8211; Dimensionet dhe madh\u00ebsit\u00eb e pllakave t\u00eb p\u00ebrshtatshme p\u00ebr aplikime t\u00eb ndryshme<br \/>\n&#8211; Siguron lidhje t\u00eb q\u00ebndrueshme dhe t\u00eb fort\u00eb n\u00eb pikat kryq mes telit dhe shtiz\u00ebs<br \/>\n&#8211; I p\u00ebrshtatsh\u00ebm p\u00ebr sisteme tok\u00ebzimi dhe instalime industriale<br \/>\n&#8211; Leht\u00eb p\u00ebr montim dhe p\u00ebrdorim me vida ose mjete tjera fikse<br \/>\n&#8211; Material me rezistenc\u00eb t\u00eb lart\u00eb ndaj ndikimeve atmosferike dhe korrozionit<\/p>","protected":false},"excerpt":{"rendered":"<p>Seria: LDT Modeli: LDT5111\/A P\u00ebrshkrimi: Morset\u00eb tip kryq me 3 pjasta, p\u00ebr lidhje t\u00eb sigurt dhe t\u00eb q\u00ebndrueshme mes shtiz\u00ebs dhe telit. E p\u00ebrdorur n\u00eb instalime tok\u00ebzimi dhe lidhje elektrike ku k\u00ebrkohet stabilitet dhe lidhje e fort\u00eb n\u00eb kryq mes dy element\u00ebve. Specifikime teknike kryesore: &#8211; Dizajn kryq me 3 pjasta lidh\u00ebse &#8211; Material rezistent [&hellip;]<\/p>","protected":false},"featured_media":5144,"comment_status":"open","ping_status":"closed","template":"","meta":{"_acf_changed":false},"product_brand":[],"product_cat":[116,54],"product_tag":[],"class_list":{"0":"post-5142","1":"product","2":"type-product","3":"status-publish","4":"has-post-thumbnail","6":"product_cat-aksesore-rrufeprites","7":"product_cat-sisteme-rrufeprites-nga-shkarkimet-atmosferike","9":"first","10":"instock","11":"shipping-taxable","12":"product-type-simple"},"acf":[],"_links":{"self":[{"href":"https:\/\/www.brikaelektrik.al\/al\/wp-json\/wp\/v2\/product\/5142","targetHints":{"allow":["GET"]}}],"collection":[{"href":"https:\/\/www.brikaelektrik.al\/al\/wp-json\/wp\/v2\/product"}],"about":[{"href":"https:\/\/www.brikaelektrik.al\/al\/wp-json\/wp\/v2\/types\/product"}],"replies":[{"embeddable":true,"href":"https:\/\/www.brikaelektrik.al\/al\/wp-json\/wp\/v2\/comments?post=5142"}],"wp:featuredmedia":[{"embeddable":true,"href":"https:\/\/www.brikaelektrik.al\/al\/wp-json\/wp\/v2\/media\/5144"}],"wp:attachment":[{"href":"https:\/\/www.brikaelektrik.al\/al\/wp-json\/wp\/v2\/media?parent=5142"}],"wp:term":[{"taxonomy":"product_brand","embeddable":true,"href":"https:\/\/www.brikaelektrik.al\/al\/wp-json\/wp\/v2\/product_brand?post=5142"},{"taxonomy":"product_cat","embeddable":true,"href":"https:\/\/www.brikaelektrik.al\/al\/wp-json\/wp\/v2\/product_cat?post=5142"},{"taxonomy":"product_tag","embeddable":true,"href":"https:\/\/www.brikaelektrik.al\/al\/wp-json\/wp\/v2\/product_tag?post=5142"}],"curies":[{"name":"wp","href":"https:\/\/api.w.org\/{rel}","templated":true}]}}