{"id":5145,"date":"2025-11-24T11:18:03","date_gmt":"2025-11-24T11:18:03","guid":{"rendered":"https:\/\/www.brikaelektrik.al\/?post_type=product&#038;p=5145"},"modified":"2025-11-24T11:27:55","modified_gmt":"2025-11-24T11:27:55","slug":"shtize-rrufepritese-1ml","status":"publish","type":"product","link":"https:\/\/www.brikaelektrik.al\/al\/produkt\/shtize-rrufepritese-1ml\/","title":{"rendered":"SHTIZ\u00cb RRUFEPRIT\u00cbSE 1ML"},"content":{"rendered":"<p><strong>Seria: <\/strong>LDT<strong><br \/>\nModeli:<\/strong> LDT0386A100<strong><br \/>\n<\/strong><strong>P\u00ebrshkrimi: <\/strong>Shtiza rufeprit\u00ebse LDT0386A100 \u00ebsht\u00eb nj\u00eb komponent metalik i dedikuar p\u00ebr mbrojtjen nga rrufet\u00eb. Me gjat\u00ebsi 1 met\u00ebr, ajo instalohet n\u00eb kulme nd\u00ebrtesash ose struktura t\u00eb tjera p\u00ebr t\u00eb kapur dhe drejtuar energjin\u00eb e rrufes\u00eb drejt tok\u00ebzimit n\u00eb m\u00ebnyr\u00eb t\u00eb sigurt.<\/p>\n<p><strong>Specifikime teknike kryesore:<\/strong><br \/>\n&#8211; Gjat\u00ebsia: 1 met\u00ebr<br \/>\n&#8211; Material: Inox (\u00e7elik i pandryshksh\u00ebm) ose bak\u00ebr<br \/>\n&#8211; Diametri: \u00d816 mm<br \/>\n&#8211; Lidhje me baz\u00eb ose mbajt\u00ebse izoluese<br \/>\n&#8211; Sip\u00ebrfaqe e l\u00ebmuar p\u00ebr rezistenc\u00eb ndaj kushteve atmosferike<br \/>\n&#8211; Rezistenc\u00eb e lart\u00eb ndaj korrozionit<br \/>\n&#8211; Jet\u00ebgjat\u00ebsi e madhe edhe n\u00eb ambiente t\u00eb v\u00ebshtira<br \/>\n&#8211; P\u00ebrdoret n\u00eb sistemet e mbrojtjes nga rrufeja n\u00eb godina banimi, industriale dhe komerciale<br \/>\n&#8211; E p\u00ebrputhshme me standardet e tok\u00ebzimit dhe rufepritjes<\/p>","protected":false},"excerpt":{"rendered":"<p>Seria: LDT Modeli: LDT0386A100 P\u00ebrshkrimi: Shtiza rufeprit\u00ebse LDT0386A100 \u00ebsht\u00eb nj\u00eb komponent metalik i dedikuar p\u00ebr mbrojtjen nga rrufet\u00eb. Me gjat\u00ebsi 1 met\u00ebr, ajo instalohet n\u00eb kulme nd\u00ebrtesash ose struktura t\u00eb tjera p\u00ebr t\u00eb kapur dhe drejtuar energjin\u00eb e rrufes\u00eb drejt tok\u00ebzimit n\u00eb m\u00ebnyr\u00eb t\u00eb sigurt. Specifikime teknike kryesore: &#8211; Gjat\u00ebsia: 1 met\u00ebr &#8211; Material: Inox [&hellip;]<\/p>","protected":false},"featured_media":5151,"comment_status":"open","ping_status":"closed","template":"","meta":{"_acf_changed":false},"product_brand":[],"product_cat":[117,54],"product_tag":[],"class_list":{"0":"post-5145","1":"product","2":"type-product","3":"status-publish","4":"has-post-thumbnail","6":"product_cat-shtiza-rrufeprites","7":"product_cat-sisteme-rrufeprites-nga-shkarkimet-atmosferike","9":"first","10":"instock","11":"shipping-taxable","12":"product-type-simple"},"acf":[],"_links":{"self":[{"href":"https:\/\/www.brikaelektrik.al\/al\/wp-json\/wp\/v2\/product\/5145","targetHints":{"allow":["GET"]}}],"collection":[{"href":"https:\/\/www.brikaelektrik.al\/al\/wp-json\/wp\/v2\/product"}],"about":[{"href":"https:\/\/www.brikaelektrik.al\/al\/wp-json\/wp\/v2\/types\/product"}],"replies":[{"embeddable":true,"href":"https:\/\/www.brikaelektrik.al\/al\/wp-json\/wp\/v2\/comments?post=5145"}],"wp:featuredmedia":[{"embeddable":true,"href":"https:\/\/www.brikaelektrik.al\/al\/wp-json\/wp\/v2\/media\/5151"}],"wp:attachment":[{"href":"https:\/\/www.brikaelektrik.al\/al\/wp-json\/wp\/v2\/media?parent=5145"}],"wp:term":[{"taxonomy":"product_brand","embeddable":true,"href":"https:\/\/www.brikaelektrik.al\/al\/wp-json\/wp\/v2\/product_brand?post=5145"},{"taxonomy":"product_cat","embeddable":true,"href":"https:\/\/www.brikaelektrik.al\/al\/wp-json\/wp\/v2\/product_cat?post=5145"},{"taxonomy":"product_tag","embeddable":true,"href":"https:\/\/www.brikaelektrik.al\/al\/wp-json\/wp\/v2\/product_tag?post=5145"}],"curies":[{"name":"wp","href":"https:\/\/api.w.org\/{rel}","templated":true}]}}