{"id":5147,"date":"2025-11-24T11:03:29","date_gmt":"2025-11-24T11:03:29","guid":{"rendered":"https:\/\/www.brikaelektrik.al\/?post_type=product&#038;p=5147"},"modified":"2025-11-24T11:03:29","modified_gmt":"2025-11-24T11:03:29","slug":"morsete-tel-shirit-3-pjastra-pd-pbt","status":"publish","type":"product","link":"https:\/\/www.brikaelektrik.al\/al\/produkt\/morsete-tel-shirit-3-pjastra-pd-pbt\/","title":{"rendered":"MORSET\u00cb TEL-SHIRIT 3 PJASTRA (PD-PBT)"},"content":{"rendered":"<p><strong>Seria:<\/strong> LDT<br \/>\n<strong>Modeli:<\/strong> LDT5115<br \/>\n<strong>P\u00ebrshkrimi: <\/strong>Morset\u00eb p\u00ebr lidhje tel-shirit tok\u00ebzimi me 3 pjasta, p\u00ebrdoret p\u00ebr lidhjen e telave me shirita tok\u00ebzimi n\u00eb instalime elektrike, duke siguruar lidhje t\u00eb fort\u00eb dhe t\u00eb q\u00ebndrueshme.<\/p>\n<p><strong>Specifikime teknike kryesore:<\/strong><br \/>\n&#8211; P\u00ebrshtatet p\u00ebr lidhjen e telave me shirita tok\u00ebzimi<br \/>\n&#8211; Dizajn me 3 pjasta p\u00ebr fiksim t\u00eb sigurt dhe t\u00eb q\u00ebndruesh\u00ebm<br \/>\n&#8211; Material rezistent ndaj korrozionit dhe ndikimeve atmosferike<br \/>\n&#8211; Montim i thjesht\u00eb dhe i shpejt\u00eb<br \/>\n&#8211; Siguron lidhje t\u00eb fort\u00eb elektrike dhe mekanike<br \/>\n&#8211; Rezistenc\u00eb e lart\u00eb ndaj oksidimit dhe kushtimeve atmosferike<br \/>\n&#8211; I p\u00ebrshtatsh\u00ebm p\u00ebr p\u00ebrdorim n\u00eb ambiente t\u00eb jashtme dhe t\u00eb brendshme<br \/>\n&#8211; Konstrukcion i q\u00ebndruesh\u00ebm dhe jet\u00ebgjat\u00ebsi n\u00eb p\u00ebrdorim<br \/>\n&#8211; Siguron izolim dhe fiksim t\u00eb sigurt p\u00ebr lidhjen tel-shirit tok\u00ebzimi<\/p>","protected":false},"excerpt":{"rendered":"<p>Seria: LDT Modeli: LDT5115 P\u00ebrshkrimi: Morset\u00eb p\u00ebr lidhje tel-shirit tok\u00ebzimi me 3 pjasta, p\u00ebrdoret p\u00ebr lidhjen e telave me shirita tok\u00ebzimi n\u00eb instalime elektrike, duke siguruar lidhje t\u00eb fort\u00eb dhe t\u00eb q\u00ebndrueshme. Specifikime teknike kryesore: &#8211; P\u00ebrshtatet p\u00ebr lidhjen e telave me shirita tok\u00ebzimi &#8211; Dizajn me 3 pjasta p\u00ebr fiksim t\u00eb sigurt dhe t\u00eb [&hellip;]<\/p>","protected":false},"featured_media":5148,"comment_status":"open","ping_status":"closed","template":"","meta":{"_acf_changed":false},"product_brand":[],"product_cat":[116,54],"product_tag":[],"class_list":{"0":"post-5147","1":"product","2":"type-product","3":"status-publish","4":"has-post-thumbnail","6":"product_cat-aksesore-rrufeprites","7":"product_cat-sisteme-rrufeprites-nga-shkarkimet-atmosferike","9":"first","10":"instock","11":"shipping-taxable","12":"product-type-simple"},"acf":[],"_links":{"self":[{"href":"https:\/\/www.brikaelektrik.al\/al\/wp-json\/wp\/v2\/product\/5147","targetHints":{"allow":["GET"]}}],"collection":[{"href":"https:\/\/www.brikaelektrik.al\/al\/wp-json\/wp\/v2\/product"}],"about":[{"href":"https:\/\/www.brikaelektrik.al\/al\/wp-json\/wp\/v2\/types\/product"}],"replies":[{"embeddable":true,"href":"https:\/\/www.brikaelektrik.al\/al\/wp-json\/wp\/v2\/comments?post=5147"}],"wp:featuredmedia":[{"embeddable":true,"href":"https:\/\/www.brikaelektrik.al\/al\/wp-json\/wp\/v2\/media\/5148"}],"wp:attachment":[{"href":"https:\/\/www.brikaelektrik.al\/al\/wp-json\/wp\/v2\/media?parent=5147"}],"wp:term":[{"taxonomy":"product_brand","embeddable":true,"href":"https:\/\/www.brikaelektrik.al\/al\/wp-json\/wp\/v2\/product_brand?post=5147"},{"taxonomy":"product_cat","embeddable":true,"href":"https:\/\/www.brikaelektrik.al\/al\/wp-json\/wp\/v2\/product_cat?post=5147"},{"taxonomy":"product_tag","embeddable":true,"href":"https:\/\/www.brikaelektrik.al\/al\/wp-json\/wp\/v2\/product_tag?post=5147"}],"curies":[{"name":"wp","href":"https:\/\/api.w.org\/{rel}","templated":true}]}}