{"id":5149,"date":"2025-11-24T11:10:19","date_gmt":"2025-11-24T11:10:19","guid":{"rendered":"https:\/\/www.brikaelektrik.al\/?post_type=product&#038;p=5149"},"modified":"2025-11-24T11:10:19","modified_gmt":"2025-11-24T11:10:19","slug":"morsete-koke-rrufe-pritesi-mga","status":"publish","type":"product","link":"https:\/\/www.brikaelektrik.al\/al\/produkt\/morsete-koke-rrufe-pritesi-mga\/","title":{"rendered":"MORSET\u00cb KOKE RRUFE PRIT\u00cbSI MGA"},"content":{"rendered":"<p><strong>Seria:<\/strong> LDT<br \/>\n<strong>Modeli:<\/strong> LDT8000<br \/>\n<strong>P\u00ebrshkrimi: <\/strong>Morset\u00eb kok\u00eb p\u00ebr rrufeprit\u00ebs MGA, e projektuar p\u00ebr t\u00eb mbajtur shufr\u00ebn vertikale t\u00eb rrufeprit\u00ebsit n\u00eb m\u00ebnyr\u00eb t\u00eb sigurt dhe t\u00eb q\u00ebndrueshme. Siguron lidhje t\u00eb besueshme me sistemin e tok\u00ebzimit.<\/p>\n<p><strong>Specifikime teknike kryesore:<\/strong><br \/>\n&#8211; Mbajt\u00ebse p\u00ebr kok\u00ebn e rrufeprit\u00ebsit<br \/>\n&#8211; Diametri i p\u00ebrshtatsh\u00ebm p\u00ebr\u00a0 \u00d816 mm (ose sipas sistemit t\u00eb instaluar)<br \/>\n&#8211; Material Inoks \/ aliazh alumini \/ \u00e7elik i galvanizuar<br \/>\n&#8211; Fiksim me vid\u00eb fiksimi ose bulona inox<br \/>\n&#8211; Rezistenc\u00eb e lart\u00eb ndaj korrozionit dhe kushteve atmosferike<br \/>\n&#8211; Lidhje mekanike dhe elektrike e sigurt<br \/>\n&#8211; Montim i shpejt\u00eb dhe praktik n\u00eb maj\u00ebn e shufr\u00ebs rrufeprit\u00ebse<br \/>\n&#8211; P\u00ebrdorim n\u00eb sisteme rrufeprit\u00ebse p\u00ebr nd\u00ebrtesa, panele diellore apo struktura t\u00eb larta<\/p>","protected":false},"excerpt":{"rendered":"<p>Seria: LDT Modeli: LDT8000 P\u00ebrshkrimi: Morset\u00eb kok\u00eb p\u00ebr rrufeprit\u00ebs MGA, e projektuar p\u00ebr t\u00eb mbajtur shufr\u00ebn vertikale t\u00eb rrufeprit\u00ebsit n\u00eb m\u00ebnyr\u00eb t\u00eb sigurt dhe t\u00eb q\u00ebndrueshme. Siguron lidhje t\u00eb besueshme me sistemin e tok\u00ebzimit. Specifikime teknike kryesore: &#8211; Mbajt\u00ebse p\u00ebr kok\u00ebn e rrufeprit\u00ebsit &#8211; Diametri i p\u00ebrshtatsh\u00ebm p\u00ebr\u00a0 \u00d816 mm (ose sipas sistemit t\u00eb instaluar) [&hellip;]<\/p>","protected":false},"featured_media":5150,"comment_status":"open","ping_status":"closed","template":"","meta":{"_acf_changed":false},"product_brand":[],"product_cat":[116,54],"product_tag":[],"class_list":{"0":"post-5149","1":"product","2":"type-product","3":"status-publish","4":"has-post-thumbnail","6":"product_cat-aksesore-rrufeprites","7":"product_cat-sisteme-rrufeprites-nga-shkarkimet-atmosferike","9":"first","10":"instock","11":"shipping-taxable","12":"product-type-simple"},"acf":[],"_links":{"self":[{"href":"https:\/\/www.brikaelektrik.al\/al\/wp-json\/wp\/v2\/product\/5149","targetHints":{"allow":["GET"]}}],"collection":[{"href":"https:\/\/www.brikaelektrik.al\/al\/wp-json\/wp\/v2\/product"}],"about":[{"href":"https:\/\/www.brikaelektrik.al\/al\/wp-json\/wp\/v2\/types\/product"}],"replies":[{"embeddable":true,"href":"https:\/\/www.brikaelektrik.al\/al\/wp-json\/wp\/v2\/comments?post=5149"}],"wp:featuredmedia":[{"embeddable":true,"href":"https:\/\/www.brikaelektrik.al\/al\/wp-json\/wp\/v2\/media\/5150"}],"wp:attachment":[{"href":"https:\/\/www.brikaelektrik.al\/al\/wp-json\/wp\/v2\/media?parent=5149"}],"wp:term":[{"taxonomy":"product_brand","embeddable":true,"href":"https:\/\/www.brikaelektrik.al\/al\/wp-json\/wp\/v2\/product_brand?post=5149"},{"taxonomy":"product_cat","embeddable":true,"href":"https:\/\/www.brikaelektrik.al\/al\/wp-json\/wp\/v2\/product_cat?post=5149"},{"taxonomy":"product_tag","embeddable":true,"href":"https:\/\/www.brikaelektrik.al\/al\/wp-json\/wp\/v2\/product_tag?post=5149"}],"curies":[{"name":"wp","href":"https:\/\/api.w.org\/{rel}","templated":true}]}}