{"id":5152,"date":"2025-11-24T11:27:59","date_gmt":"2025-11-24T11:27:59","guid":{"rendered":"https:\/\/www.brikaelektrik.al\/?post_type=product&#038;p=5152"},"modified":"2025-11-24T11:30:55","modified_gmt":"2025-11-24T11:30:55","slug":"shtize-rrufepritese-2ml","status":"publish","type":"product","link":"https:\/\/www.brikaelektrik.al\/al\/produkt\/shtize-rrufepritese-2ml\/","title":{"rendered":"SHTIZ\u00cb RRUFEPRIT\u00cbSE 2ML"},"content":{"rendered":"<p><strong>Seria:<\/strong> LDT<br \/>\n<strong>Modeli:<\/strong> LDT0386A200<br \/>\n<strong>P\u00ebrshkrimi: <\/strong>Shtiz\u00eb rruf\u00ebprit\u00ebse prej \u00e7eliku inoks, me gjat\u00ebsi 2 metra, e p\u00ebrshtatshme p\u00ebr sisteme mbrojtjeje nga rrufet\u00eb n\u00eb godina banimi, industriale apo instalime fotovoltaike. Projektuar p\u00ebr montim vertikal n\u00eb kulme apo struktura mb\u00ebshtet\u00ebse.<\/p>\n<p><strong>Specifikime teknike kryesore:<\/strong><br \/>\n&#8211; Materiali Inoks (\u00e7elik inox rezistent ndaj korrozionit)<br \/>\n&#8211; Gjat\u00ebsia: 2 metra<br \/>\n&#8211; Diametri: \u00d816 mm<br \/>\n&#8211; Lidhje me nyje M10 p\u00ebr pajisje mb\u00ebshtet\u00ebse<br \/>\n&#8211; Sip\u00ebrfaqe e l\u00ebmuar p\u00ebr jet\u00ebgjat\u00ebsi n\u00eb ambient t\u00eb jasht\u00ebm<br \/>\n&#8211; Rezistenc\u00eb e lart\u00eb ndaj kushteve atmosferike<br \/>\n&#8211; Montim i thjesht\u00eb dhe i shpejt\u00eb<br \/>\n&#8211; P\u00ebrshtatshm\u00ebri p\u00ebr sisteme rruf\u00ebprit\u00ebse sipas standardeve nd\u00ebrkomb\u00ebtare<br \/>\n&#8211; Kombinohet me mbajt\u00ebse dhe baza t\u00eb ndryshme strukturore p\u00ebr aplikime t\u00eb ndryshme<\/p>","protected":false},"excerpt":{"rendered":"<p>Seria: LDT Modeli: LDT0386A200 P\u00ebrshkrimi: Shtiz\u00eb rruf\u00ebprit\u00ebse prej \u00e7eliku inoks, me gjat\u00ebsi 2 metra, e p\u00ebrshtatshme p\u00ebr sisteme mbrojtjeje nga rrufet\u00eb n\u00eb godina banimi, industriale apo instalime fotovoltaike. Projektuar p\u00ebr montim vertikal n\u00eb kulme apo struktura mb\u00ebshtet\u00ebse. Specifikime teknike kryesore: &#8211; Materiali Inoks (\u00e7elik inox rezistent ndaj korrozionit) &#8211; Gjat\u00ebsia: 2 metra &#8211; Diametri: \u00d816 [&hellip;]<\/p>","protected":false},"featured_media":5151,"comment_status":"open","ping_status":"closed","template":"","meta":{"_acf_changed":false},"product_brand":[],"product_cat":[117,54],"product_tag":[],"class_list":{"0":"post-5152","1":"product","2":"type-product","3":"status-publish","4":"has-post-thumbnail","6":"product_cat-shtiza-rrufeprites","7":"product_cat-sisteme-rrufeprites-nga-shkarkimet-atmosferike","9":"first","10":"instock","11":"shipping-taxable","12":"product-type-simple"},"acf":[],"_links":{"self":[{"href":"https:\/\/www.brikaelektrik.al\/al\/wp-json\/wp\/v2\/product\/5152","targetHints":{"allow":["GET"]}}],"collection":[{"href":"https:\/\/www.brikaelektrik.al\/al\/wp-json\/wp\/v2\/product"}],"about":[{"href":"https:\/\/www.brikaelektrik.al\/al\/wp-json\/wp\/v2\/types\/product"}],"replies":[{"embeddable":true,"href":"https:\/\/www.brikaelektrik.al\/al\/wp-json\/wp\/v2\/comments?post=5152"}],"wp:featuredmedia":[{"embeddable":true,"href":"https:\/\/www.brikaelektrik.al\/al\/wp-json\/wp\/v2\/media\/5151"}],"wp:attachment":[{"href":"https:\/\/www.brikaelektrik.al\/al\/wp-json\/wp\/v2\/media?parent=5152"}],"wp:term":[{"taxonomy":"product_brand","embeddable":true,"href":"https:\/\/www.brikaelektrik.al\/al\/wp-json\/wp\/v2\/product_brand?post=5152"},{"taxonomy":"product_cat","embeddable":true,"href":"https:\/\/www.brikaelektrik.al\/al\/wp-json\/wp\/v2\/product_cat?post=5152"},{"taxonomy":"product_tag","embeddable":true,"href":"https:\/\/www.brikaelektrik.al\/al\/wp-json\/wp\/v2\/product_tag?post=5152"}],"curies":[{"name":"wp","href":"https:\/\/api.w.org\/{rel}","templated":true}]}}