{"id":5153,"date":"2025-11-24T11:31:45","date_gmt":"2025-11-24T11:31:45","guid":{"rendered":"https:\/\/www.brikaelektrik.al\/?post_type=product&#038;p=5153"},"modified":"2025-11-24T11:31:45","modified_gmt":"2025-11-24T11:31:45","slug":"shtize-rrufepritese-1-5ml","status":"publish","type":"product","link":"https:\/\/www.brikaelektrik.al\/al\/produkt\/shtize-rrufepritese-1-5ml\/","title":{"rendered":"SHTIZ\u00cb RRUFEPRIT\u00cbSE 1.5ML"},"content":{"rendered":"<p><strong>Seria:<\/strong> LDT<br \/>\n<strong>Modeli:<\/strong> LDT0386A150<br \/>\n<strong>P\u00ebrshkrimi: <\/strong>Shtiz\u00eb rruf\u00ebprit\u00ebse prej \u00e7eliku inoks me gjat\u00ebsi 1.5 metra, e projektuar p\u00ebr mbrojtje efikase nga rrufet\u00eb n\u00eb nd\u00ebrtesa, struktura industriale dhe instalime elektrike n\u00eb natyr\u00eb. Ofron q\u00ebndrueshm\u00ebri t\u00eb lart\u00eb dhe jet\u00ebgjat\u00ebsi n\u00eb kushte t\u00eb v\u00ebshtira atmosferike.<\/p>\n<p><strong>Specifikime teknike kryesore:<\/strong><br \/>\n&#8211; Materiali Inoks rezistent ndaj korrozionit<br \/>\n&#8211; Gjat\u00ebsia: 1.5 metra<br \/>\n&#8211; Diametri: \u00d816 mm<br \/>\n&#8211; Nyje lidh\u00ebse: M10<br \/>\n&#8211; Sip\u00ebrfaqe: E l\u00ebmuar, jo reflektuese<br \/>\n&#8211; Rezistenc\u00eb e lart\u00eb ndaj faktor\u00ebve mjedisor\u00eb<br \/>\n&#8211; Leht\u00ebsi n\u00eb montim me sistem fiksimi standard<br \/>\n&#8211; P\u00ebrshtatshm\u00ebri me sisteme rruf\u00ebprit\u00ebse t\u00eb certifikuara<br \/>\n&#8211; Ideale p\u00ebr nd\u00ebrtesa me nevoj\u00eb p\u00ebr mbrojtje bazike ndaj rrufes\u00eb<\/p>","protected":false},"excerpt":{"rendered":"<p>Seria: LDT Modeli: LDT0386A150 P\u00ebrshkrimi: Shtiz\u00eb rruf\u00ebprit\u00ebse prej \u00e7eliku inoks me gjat\u00ebsi 1.5 metra, e projektuar p\u00ebr mbrojtje efikase nga rrufet\u00eb n\u00eb nd\u00ebrtesa, struktura industriale dhe instalime elektrike n\u00eb natyr\u00eb. Ofron q\u00ebndrueshm\u00ebri t\u00eb lart\u00eb dhe jet\u00ebgjat\u00ebsi n\u00eb kushte t\u00eb v\u00ebshtira atmosferike. Specifikime teknike kryesore: &#8211; Materiali Inoks rezistent ndaj korrozionit &#8211; Gjat\u00ebsia: 1.5 metra &#8211; [&hellip;]<\/p>","protected":false},"featured_media":5151,"comment_status":"open","ping_status":"closed","template":"","meta":{"_acf_changed":false},"product_brand":[],"product_cat":[117,54],"product_tag":[],"class_list":{"0":"post-5153","1":"product","2":"type-product","3":"status-publish","4":"has-post-thumbnail","6":"product_cat-shtiza-rrufeprites","7":"product_cat-sisteme-rrufeprites-nga-shkarkimet-atmosferike","9":"first","10":"instock","11":"shipping-taxable","12":"product-type-simple"},"acf":[],"_links":{"self":[{"href":"https:\/\/www.brikaelektrik.al\/al\/wp-json\/wp\/v2\/product\/5153","targetHints":{"allow":["GET"]}}],"collection":[{"href":"https:\/\/www.brikaelektrik.al\/al\/wp-json\/wp\/v2\/product"}],"about":[{"href":"https:\/\/www.brikaelektrik.al\/al\/wp-json\/wp\/v2\/types\/product"}],"replies":[{"embeddable":true,"href":"https:\/\/www.brikaelektrik.al\/al\/wp-json\/wp\/v2\/comments?post=5153"}],"wp:featuredmedia":[{"embeddable":true,"href":"https:\/\/www.brikaelektrik.al\/al\/wp-json\/wp\/v2\/media\/5151"}],"wp:attachment":[{"href":"https:\/\/www.brikaelektrik.al\/al\/wp-json\/wp\/v2\/media?parent=5153"}],"wp:term":[{"taxonomy":"product_brand","embeddable":true,"href":"https:\/\/www.brikaelektrik.al\/al\/wp-json\/wp\/v2\/product_brand?post=5153"},{"taxonomy":"product_cat","embeddable":true,"href":"https:\/\/www.brikaelektrik.al\/al\/wp-json\/wp\/v2\/product_cat?post=5153"},{"taxonomy":"product_tag","embeddable":true,"href":"https:\/\/www.brikaelektrik.al\/al\/wp-json\/wp\/v2\/product_tag?post=5153"}],"curies":[{"name":"wp","href":"https:\/\/api.w.org\/{rel}","templated":true}]}}