{"id":5154,"date":"2025-11-24T15:25:33","date_gmt":"2025-11-24T15:25:33","guid":{"rendered":"https:\/\/www.brikaelektrik.al\/?post_type=product&#038;p=5154"},"modified":"2025-11-24T15:25:33","modified_gmt":"2025-11-24T15:25:33","slug":"elektrode-togezimi-xingato-2m","status":"publish","type":"product","link":"https:\/\/www.brikaelektrik.al\/al\/produkt\/elektrode-togezimi-xingato-2m\/","title":{"rendered":"ELEKTROD\u00cb TOG\u00cbZIMI XINGATO 2M"},"content":{"rendered":"<p><strong>Seria:<\/strong> LDT<br \/>\n<strong>Modeli:<\/strong> LDT513<br \/>\n<strong>P\u00ebrshkrimi:<\/strong> Elektrod\u00eb xingato p\u00ebr sistemet e tokezimit, e nd\u00ebrtuar p\u00ebr t\u00eb siguruar p\u00ebr\u00e7ueshm\u00ebri t\u00eb lart\u00eb dhe q\u00ebndrueshm\u00ebri ndaj korrozionit.<\/p>\n<p><strong>Specifikime teknike kryesore:<\/strong><br \/>\n&#8211; Gjat\u00ebsia: 2 metra<br \/>\n&#8211; Diametri: zakonisht 16 mm (ose sipas specifikimeve t\u00eb mark\u00ebs)<br \/>\n&#8211; Materiali: \u00c7elik i galvanizuar (xingato)<br \/>\n&#8211; Sip\u00ebrfaqe rezistente ndaj kushteve atmosferike<br \/>\n&#8211; Jet\u00ebgjat\u00ebsi e lart\u00eb fal\u00eb galvanizimit<br \/>\n&#8211; I p\u00ebrshtatsh\u00ebm p\u00ebr p\u00ebrdorim n\u00eb tok\u00eb t\u00eb lag\u00ebsht ose t\u00eb that\u00eb<br \/>\n&#8211; Leht\u00ebsi n\u00eb instalim dhe lidhje me morseta tokezimi<br \/>\n&#8211; P\u00ebrdorim i gjer\u00eb n\u00eb nd\u00ebrtesa civile, industriale dhe sisteme fotovoltaike<\/p>","protected":false},"excerpt":{"rendered":"<p>Seria: LDT Modeli: LDT513 P\u00ebrshkrimi: Elektrod\u00eb xingato p\u00ebr sistemet e tokezimit, e nd\u00ebrtuar p\u00ebr t\u00eb siguruar p\u00ebr\u00e7ueshm\u00ebri t\u00eb lart\u00eb dhe q\u00ebndrueshm\u00ebri ndaj korrozionit. Specifikime teknike kryesore: &#8211; Gjat\u00ebsia: 2 metra &#8211; Diametri: zakonisht 16 mm (ose sipas specifikimeve t\u00eb mark\u00ebs) &#8211; Materiali: \u00c7elik i galvanizuar (xingato) &#8211; Sip\u00ebrfaqe rezistente ndaj kushteve atmosferike &#8211; Jet\u00ebgjat\u00ebsi e [&hellip;]<\/p>","protected":false},"featured_media":5155,"comment_status":"open","ping_status":"closed","template":"","meta":{"_acf_changed":false},"product_brand":[],"product_cat":[118,54],"product_tag":[],"class_list":{"0":"post-5154","1":"product","2":"type-product","3":"status-publish","4":"has-post-thumbnail","6":"product_cat-elektroda-tokezimi","7":"product_cat-sisteme-rrufeprites-nga-shkarkimet-atmosferike","9":"first","10":"instock","11":"shipping-taxable","12":"product-type-simple"},"acf":[],"_links":{"self":[{"href":"https:\/\/www.brikaelektrik.al\/al\/wp-json\/wp\/v2\/product\/5154","targetHints":{"allow":["GET"]}}],"collection":[{"href":"https:\/\/www.brikaelektrik.al\/al\/wp-json\/wp\/v2\/product"}],"about":[{"href":"https:\/\/www.brikaelektrik.al\/al\/wp-json\/wp\/v2\/types\/product"}],"replies":[{"embeddable":true,"href":"https:\/\/www.brikaelektrik.al\/al\/wp-json\/wp\/v2\/comments?post=5154"}],"wp:featuredmedia":[{"embeddable":true,"href":"https:\/\/www.brikaelektrik.al\/al\/wp-json\/wp\/v2\/media\/5155"}],"wp:attachment":[{"href":"https:\/\/www.brikaelektrik.al\/al\/wp-json\/wp\/v2\/media?parent=5154"}],"wp:term":[{"taxonomy":"product_brand","embeddable":true,"href":"https:\/\/www.brikaelektrik.al\/al\/wp-json\/wp\/v2\/product_brand?post=5154"},{"taxonomy":"product_cat","embeddable":true,"href":"https:\/\/www.brikaelektrik.al\/al\/wp-json\/wp\/v2\/product_cat?post=5154"},{"taxonomy":"product_tag","embeddable":true,"href":"https:\/\/www.brikaelektrik.al\/al\/wp-json\/wp\/v2\/product_tag?post=5154"}],"curies":[{"name":"wp","href":"https:\/\/api.w.org\/{rel}","templated":true}]}}