{"id":5156,"date":"2025-11-24T15:30:10","date_gmt":"2025-11-24T15:30:10","guid":{"rendered":"https:\/\/www.brikaelektrik.al\/?post_type=product&#038;p=5156"},"modified":"2025-11-24T15:30:10","modified_gmt":"2025-11-24T15:30:10","slug":"elektrode-togezimi-xingato-1-mt-dc3-150","status":"publish","type":"product","link":"https:\/\/www.brikaelektrik.al\/al\/produkt\/elektrode-togezimi-xingato-1-mt-dc3-150\/","title":{"rendered":"ELEKTROD\u00cb TOG\u00cbZIMI XINGATO 1 MT (DC3-150)"},"content":{"rendered":"<p><strong>Seria:<\/strong> LDT<br \/>\n<strong>Modeli:<\/strong> LDT511<br \/>\n<strong>P\u00ebrshkrimi:<\/strong> Elektrod\u00eb prej \u00e7eliku t\u00eb galvanizuar (xingato) me gjat\u00ebsi 1 met\u00ebr, e p\u00ebrdorur n\u00eb sistemet e tokezimit p\u00ebr siguri elektrike.<\/p>\n<p><strong>Specifikime teknike kryesore:<\/strong><br \/>\n&#8211; Gjat\u00ebsia: 1 met\u00ebr<br \/>\n&#8211; Diametri: 16 mm (standarde)<br \/>\n&#8211; Materiali: \u00c7elik i galvanizuar n\u00eb zhytje t\u00eb nxeht\u00eb<br \/>\n&#8211; Rezistenc\u00eb ndaj korrozionit dhe kushteve atmosferike<br \/>\n&#8211; Montim i thjesht\u00eb dhe i shpejt\u00eb n\u00eb terren<br \/>\n&#8211; Siguron p\u00ebr\u00e7ueshm\u00ebri t\u00eb mir\u00eb t\u00eb energjis\u00eb drejt tok\u00ebs<br \/>\n&#8211; I p\u00ebrshtatsh\u00ebm p\u00ebr sisteme mbrojt\u00ebse elektrike dhe rrufeprit\u00ebse<br \/>\n&#8211; P\u00ebrdoret n\u00eb nd\u00ebrtesa banimi, industriale dhe instalime fotovoltaike<\/p>","protected":false},"excerpt":{"rendered":"<p>Seria: LDT Modeli: LDT511 P\u00ebrshkrimi: Elektrod\u00eb prej \u00e7eliku t\u00eb galvanizuar (xingato) me gjat\u00ebsi 1 met\u00ebr, e p\u00ebrdorur n\u00eb sistemet e tokezimit p\u00ebr siguri elektrike. Specifikime teknike kryesore: &#8211; Gjat\u00ebsia: 1 met\u00ebr &#8211; Diametri: 16 mm (standarde) &#8211; Materiali: \u00c7elik i galvanizuar n\u00eb zhytje t\u00eb nxeht\u00eb &#8211; Rezistenc\u00eb ndaj korrozionit dhe kushteve atmosferike &#8211; Montim i [&hellip;]<\/p>","protected":false},"featured_media":5155,"comment_status":"open","ping_status":"closed","template":"","meta":{"_acf_changed":false},"product_brand":[],"product_cat":[118,54],"product_tag":[],"class_list":{"0":"post-5156","1":"product","2":"type-product","3":"status-publish","4":"has-post-thumbnail","6":"product_cat-elektroda-tokezimi","7":"product_cat-sisteme-rrufeprites-nga-shkarkimet-atmosferike","9":"first","10":"instock","11":"shipping-taxable","12":"product-type-simple"},"acf":[],"_links":{"self":[{"href":"https:\/\/www.brikaelektrik.al\/al\/wp-json\/wp\/v2\/product\/5156","targetHints":{"allow":["GET"]}}],"collection":[{"href":"https:\/\/www.brikaelektrik.al\/al\/wp-json\/wp\/v2\/product"}],"about":[{"href":"https:\/\/www.brikaelektrik.al\/al\/wp-json\/wp\/v2\/types\/product"}],"replies":[{"embeddable":true,"href":"https:\/\/www.brikaelektrik.al\/al\/wp-json\/wp\/v2\/comments?post=5156"}],"wp:featuredmedia":[{"embeddable":true,"href":"https:\/\/www.brikaelektrik.al\/al\/wp-json\/wp\/v2\/media\/5155"}],"wp:attachment":[{"href":"https:\/\/www.brikaelektrik.al\/al\/wp-json\/wp\/v2\/media?parent=5156"}],"wp:term":[{"taxonomy":"product_brand","embeddable":true,"href":"https:\/\/www.brikaelektrik.al\/al\/wp-json\/wp\/v2\/product_brand?post=5156"},{"taxonomy":"product_cat","embeddable":true,"href":"https:\/\/www.brikaelektrik.al\/al\/wp-json\/wp\/v2\/product_cat?post=5156"},{"taxonomy":"product_tag","embeddable":true,"href":"https:\/\/www.brikaelektrik.al\/al\/wp-json\/wp\/v2\/product_tag?post=5156"}],"curies":[{"name":"wp","href":"https:\/\/api.w.org\/{rel}","templated":true}]}}