{"id":5157,"date":"2025-11-24T15:32:54","date_gmt":"2025-11-24T15:32:54","guid":{"rendered":"https:\/\/www.brikaelektrik.al\/?post_type=product&#038;p=5157"},"modified":"2025-11-24T15:32:54","modified_gmt":"2025-11-24T15:32:54","slug":"elektrode-togezimi-xingato-1-5m-dc3-150","status":"publish","type":"product","link":"https:\/\/www.brikaelektrik.al\/al\/produkt\/elektrode-togezimi-xingato-1-5m-dc3-150\/","title":{"rendered":"ELEKTROD\u00cb TOG\u00cbZIMI XINGATO 1.5M (DC3-150)"},"content":{"rendered":"<p><strong>Seria:<\/strong> LDT<br \/>\n<strong>Modeli:<\/strong>\u00a0LDT512<br \/>\n<strong>P\u00ebrshkrimi:<\/strong> Elektrod\u00eb tok\u00ebzimi prej \u00e7eliku t\u00eb galvanizuar me gjat\u00ebsi 1.5 met\u00ebr, e p\u00ebrdorur p\u00ebr sisteme tokezimi dhe rrufeprit\u00ebse n\u00eb instalime elektrike.<\/p>\n<p><strong>Specifikime teknike kryesore:<\/strong><br \/>\n&#8211; Gjat\u00ebsia: 1.5 met\u00ebr<br \/>\n&#8211; Diametri: 16 mm<br \/>\n&#8211; Materiali: \u00c7elik i galvanizuar (xingato)<br \/>\n&#8211; Sip\u00ebrfaqe rezistente ndaj korrozionit<br \/>\n&#8211; Lidhje standarde p\u00ebr mb\u00ebrthim me morseta tokezimi<br \/>\n&#8211; Instalimi i thjesht\u00eb n\u00eb tok\u00eb me thell\u00ebsi t\u00eb p\u00ebrshtatshme<br \/>\n&#8211; Siguron p\u00ebr\u00e7ueshm\u00ebri t\u00eb lart\u00eb dhe mbrojtje efikase<br \/>\n&#8211; E p\u00ebrshtatshme p\u00ebr sisteme rrufeprit\u00ebse dhe mbrojtje elektrike n\u00eb banesa, industri dhe sisteme diellore<\/p>","protected":false},"excerpt":{"rendered":"<p>Seria: LDT Modeli:\u00a0LDT512 P\u00ebrshkrimi: Elektrod\u00eb tok\u00ebzimi prej \u00e7eliku t\u00eb galvanizuar me gjat\u00ebsi 1.5 met\u00ebr, e p\u00ebrdorur p\u00ebr sisteme tokezimi dhe rrufeprit\u00ebse n\u00eb instalime elektrike. Specifikime teknike kryesore: &#8211; Gjat\u00ebsia: 1.5 met\u00ebr &#8211; Diametri: 16 mm &#8211; Materiali: \u00c7elik i galvanizuar (xingato) &#8211; Sip\u00ebrfaqe rezistente ndaj korrozionit &#8211; Lidhje standarde p\u00ebr mb\u00ebrthim me morseta tokezimi &#8211; [&hellip;]<\/p>","protected":false},"featured_media":5155,"comment_status":"open","ping_status":"closed","template":"","meta":{"_acf_changed":false},"product_brand":[],"product_cat":[118,54],"product_tag":[],"class_list":{"0":"post-5157","1":"product","2":"type-product","3":"status-publish","4":"has-post-thumbnail","6":"product_cat-elektroda-tokezimi","7":"product_cat-sisteme-rrufeprites-nga-shkarkimet-atmosferike","9":"first","10":"instock","11":"shipping-taxable","12":"product-type-simple"},"acf":[],"_links":{"self":[{"href":"https:\/\/www.brikaelektrik.al\/al\/wp-json\/wp\/v2\/product\/5157","targetHints":{"allow":["GET"]}}],"collection":[{"href":"https:\/\/www.brikaelektrik.al\/al\/wp-json\/wp\/v2\/product"}],"about":[{"href":"https:\/\/www.brikaelektrik.al\/al\/wp-json\/wp\/v2\/types\/product"}],"replies":[{"embeddable":true,"href":"https:\/\/www.brikaelektrik.al\/al\/wp-json\/wp\/v2\/comments?post=5157"}],"wp:featuredmedia":[{"embeddable":true,"href":"https:\/\/www.brikaelektrik.al\/al\/wp-json\/wp\/v2\/media\/5155"}],"wp:attachment":[{"href":"https:\/\/www.brikaelektrik.al\/al\/wp-json\/wp\/v2\/media?parent=5157"}],"wp:term":[{"taxonomy":"product_brand","embeddable":true,"href":"https:\/\/www.brikaelektrik.al\/al\/wp-json\/wp\/v2\/product_brand?post=5157"},{"taxonomy":"product_cat","embeddable":true,"href":"https:\/\/www.brikaelektrik.al\/al\/wp-json\/wp\/v2\/product_cat?post=5157"},{"taxonomy":"product_tag","embeddable":true,"href":"https:\/\/www.brikaelektrik.al\/al\/wp-json\/wp\/v2\/product_tag?post=5157"}],"curies":[{"name":"wp","href":"https:\/\/api.w.org\/{rel}","templated":true}]}}