{"id":5158,"date":"2025-11-24T15:40:11","date_gmt":"2025-11-24T15:40:11","guid":{"rendered":"https:\/\/www.brikaelektrik.al\/?post_type=product&#038;p=5158"},"modified":"2025-11-24T15:40:11","modified_gmt":"2025-11-24T15:40:11","slug":"elektrode-tokezimi-bakri-dr-3ram-1-5mt","status":"publish","type":"product","link":"https:\/\/www.brikaelektrik.al\/al\/produkt\/elektrode-tokezimi-bakri-dr-3ram-1-5mt\/","title":{"rendered":"ELEKTROD\u00cb TOK\u00cbZIMI BAKRI DR-3RAM 1.5MT"},"content":{"rendered":"<p><strong>Seria:<\/strong> LDT<br \/>\n<strong>Modeli:<\/strong> LDT117\/100<br \/>\n<strong>P\u00ebrshkrim<\/strong>i: Elektrod\u00eb tok\u00ebzimi me shtres\u00eb bakri e tipit DR-3RAM, me gjat\u00ebsi 1.5 met\u00ebr, e p\u00ebrshtatshme p\u00ebr instalime profesionale t\u00eb sistemeve t\u00eb rrufeprit\u00ebsve dhe tokezimit.<\/p>\n<p><strong>Specifikime teknike kryesore:<\/strong><br \/>\n&#8211; Gjat\u00ebsia: 1.5 met\u00ebr<br \/>\n&#8211; Diametri: 16 mm<br \/>\n&#8211; Materiali b\u00ebrtham\u00eb: \u00c7elik<br \/>\n&#8211; Shtres\u00eb: E bakruar (Copper Bonded)<br \/>\n&#8211; Rezistenc\u00eb e lart\u00eb ndaj korrozionit<br \/>\n&#8211; Tip: DR-3RAM (p\u00ebr lidhje me vida ose bashkime t\u00eb tjera tok\u00ebsuese)<br \/>\n&#8211; P\u00ebr\u00e7ueshm\u00ebri e lart\u00eb dhe jet\u00ebgjat\u00ebsi<br \/>\n&#8211; E certifikuar p\u00ebr p\u00ebrdorim n\u00eb instalime elektrike dhe sisteme mbrojt\u00ebse<br \/>\n&#8211; P\u00ebrshtatshm\u00ebri p\u00ebr ambiente me lag\u00ebshti apo tok\u00eb t\u00eb ndotur<br \/>\n&#8211; Lidhje e sigurt me sisteme tokezimi bakri apo \u00e7eliku<\/p>","protected":false},"excerpt":{"rendered":"<p>Seria: LDT Modeli: LDT117\/100 P\u00ebrshkrimi: Elektrod\u00eb tok\u00ebzimi me shtres\u00eb bakri e tipit DR-3RAM, me gjat\u00ebsi 1.5 met\u00ebr, e p\u00ebrshtatshme p\u00ebr instalime profesionale t\u00eb sistemeve t\u00eb rrufeprit\u00ebsve dhe tokezimit. Specifikime teknike kryesore: &#8211; Gjat\u00ebsia: 1.5 met\u00ebr &#8211; Diametri: 16 mm &#8211; Materiali b\u00ebrtham\u00eb: \u00c7elik &#8211; Shtres\u00eb: E bakruar (Copper Bonded) &#8211; Rezistenc\u00eb e lart\u00eb ndaj korrozionit [&hellip;]<\/p>","protected":false},"featured_media":5159,"comment_status":"open","ping_status":"closed","template":"","meta":{"_acf_changed":false},"product_brand":[],"product_cat":[118,54],"product_tag":[],"class_list":{"0":"post-5158","1":"product","2":"type-product","3":"status-publish","4":"has-post-thumbnail","6":"product_cat-elektroda-tokezimi","7":"product_cat-sisteme-rrufeprites-nga-shkarkimet-atmosferike","9":"first","10":"instock","11":"shipping-taxable","12":"product-type-simple"},"acf":[],"_links":{"self":[{"href":"https:\/\/www.brikaelektrik.al\/al\/wp-json\/wp\/v2\/product\/5158","targetHints":{"allow":["GET"]}}],"collection":[{"href":"https:\/\/www.brikaelektrik.al\/al\/wp-json\/wp\/v2\/product"}],"about":[{"href":"https:\/\/www.brikaelektrik.al\/al\/wp-json\/wp\/v2\/types\/product"}],"replies":[{"embeddable":true,"href":"https:\/\/www.brikaelektrik.al\/al\/wp-json\/wp\/v2\/comments?post=5158"}],"wp:featuredmedia":[{"embeddable":true,"href":"https:\/\/www.brikaelektrik.al\/al\/wp-json\/wp\/v2\/media\/5159"}],"wp:attachment":[{"href":"https:\/\/www.brikaelektrik.al\/al\/wp-json\/wp\/v2\/media?parent=5158"}],"wp:term":[{"taxonomy":"product_brand","embeddable":true,"href":"https:\/\/www.brikaelektrik.al\/al\/wp-json\/wp\/v2\/product_brand?post=5158"},{"taxonomy":"product_cat","embeddable":true,"href":"https:\/\/www.brikaelektrik.al\/al\/wp-json\/wp\/v2\/product_cat?post=5158"},{"taxonomy":"product_tag","embeddable":true,"href":"https:\/\/www.brikaelektrik.al\/al\/wp-json\/wp\/v2\/product_tag?post=5158"}],"curies":[{"name":"wp","href":"https:\/\/api.w.org\/{rel}","templated":true}]}}