{"id":5161,"date":"2025-11-26T08:38:16","date_gmt":"2025-11-26T08:38:16","guid":{"rendered":"https:\/\/www.brikaelektrik.al\/?post_type=product&#038;p=5161"},"modified":"2025-11-26T09:17:38","modified_gmt":"2025-11-26T09:17:38","slug":"shirit-tokezimi-30-x-0-3-piat-3k","status":"publish","type":"product","link":"https:\/\/www.brikaelektrik.al\/al\/produkt\/shirit-tokezimi-30-x-0-3-piat-3k\/","title":{"rendered":"SHIRIT TOK\u00cbZIMI 30 X 0.3 PIAT-3K"},"content":{"rendered":"<p><strong>Seria:<\/strong> LDT<br \/>\n<strong>Modeli:<\/strong> LDT5003\/Z5<\/p>\n<p><strong>P\u00ebrshkrimi:<\/strong> Shiriti tok\u00ebzimi PIAT-3K me p\u00ebrmasa 30 mm gjer\u00ebsi dhe trash\u00ebsi 0.3 mm, i galvanizuar p\u00ebr p\u00ebrdorim n\u00eb sisteme t\u00eb rrufepritjes dhe tokezimit.<\/p>\n<p><strong>Specifikime teknike kryesore:<\/strong><br \/>\n&#8211; Materiali: \u00c7elik i galvanizuar (zinku)<br \/>\n&#8211; P\u00ebrmasat: 30 mm (gjer\u00ebsi) x 0.3 mm (trash\u00ebsi)<br \/>\n&#8211; Gjat\u00ebsia: Rrotull ose sipas porosis\u00eb<br \/>\n&#8211; Rezistenc\u00eb ndaj korrozionit<br \/>\n&#8211; Ngjyra: Gri metalike<br \/>\n&#8211; Fleksibil p\u00ebr montim t\u00eb leht\u00eb n\u00eb struktura t\u00eb ndryshme<br \/>\n&#8211; P\u00ebrdorim i zakonsh\u00ebm n\u00eb sisteme mbrojt\u00ebse kund\u00ebr rrufes\u00eb dhe tok\u00ebzim<br \/>\n&#8211; Montim i p\u00ebrshtatsh\u00ebm me morseta dhe lidhje standarde<br \/>\n&#8211; Jet\u00ebgjat\u00ebsi n\u00eb kushte atmosferike t\u00eb ndryshme<\/p>","protected":false},"excerpt":{"rendered":"<p>Seria: LDT Modeli: LDT5003\/Z5 P\u00ebrshkrimi: Shiriti tok\u00ebzimi PIAT-3K me p\u00ebrmasa 30 mm gjer\u00ebsi dhe trash\u00ebsi 0.3 mm, i galvanizuar p\u00ebr p\u00ebrdorim n\u00eb sisteme t\u00eb rrufepritjes dhe tokezimit. Specifikime teknike kryesore: &#8211; Materiali: \u00c7elik i galvanizuar (zinku) &#8211; P\u00ebrmasat: 30 mm (gjer\u00ebsi) x 0.3 mm (trash\u00ebsi) &#8211; Gjat\u00ebsia: Rrotull ose sipas porosis\u00eb &#8211; Rezistenc\u00eb ndaj korrozionit [&hellip;]<\/p>","protected":false},"featured_media":5166,"comment_status":"open","ping_status":"closed","template":"","meta":{"_acf_changed":false},"product_brand":[],"product_cat":[120,54],"product_tag":[],"class_list":{"0":"post-5161","1":"product","2":"type-product","3":"status-publish","4":"has-post-thumbnail","6":"product_cat-shirit-tokezimi","7":"product_cat-sisteme-rrufeprites-nga-shkarkimet-atmosferike","9":"first","10":"instock","11":"shipping-taxable","12":"product-type-simple"},"acf":[],"_links":{"self":[{"href":"https:\/\/www.brikaelektrik.al\/al\/wp-json\/wp\/v2\/product\/5161","targetHints":{"allow":["GET"]}}],"collection":[{"href":"https:\/\/www.brikaelektrik.al\/al\/wp-json\/wp\/v2\/product"}],"about":[{"href":"https:\/\/www.brikaelektrik.al\/al\/wp-json\/wp\/v2\/types\/product"}],"replies":[{"embeddable":true,"href":"https:\/\/www.brikaelektrik.al\/al\/wp-json\/wp\/v2\/comments?post=5161"}],"wp:featuredmedia":[{"embeddable":true,"href":"https:\/\/www.brikaelektrik.al\/al\/wp-json\/wp\/v2\/media\/5166"}],"wp:attachment":[{"href":"https:\/\/www.brikaelektrik.al\/al\/wp-json\/wp\/v2\/media?parent=5161"}],"wp:term":[{"taxonomy":"product_brand","embeddable":true,"href":"https:\/\/www.brikaelektrik.al\/al\/wp-json\/wp\/v2\/product_brand?post=5161"},{"taxonomy":"product_cat","embeddable":true,"href":"https:\/\/www.brikaelektrik.al\/al\/wp-json\/wp\/v2\/product_cat?post=5161"},{"taxonomy":"product_tag","embeddable":true,"href":"https:\/\/www.brikaelektrik.al\/al\/wp-json\/wp\/v2\/product_tag?post=5161"}],"curies":[{"name":"wp","href":"https:\/\/api.w.org\/{rel}","templated":true}]}}