{"id":5168,"date":"2025-11-28T13:19:47","date_gmt":"2025-11-28T13:19:47","guid":{"rendered":"https:\/\/www.brikaelektrik.al\/?post_type=product&#038;p=5168"},"modified":"2025-11-28T13:19:47","modified_gmt":"2025-11-28T13:19:47","slug":"pusete-plastike-70x70-me-kapak","status":"publish","type":"product","link":"https:\/\/www.brikaelektrik.al\/al\/produkt\/pusete-plastike-70x70-me-kapak\/","title":{"rendered":"PUSET\u00cb PLASTIKE 70X70 ME KAPAK"},"content":{"rendered":"<p><strong>Lloji:<\/strong> Puset\u00eb plastike me kapak<br \/>\n<strong>Kodi:<\/strong> PP70-70<br \/>\n<strong>P\u00ebrshkrimi: <\/strong>Puset\u00eb plastike 70&#215;70 cm me kapak t\u00eb fort\u00eb, e p\u00ebrshtatshme p\u00ebr sisteme elektrike, uj\u00ebsjell\u00ebs apo tok\u00ebzimi. E nd\u00ebrtuar p\u00ebr t\u2019i b\u00ebr\u00eb ball\u00eb kushteve atmosferike dhe ngarkesave t\u00eb mesme.<\/p>\n<p><strong>Specifikime teknike kryesore:<\/strong><br \/>\n&#8211; P\u00ebrmasat: 70 x 70 x 60 cm<br \/>\n&#8211; Materiali: Polipropilen\u00eb (PP) e q\u00ebndrueshme<br \/>\n&#8211; Kapak: I fort\u00eb, i mbyllur hermetikisht<br \/>\n&#8211; Rezistenc\u00eb ndaj UV dhe lag\u00ebshtir\u00ebs<br \/>\n&#8211; Ngjyra: Gri<\/p>\n<p><strong>Karakteristika t\u00eb ve\u00e7anta:<\/strong><br \/>\n&#8211; Montim i leht\u00eb n\u00eb tok\u00eb<br \/>\n&#8211; I p\u00ebrshtatsh\u00ebm p\u00ebr p\u00ebrdorim n\u00eb instalime elektrike apo hidraulike<br \/>\n&#8211; Pesha e leht\u00eb p\u00ebr transport dhe vendosje<br \/>\n&#8211; Kapaku i sigurt, kund\u00ebr hyrjes s\u00eb lag\u00ebshtir\u00ebs dhe mbeturinave<\/p>","protected":false},"excerpt":{"rendered":"<p>Lloji: Puset\u00eb plastike me kapak Kodi: PP70-70 P\u00ebrshkrimi: Puset\u00eb plastike 70&#215;70 cm me kapak t\u00eb fort\u00eb, e p\u00ebrshtatshme p\u00ebr sisteme elektrike, uj\u00ebsjell\u00ebs apo tok\u00ebzimi. E nd\u00ebrtuar p\u00ebr t\u2019i b\u00ebr\u00eb ball\u00eb kushteve atmosferike dhe ngarkesave t\u00eb mesme. Specifikime teknike kryesore: &#8211; P\u00ebrmasat: 70 x 70 x 60 cm &#8211; Materiali: Polipropilen\u00eb (PP) e q\u00ebndrueshme &#8211; Kapak: [&hellip;]<\/p>","protected":false},"featured_media":5169,"comment_status":"open","ping_status":"closed","template":"","meta":{"_acf_changed":false},"product_brand":[],"product_cat":[55],"product_tag":[],"class_list":{"0":"post-5168","1":"product","2":"type-product","3":"status-publish","4":"has-post-thumbnail","6":"product_cat-puseta-kontrolli-elektrike","8":"first","9":"instock","10":"shipping-taxable","11":"product-type-simple"},"acf":[],"_links":{"self":[{"href":"https:\/\/www.brikaelektrik.al\/al\/wp-json\/wp\/v2\/product\/5168","targetHints":{"allow":["GET"]}}],"collection":[{"href":"https:\/\/www.brikaelektrik.al\/al\/wp-json\/wp\/v2\/product"}],"about":[{"href":"https:\/\/www.brikaelektrik.al\/al\/wp-json\/wp\/v2\/types\/product"}],"replies":[{"embeddable":true,"href":"https:\/\/www.brikaelektrik.al\/al\/wp-json\/wp\/v2\/comments?post=5168"}],"wp:featuredmedia":[{"embeddable":true,"href":"https:\/\/www.brikaelektrik.al\/al\/wp-json\/wp\/v2\/media\/5169"}],"wp:attachment":[{"href":"https:\/\/www.brikaelektrik.al\/al\/wp-json\/wp\/v2\/media?parent=5168"}],"wp:term":[{"taxonomy":"product_brand","embeddable":true,"href":"https:\/\/www.brikaelektrik.al\/al\/wp-json\/wp\/v2\/product_brand?post=5168"},{"taxonomy":"product_cat","embeddable":true,"href":"https:\/\/www.brikaelektrik.al\/al\/wp-json\/wp\/v2\/product_cat?post=5168"},{"taxonomy":"product_tag","embeddable":true,"href":"https:\/\/www.brikaelektrik.al\/al\/wp-json\/wp\/v2\/product_tag?post=5168"}],"curies":[{"name":"wp","href":"https:\/\/api.w.org\/{rel}","templated":true}]}}