{"id":5170,"date":"2025-11-28T13:22:32","date_gmt":"2025-11-28T13:22:32","guid":{"rendered":"https:\/\/www.brikaelektrik.al\/?post_type=product&#038;p=5170"},"modified":"2025-11-28T13:22:32","modified_gmt":"2025-11-28T13:22:32","slug":"pusete-plastike-55x55-me-kapak","status":"publish","type":"product","link":"https:\/\/www.brikaelektrik.al\/al\/produkt\/pusete-plastike-55x55-me-kapak\/","title":{"rendered":"PUSET\u00cb PLASTIKE 55X55 ME KAPAK"},"content":{"rendered":"<p><strong>Lloji: P<\/strong>uset\u00eb plastike me kapak<br \/>\n<strong>Kodi:<\/strong> PP55-55<br \/>\n<strong>P\u00ebrshkrimi: <\/strong>Puset\u00eb plastike 55&#215;55 cm me kapak t\u00eb q\u00ebndruesh\u00ebm p\u00ebr instalime elektrike, uj\u00ebsjell\u00ebs apo sisteme tok\u00ebzimi. E p\u00ebrshtatshme p\u00ebr p\u00ebrdorim n\u00eb ambiente t\u00eb jashtme dhe t\u00eb brendshme.<\/p>\n<p><strong>Specifikime teknike kryesore:<\/strong><br \/>\n&#8211; P\u00ebrmasat: 55 x 55 x 50 cm<br \/>\n&#8211; Materiali: Polipropilen\u00eb (PP) rezistente<br \/>\n&#8211; Kapak i mbyllur me sistem hermetik<br \/>\n&#8211; Rezistente ndaj UV, ujit dhe kushteve atmosferike<br \/>\n&#8211; Ngjyra: Gri<\/p>\n<p><strong>Karakteristika t\u00eb ve\u00e7anta:<\/strong><br \/>\n&#8211; Leht\u00eb p\u00ebr instalim n\u00eb tok\u00eb apo beton<br \/>\n&#8211; P\u00ebrdorim praktik p\u00ebr ndarje elektrike apo hidraulike<br \/>\n&#8211; Kapak i fort\u00eb p\u00ebr mbrojtje t\u00eb brendshme<br \/>\n&#8211; Pesha e leht\u00eb p\u00ebr transport<\/p>","protected":false},"excerpt":{"rendered":"<p>Lloji: Puset\u00eb plastike me kapak Kodi: PP55-55 P\u00ebrshkrimi: Puset\u00eb plastike 55&#215;55 cm me kapak t\u00eb q\u00ebndruesh\u00ebm p\u00ebr instalime elektrike, uj\u00ebsjell\u00ebs apo sisteme tok\u00ebzimi. E p\u00ebrshtatshme p\u00ebr p\u00ebrdorim n\u00eb ambiente t\u00eb jashtme dhe t\u00eb brendshme. Specifikime teknike kryesore: &#8211; P\u00ebrmasat: 55 x 55 x 50 cm &#8211; Materiali: Polipropilen\u00eb (PP) rezistente &#8211; Kapak i mbyllur me [&hellip;]<\/p>","protected":false},"featured_media":5169,"comment_status":"open","ping_status":"closed","template":"","meta":{"_acf_changed":false},"product_brand":[],"product_cat":[55],"product_tag":[],"class_list":{"0":"post-5170","1":"product","2":"type-product","3":"status-publish","4":"has-post-thumbnail","6":"product_cat-puseta-kontrolli-elektrike","8":"first","9":"instock","10":"shipping-taxable","11":"product-type-simple"},"acf":[],"_links":{"self":[{"href":"https:\/\/www.brikaelektrik.al\/al\/wp-json\/wp\/v2\/product\/5170","targetHints":{"allow":["GET"]}}],"collection":[{"href":"https:\/\/www.brikaelektrik.al\/al\/wp-json\/wp\/v2\/product"}],"about":[{"href":"https:\/\/www.brikaelektrik.al\/al\/wp-json\/wp\/v2\/types\/product"}],"replies":[{"embeddable":true,"href":"https:\/\/www.brikaelektrik.al\/al\/wp-json\/wp\/v2\/comments?post=5170"}],"wp:featuredmedia":[{"embeddable":true,"href":"https:\/\/www.brikaelektrik.al\/al\/wp-json\/wp\/v2\/media\/5169"}],"wp:attachment":[{"href":"https:\/\/www.brikaelektrik.al\/al\/wp-json\/wp\/v2\/media?parent=5170"}],"wp:term":[{"taxonomy":"product_brand","embeddable":true,"href":"https:\/\/www.brikaelektrik.al\/al\/wp-json\/wp\/v2\/product_brand?post=5170"},{"taxonomy":"product_cat","embeddable":true,"href":"https:\/\/www.brikaelektrik.al\/al\/wp-json\/wp\/v2\/product_cat?post=5170"},{"taxonomy":"product_tag","embeddable":true,"href":"https:\/\/www.brikaelektrik.al\/al\/wp-json\/wp\/v2\/product_tag?post=5170"}],"curies":[{"name":"wp","href":"https:\/\/api.w.org\/{rel}","templated":true}]}}