{"id":5171,"date":"2025-11-28T13:27:57","date_gmt":"2025-11-28T13:27:57","guid":{"rendered":"https:\/\/www.brikaelektrik.al\/?post_type=product&#038;p=5171"},"modified":"2025-11-28T13:27:57","modified_gmt":"2025-11-28T13:27:57","slug":"pusete-plastike-40x40-me-kapak","status":"publish","type":"product","link":"https:\/\/www.brikaelektrik.al\/al\/produkt\/pusete-plastike-40x40-me-kapak\/","title":{"rendered":"PUSET\u00cb PLASTIKE 40X40 ME KAPAK"},"content":{"rendered":"<p><strong>Lloji:<\/strong> Puset\u00eb plastike me kapak<br \/>\n<strong>Kodi:<\/strong> PP40-40<br \/>\n<strong>P\u00ebrshkrimi: <\/strong>Puset\u00eb plastike 40&#215;40 cm me kapak, ideale p\u00ebr ndarje teknike n\u00eb sistemet elektrike, hidraulike dhe tok\u00ebzim. P\u00ebrdorim i gjer\u00eb n\u00eb ambiente t\u00eb jashtme apo t\u00eb brendshme.<\/p>\n<p><strong>Specifikime teknike kryesore:<\/strong><br \/>\n&#8211; P\u00ebrmasat: 40 x 40 x 40 cm<br \/>\n&#8211; Materiali: Polipropilen\u00eb (PP) e q\u00ebndrueshme<br \/>\n&#8211; Kapak hermetik p\u00ebr mbrojtje nga lag\u00ebshtia dhe papast\u00ebrtit\u00eb<br \/>\n&#8211; Rezistenc\u00eb ndaj rrezeve UV dhe kushteve atmosferike<br \/>\n&#8211; Ngjyra: Gri<\/p>\n<p><strong>Karakteristika t\u00eb ve\u00e7anta:<\/strong><br \/>\n&#8211; Montim i leht\u00eb n\u00eb tok\u00eb ose n\u00eb beton<br \/>\n&#8211; P\u00ebrdorim praktik p\u00ebr mbrojtje t\u00eb kabllove apo nyjeve ujore<br \/>\n&#8211; Struktur\u00eb e fort\u00eb dhe e leht\u00eb p\u00ebr transport<br \/>\n&#8211; Mbrojtje afatgjat\u00eb dhe q\u00ebndrueshm\u00ebri n\u00eb koh\u00eb<\/p>","protected":false},"excerpt":{"rendered":"<p>Lloji: Puset\u00eb plastike me kapak Kodi: PP40-40 P\u00ebrshkrimi: Puset\u00eb plastike 40&#215;40 cm me kapak, ideale p\u00ebr ndarje teknike n\u00eb sistemet elektrike, hidraulike dhe tok\u00ebzim. P\u00ebrdorim i gjer\u00eb n\u00eb ambiente t\u00eb jashtme apo t\u00eb brendshme. Specifikime teknike kryesore: &#8211; P\u00ebrmasat: 40 x 40 x 40 cm &#8211; Materiali: Polipropilen\u00eb (PP) e q\u00ebndrueshme &#8211; Kapak hermetik p\u00ebr [&hellip;]<\/p>","protected":false},"featured_media":5169,"comment_status":"open","ping_status":"closed","template":"","meta":{"_acf_changed":false},"product_brand":[],"product_cat":[55],"product_tag":[],"class_list":{"0":"post-5171","1":"product","2":"type-product","3":"status-publish","4":"has-post-thumbnail","6":"product_cat-puseta-kontrolli-elektrike","8":"first","9":"instock","10":"shipping-taxable","11":"product-type-simple"},"acf":[],"_links":{"self":[{"href":"https:\/\/www.brikaelektrik.al\/al\/wp-json\/wp\/v2\/product\/5171","targetHints":{"allow":["GET"]}}],"collection":[{"href":"https:\/\/www.brikaelektrik.al\/al\/wp-json\/wp\/v2\/product"}],"about":[{"href":"https:\/\/www.brikaelektrik.al\/al\/wp-json\/wp\/v2\/types\/product"}],"replies":[{"embeddable":true,"href":"https:\/\/www.brikaelektrik.al\/al\/wp-json\/wp\/v2\/comments?post=5171"}],"wp:featuredmedia":[{"embeddable":true,"href":"https:\/\/www.brikaelektrik.al\/al\/wp-json\/wp\/v2\/media\/5169"}],"wp:attachment":[{"href":"https:\/\/www.brikaelektrik.al\/al\/wp-json\/wp\/v2\/media?parent=5171"}],"wp:term":[{"taxonomy":"product_brand","embeddable":true,"href":"https:\/\/www.brikaelektrik.al\/al\/wp-json\/wp\/v2\/product_brand?post=5171"},{"taxonomy":"product_cat","embeddable":true,"href":"https:\/\/www.brikaelektrik.al\/al\/wp-json\/wp\/v2\/product_cat?post=5171"},{"taxonomy":"product_tag","embeddable":true,"href":"https:\/\/www.brikaelektrik.al\/al\/wp-json\/wp\/v2\/product_tag?post=5171"}],"curies":[{"name":"wp","href":"https:\/\/api.w.org\/{rel}","templated":true}]}}