{"id":5172,"date":"2025-11-28T13:29:56","date_gmt":"2025-11-28T13:29:56","guid":{"rendered":"https:\/\/www.brikaelektrik.al\/?post_type=product&#038;p=5172"},"modified":"2026-03-14T07:08:43","modified_gmt":"2026-03-14T07:08:43","slug":"pusete-plastike-30x30-me-kapak","status":"publish","type":"product","link":"https:\/\/www.brikaelektrik.al\/al\/produkt\/pusete-plastike-30x30-me-kapak\/","title":{"rendered":"PUSET\u00cb PLASTIKE 30X30 ME KAPAK"},"content":{"rendered":"<p><strong>Lloji:<\/strong> Puset\u00eb plastike me kapak<br \/>\n<strong>Kodi:<\/strong> PP30-30<br \/>\n<strong>P\u00ebrshkrimi: <\/strong>Puset\u00eb plastike 30&#215;30 cm me kapak, e p\u00ebrshtatshme p\u00ebr ndarje teknike n\u00eb sisteme tok\u00ebzimi, elektrike apo hidraulike. Zgjidhje e q\u00ebndrueshme p\u00ebr p\u00ebrdorim t\u00eb jasht\u00ebm dhe t\u00eb brendsh\u00ebm.<\/p>\n<p><strong>Specifikime teknike kryesore:<\/strong><br \/>\n&#8211; P\u00ebrmasat: 30 x 30 x 30 cm<br \/>\n&#8211; Materiali: Polipropilen\u00eb rezistente ndaj goditjeve<br \/>\n&#8211; Kapak i p\u00ebrfshir\u00eb, hermetik<br \/>\n&#8211; Rezistente ndaj rrezeve UV dhe lag\u00ebshtir\u00ebs<br \/>\n&#8211; Ngjyra: Gri<\/p>\n<p><strong>Karakteristika t\u00eb ve\u00e7anta:<\/strong><br \/>\n&#8211; Leht\u00eb p\u00ebr instalim n\u00eb terren<br \/>\n&#8211; E p\u00ebrshtatshme p\u00ebr mbrojtje kabllosh ose lidhjesh teknike<br \/>\n&#8211; Kapak i fort\u00eb, q\u00ebndron n\u00eb vend me siguri<br \/>\n&#8211; Jet\u00ebgjat\u00ebsi dhe mir\u00ebmbajtje minimale<\/p>","protected":false},"excerpt":{"rendered":"<p>Lloji: Puset\u00eb plastike me kapak Kodi: PP30-30 P\u00ebrshkrimi: Puset\u00eb plastike 30&#215;30 cm me kapak, e p\u00ebrshtatshme p\u00ebr ndarje teknike n\u00eb sisteme tok\u00ebzimi, elektrike apo hidraulike. Zgjidhje e q\u00ebndrueshme p\u00ebr p\u00ebrdorim t\u00eb jasht\u00ebm dhe t\u00eb brendsh\u00ebm. Specifikime teknike kryesore: &#8211; P\u00ebrmasat: 30 x 30 x 30 cm &#8211; Materiali: Polipropilen\u00eb rezistente ndaj goditjeve &#8211; Kapak i [&hellip;]<\/p>","protected":false},"featured_media":5169,"comment_status":"open","ping_status":"closed","template":"","meta":{"_acf_changed":false},"product_brand":[],"product_cat":[55],"product_tag":[],"class_list":{"0":"post-5172","1":"product","2":"type-product","3":"status-publish","4":"has-post-thumbnail","6":"product_cat-puseta-kontrolli-elektrike","8":"first","9":"instock","10":"shipping-taxable","11":"product-type-simple"},"acf":[],"_links":{"self":[{"href":"https:\/\/www.brikaelektrik.al\/al\/wp-json\/wp\/v2\/product\/5172","targetHints":{"allow":["GET"]}}],"collection":[{"href":"https:\/\/www.brikaelektrik.al\/al\/wp-json\/wp\/v2\/product"}],"about":[{"href":"https:\/\/www.brikaelektrik.al\/al\/wp-json\/wp\/v2\/types\/product"}],"replies":[{"embeddable":true,"href":"https:\/\/www.brikaelektrik.al\/al\/wp-json\/wp\/v2\/comments?post=5172"}],"wp:featuredmedia":[{"embeddable":true,"href":"https:\/\/www.brikaelektrik.al\/al\/wp-json\/wp\/v2\/media\/5169"}],"wp:attachment":[{"href":"https:\/\/www.brikaelektrik.al\/al\/wp-json\/wp\/v2\/media?parent=5172"}],"wp:term":[{"taxonomy":"product_brand","embeddable":true,"href":"https:\/\/www.brikaelektrik.al\/al\/wp-json\/wp\/v2\/product_brand?post=5172"},{"taxonomy":"product_cat","embeddable":true,"href":"https:\/\/www.brikaelektrik.al\/al\/wp-json\/wp\/v2\/product_cat?post=5172"},{"taxonomy":"product_tag","embeddable":true,"href":"https:\/\/www.brikaelektrik.al\/al\/wp-json\/wp\/v2\/product_tag?post=5172"}],"curies":[{"name":"wp","href":"https:\/\/api.w.org\/{rel}","templated":true}]}}