{"id":5173,"date":"2025-11-28T13:31:16","date_gmt":"2025-11-28T13:31:16","guid":{"rendered":"https:\/\/www.brikaelektrik.al\/?post_type=product&#038;p=5173"},"modified":"2025-12-08T22:50:11","modified_gmt":"2025-12-08T22:50:11","slug":"pusete-plastike-20x20-me-kapak","status":"publish","type":"product","link":"https:\/\/www.brikaelektrik.al\/al\/produkt\/pusete-plastike-20x20-me-kapak\/","title":{"rendered":"PUSET\u00cb PLASTIKE 20X20 ME KAPAK"},"content":{"rendered":"<p><strong>Lloji:<\/strong> Puset\u00eb plastike me kapak<br \/>\n<strong>Kodi:<\/strong> PP20-20<br \/>\n<strong>P\u00ebrshkrimi: <\/strong>Puset\u00eb plastike 20&#215;20 cm me kapak, ideale p\u00ebr ndarje teknike n\u00eb instalime elektrike, tok\u00ebzimi apo sisteme ujitjeje. Zgjidhje kompakte dhe rezistente p\u00ebr p\u00ebrdorime t\u00eb ndryshme n\u00eb ambiente t\u00eb brendshme dhe t\u00eb jashtme.<\/p>\n<p><strong>Specifikime teknike kryesore:<\/strong><br \/>\n&#8211; P\u00ebrmasat: 20 x 20 x 20 cm<br \/>\n&#8211; Materiali: Polipropilen\u00eb rezistente<br \/>\n&#8211; Kapak i p\u00ebrfshir\u00eb<br \/>\n&#8211; Ngjyr\u00eb: Gri<br \/>\n&#8211; Rezistenc\u00eb ndaj kushteve atmosferike dhe rrezeve UV<\/p>\n<p><strong>Karakteristika t\u00eb ve\u00e7anta:<\/strong><br \/>\n&#8211; Dizajn kompakt p\u00ebr instalime t\u00eb ngushta<br \/>\n&#8211; Leht\u00eb p\u00ebr montim dhe mir\u00ebmbajtje<br \/>\n&#8211; E p\u00ebrshtatshme p\u00ebr kabllo, lidhje tokezimi apo valvola ujitjeje<br \/>\n&#8211; Kapak i mbyllsh\u00ebm me q\u00ebndrueshm\u00ebri t\u00eb lart\u00eb<\/p>","protected":false},"excerpt":{"rendered":"<p>Lloji: Puset\u00eb plastike me kapak Kodi: PP20-20 P\u00ebrshkrimi: Puset\u00eb plastike 20&#215;20 cm me kapak, ideale p\u00ebr ndarje teknike n\u00eb instalime elektrike, tok\u00ebzimi apo sisteme ujitjeje. Zgjidhje kompakte dhe rezistente p\u00ebr p\u00ebrdorime t\u00eb ndryshme n\u00eb ambiente t\u00eb brendshme dhe t\u00eb jashtme. Specifikime teknike kryesore: &#8211; P\u00ebrmasat: 20 x 20 x 20 cm &#8211; Materiali: Polipropilen\u00eb rezistente [&hellip;]<\/p>","protected":false},"featured_media":5169,"comment_status":"open","ping_status":"closed","template":"","meta":{"_acf_changed":false},"product_brand":[],"product_cat":[55],"product_tag":[],"class_list":{"0":"post-5173","1":"product","2":"type-product","3":"status-publish","4":"has-post-thumbnail","6":"product_cat-puseta-kontrolli-elektrike","8":"first","9":"instock","10":"shipping-taxable","11":"product-type-simple"},"acf":[],"_links":{"self":[{"href":"https:\/\/www.brikaelektrik.al\/al\/wp-json\/wp\/v2\/product\/5173","targetHints":{"allow":["GET"]}}],"collection":[{"href":"https:\/\/www.brikaelektrik.al\/al\/wp-json\/wp\/v2\/product"}],"about":[{"href":"https:\/\/www.brikaelektrik.al\/al\/wp-json\/wp\/v2\/types\/product"}],"replies":[{"embeddable":true,"href":"https:\/\/www.brikaelektrik.al\/al\/wp-json\/wp\/v2\/comments?post=5173"}],"wp:featuredmedia":[{"embeddable":true,"href":"https:\/\/www.brikaelektrik.al\/al\/wp-json\/wp\/v2\/media\/5169"}],"wp:attachment":[{"href":"https:\/\/www.brikaelektrik.al\/al\/wp-json\/wp\/v2\/media?parent=5173"}],"wp:term":[{"taxonomy":"product_brand","embeddable":true,"href":"https:\/\/www.brikaelektrik.al\/al\/wp-json\/wp\/v2\/product_brand?post=5173"},{"taxonomy":"product_cat","embeddable":true,"href":"https:\/\/www.brikaelektrik.al\/al\/wp-json\/wp\/v2\/product_cat?post=5173"},{"taxonomy":"product_tag","embeddable":true,"href":"https:\/\/www.brikaelektrik.al\/al\/wp-json\/wp\/v2\/product_tag?post=5173"}],"curies":[{"name":"wp","href":"https:\/\/api.w.org\/{rel}","templated":true}]}}