{"id":5174,"date":"2025-11-28T13:34:24","date_gmt":"2025-11-28T13:34:24","guid":{"rendered":"https:\/\/www.brikaelektrik.al\/?post_type=product&#038;p=5174"},"modified":"2025-11-28T13:34:24","modified_gmt":"2025-11-28T13:34:24","slug":"riccini-pusete-plastike-30x30-me-kapak","status":"publish","type":"product","link":"https:\/\/www.brikaelektrik.al\/al\/produkt\/riccini-pusete-plastike-30x30-me-kapak\/","title":{"rendered":"RICCINI-PUSET\u00cb PLASTIKE 30X30 ME KAPAK"},"content":{"rendered":"<p><strong>Lloji:<\/strong>\u00a0Puset\u00eb plastike me kapak<br \/>\n<strong>Kodi:<\/strong> RIC1081+1083<br \/>\n<strong>P\u00ebrshkrimi: <\/strong>Puset\u00eb plastike RICCINI 30&#215;30 cm me kapak, e p\u00ebrshtatshme p\u00ebr sisteme elektrike, tok\u00ebzimi apo instalime ujitjeje n\u00eb ambiente t\u00eb jashtme ose t\u00eb brendshme.<\/p>\n<p><strong>Specifikime teknike kryesore:<\/strong><br \/>\n&#8211; P\u00ebrmasat: 300 x 300 x 300 mm<br \/>\n&#8211; Materiali: Polietileni rezistent<br \/>\n&#8211; Kapak i p\u00ebrfshir\u00eb, i ndash\u00ebm<br \/>\n&#8211; Ngjyr\u00eb: Gri<br \/>\n&#8211; Rezistenc\u00eb ndaj UV dhe kushteve atmosferike<\/p>\n<p><strong>Karakteristika t\u00eb ve\u00e7anta:<\/strong><br \/>\n&#8211; Rezistente ndaj goditjeve dhe lag\u00ebshtis\u00eb<br \/>\n&#8211; E p\u00ebrshtatshme p\u00ebr montim tok\u00ebsor<br \/>\n&#8211; Me vrima t\u00eb paracaktuara p\u00ebr dalje kabllosh ose tubash<\/p>","protected":false},"excerpt":{"rendered":"<p>Lloji:\u00a0Puset\u00eb plastike me kapak Kodi: RIC1081+1083 P\u00ebrshkrimi: Puset\u00eb plastike RICCINI 30&#215;30 cm me kapak, e p\u00ebrshtatshme p\u00ebr sisteme elektrike, tok\u00ebzimi apo instalime ujitjeje n\u00eb ambiente t\u00eb jashtme ose t\u00eb brendshme. Specifikime teknike kryesore: &#8211; P\u00ebrmasat: 300 x 300 x 300 mm &#8211; Materiali: Polietileni rezistent &#8211; Kapak i p\u00ebrfshir\u00eb, i ndash\u00ebm &#8211; Ngjyr\u00eb: Gri &#8211; [&hellip;]<\/p>","protected":false},"featured_media":5175,"comment_status":"open","ping_status":"closed","template":"","meta":{"_acf_changed":false},"product_brand":[],"product_cat":[55],"product_tag":[],"class_list":{"0":"post-5174","1":"product","2":"type-product","3":"status-publish","4":"has-post-thumbnail","6":"product_cat-puseta-kontrolli-elektrike","8":"first","9":"instock","10":"shipping-taxable","11":"product-type-simple"},"acf":[],"_links":{"self":[{"href":"https:\/\/www.brikaelektrik.al\/al\/wp-json\/wp\/v2\/product\/5174","targetHints":{"allow":["GET"]}}],"collection":[{"href":"https:\/\/www.brikaelektrik.al\/al\/wp-json\/wp\/v2\/product"}],"about":[{"href":"https:\/\/www.brikaelektrik.al\/al\/wp-json\/wp\/v2\/types\/product"}],"replies":[{"embeddable":true,"href":"https:\/\/www.brikaelektrik.al\/al\/wp-json\/wp\/v2\/comments?post=5174"}],"wp:featuredmedia":[{"embeddable":true,"href":"https:\/\/www.brikaelektrik.al\/al\/wp-json\/wp\/v2\/media\/5175"}],"wp:attachment":[{"href":"https:\/\/www.brikaelektrik.al\/al\/wp-json\/wp\/v2\/media?parent=5174"}],"wp:term":[{"taxonomy":"product_brand","embeddable":true,"href":"https:\/\/www.brikaelektrik.al\/al\/wp-json\/wp\/v2\/product_brand?post=5174"},{"taxonomy":"product_cat","embeddable":true,"href":"https:\/\/www.brikaelektrik.al\/al\/wp-json\/wp\/v2\/product_cat?post=5174"},{"taxonomy":"product_tag","embeddable":true,"href":"https:\/\/www.brikaelektrik.al\/al\/wp-json\/wp\/v2\/product_tag?post=5174"}],"curies":[{"name":"wp","href":"https:\/\/api.w.org\/{rel}","templated":true}]}}