{"id":5236,"date":"2026-03-06T12:07:40","date_gmt":"2026-03-06T12:07:40","guid":{"rendered":"https:\/\/www.brikaelektrik.al\/?post_type=product&#038;p=5236"},"modified":"2026-03-06T13:16:03","modified_gmt":"2026-03-06T13:16:03","slug":"kuti-gipsi-pt7-294x152x75mm-25-pcs-pack","status":"publish","type":"product","link":"https:\/\/www.brikaelektrik.al\/al\/produkt\/kuti-gipsi-pt7-294x152x75mm-25-pcs-pack\/","title":{"rendered":"KUTI GIPSI PT7  294X152X75MM (25 PCS\/PACK)"},"content":{"rendered":"<p><strong data-start=\"314\" data-end=\"329\">Seria<\/strong>: FIMME<br data-start=\"340\" data-end=\"343\" \/><strong data-start=\"343\" data-end=\"352\">Lloji<\/strong>: Kuti derivacioni modulare p\u00ebr montim n\u00eb karton-gips (incasso)<br \/>\n<strong data-start=\"460\" data-end=\"473\">Materiali<\/strong>: Plastik\u00eb termorezistente (polipropilen)<br data-start=\"425\" data-end=\"428\" data-is-only-node=\"\" \/><strong data-start=\"428\" data-end=\"438\">Ngjyra<\/strong>: Blu<br \/>\n<strong data-start=\"437\" data-end=\"467\">Ngjyra e kapakut: <\/strong>RAL 9016 (e bardh\u00eb standarde industriale).<br \/>\n<strong data-start=\"531\" data-end=\"542\">P\u00ebrmasa<\/strong>: 294 \u00d7 152 \u00d7 75 mm<br \/>\n<strong data-start=\"594\" data-end=\"619\">Nr. module<\/strong>: 7 (shtat\u00eb)<br \/>\n<strong data-start=\"886\" data-end=\"914\">Temperatura e instalimit<\/strong>: \u201315 \u00b0C deri +60 \u00b0C<br \/>\n<strong data-start=\"728\" data-end=\"746\">Test glow-wire<\/strong>: 850 \u00b0C<br \/>\n<strong data-start=\"503\" data-end=\"515\">Mbrojtje<\/strong>: IP40<br \/>\n<strong data-start=\"937\" data-end=\"950\">Standardi<\/strong>: EN 60670-1 \u2022 CEI 23-48<\/p>","protected":false},"excerpt":{"rendered":"<p>Seria: FIMMELloji: Kuti derivacioni modulare p\u00ebr montim n\u00eb karton-gips (incasso) Materiali: Plastik\u00eb termorezistente (polipropilen)Ngjyra: Blu Ngjyra e kapakut: RAL 9016 (e bardh\u00eb standarde industriale). P\u00ebrmasa: 294 \u00d7 152 \u00d7 75 mm Nr. module: 7 (shtat\u00eb) Temperatura e instalimit: \u201315 \u00b0C deri +60 \u00b0C Test glow-wire: 850 \u00b0C Mbrojtje: IP40 Standardi: EN 60670-1 \u2022 CEI 23-48<\/p>","protected":false},"featured_media":5330,"comment_status":"open","ping_status":"closed","template":"","meta":{"_acf_changed":false},"product_brand":[],"product_cat":[125,56],"product_tag":[],"class_list":{"0":"post-5236","1":"product","2":"type-product","3":"status-publish","4":"has-post-thumbnail","6":"product_cat-kuti-shperndarese-muri","7":"product_cat-kuti-derivacioni","9":"first","10":"instock","11":"shipping-taxable","12":"product-type-simple"},"acf":[],"_links":{"self":[{"href":"https:\/\/www.brikaelektrik.al\/al\/wp-json\/wp\/v2\/product\/5236","targetHints":{"allow":["GET"]}}],"collection":[{"href":"https:\/\/www.brikaelektrik.al\/al\/wp-json\/wp\/v2\/product"}],"about":[{"href":"https:\/\/www.brikaelektrik.al\/al\/wp-json\/wp\/v2\/types\/product"}],"replies":[{"embeddable":true,"href":"https:\/\/www.brikaelektrik.al\/al\/wp-json\/wp\/v2\/comments?post=5236"}],"wp:featuredmedia":[{"embeddable":true,"href":"https:\/\/www.brikaelektrik.al\/al\/wp-json\/wp\/v2\/media\/5330"}],"wp:attachment":[{"href":"https:\/\/www.brikaelektrik.al\/al\/wp-json\/wp\/v2\/media?parent=5236"}],"wp:term":[{"taxonomy":"product_brand","embeddable":true,"href":"https:\/\/www.brikaelektrik.al\/al\/wp-json\/wp\/v2\/product_brand?post=5236"},{"taxonomy":"product_cat","embeddable":true,"href":"https:\/\/www.brikaelektrik.al\/al\/wp-json\/wp\/v2\/product_cat?post=5236"},{"taxonomy":"product_tag","embeddable":true,"href":"https:\/\/www.brikaelektrik.al\/al\/wp-json\/wp\/v2\/product_tag?post=5236"}],"curies":[{"name":"wp","href":"https:\/\/api.w.org\/{rel}","templated":true}]}}