{"id":5250,"date":"2026-02-21T11:50:04","date_gmt":"2026-02-21T11:50:04","guid":{"rendered":"https:\/\/www.brikaelektrik.al\/?post_type=product&#038;p=5250"},"modified":"2026-02-21T12:53:49","modified_gmt":"2026-02-21T12:53:49","slug":"terminale-teli-6-mm2-te-verdha-100pcs-pack","status":"publish","type":"product","link":"https:\/\/www.brikaelektrik.al\/al\/produkt\/terminale-teli-6-mm2-te-verdha-100pcs-pack\/","title":{"rendered":"TERMINALE TELI 6 MM2 T\u00cb VERDHA (100PCS\/PACK)"},"content":{"rendered":"<p><strong>Seria:<\/strong> ITL\u00a0<br data-start=\"67\" data-end=\"70\" \/><strong>Lloji:<\/strong> Terminal teli i izoluar (single wire ferrule)<br data-start=\"122\" data-end=\"125\" data-is-only-node=\"\" \/><strong>Sezione nominale<\/strong>: 6 mm\u00b2<br data-start=\"200\" data-end=\"203\" \/><strong>Izolimi:<\/strong> Polipropilen (PP)<br data-start=\"229\" data-end=\"232\" \/><strong>Ngjyra:<\/strong> E verdh\u00eb\u00a0<br data-start=\"270\" data-end=\"273\" \/><strong>Temperatura e pun\u00ebs:<\/strong> -40\u00b0C deri +105\u00b0C<br data-start=\"311\" data-end=\"314\" \/><strong>P\u00ebrputhshm\u00ebria me standardet:<\/strong> IEC 60228, DIN 46228<br data-start=\"364\" data-end=\"367\" \/><strong>P\u00ebrdorimi:<\/strong> P\u00ebr p\u00ebrfundimin dhe mbrojtjen e telave fleksib\u00ebl n\u00eb panele elektrike, shp\u00ebrndarje energjie dhe instalime industriale.<\/p>","protected":false},"excerpt":{"rendered":"<p>Seria: ITL\u00a0Lloji: Terminal teli i izoluar (single wire ferrule)Sezione nominale: 6 mm\u00b2Izolimi: Polipropilen (PP)Ngjyra: E verdh\u00eb\u00a0Temperatura e pun\u00ebs: -40\u00b0C deri +105\u00b0CP\u00ebrputhshm\u00ebria me standardet: IEC 60228, DIN 46228P\u00ebrdorimi: P\u00ebr p\u00ebrfundimin dhe mbrojtjen e telave fleksib\u00ebl n\u00eb panele elektrike, shp\u00ebrndarje energjie dhe instalime industriale.<\/p>","protected":false},"featured_media":5253,"comment_status":"open","ping_status":"closed","template":"","meta":{"_acf_changed":false},"product_brand":[],"product_cat":[140,59],"product_tag":[],"class_list":{"0":"post-5250","1":"product","2":"type-product","3":"status-publish","4":"has-post-thumbnail","6":"product_cat-terminale-teli","7":"product_cat-morseteri-dhe-kapikorda-terminale","9":"first","10":"instock","11":"shipping-taxable","12":"product-type-simple"},"acf":[],"_links":{"self":[{"href":"https:\/\/www.brikaelektrik.al\/al\/wp-json\/wp\/v2\/product\/5250","targetHints":{"allow":["GET"]}}],"collection":[{"href":"https:\/\/www.brikaelektrik.al\/al\/wp-json\/wp\/v2\/product"}],"about":[{"href":"https:\/\/www.brikaelektrik.al\/al\/wp-json\/wp\/v2\/types\/product"}],"replies":[{"embeddable":true,"href":"https:\/\/www.brikaelektrik.al\/al\/wp-json\/wp\/v2\/comments?post=5250"}],"wp:featuredmedia":[{"embeddable":true,"href":"https:\/\/www.brikaelektrik.al\/al\/wp-json\/wp\/v2\/media\/5253"}],"wp:attachment":[{"href":"https:\/\/www.brikaelektrik.al\/al\/wp-json\/wp\/v2\/media?parent=5250"}],"wp:term":[{"taxonomy":"product_brand","embeddable":true,"href":"https:\/\/www.brikaelektrik.al\/al\/wp-json\/wp\/v2\/product_brand?post=5250"},{"taxonomy":"product_cat","embeddable":true,"href":"https:\/\/www.brikaelektrik.al\/al\/wp-json\/wp\/v2\/product_cat?post=5250"},{"taxonomy":"product_tag","embeddable":true,"href":"https:\/\/www.brikaelektrik.al\/al\/wp-json\/wp\/v2\/product_tag?post=5250"}],"curies":[{"name":"wp","href":"https:\/\/api.w.org\/{rel}","templated":true}]}}