{"id":5254,"date":"2026-02-21T11:53:40","date_gmt":"2026-02-21T11:53:40","guid":{"rendered":"https:\/\/www.brikaelektrik.al\/?post_type=product&#038;p=5254"},"modified":"2026-02-21T11:53:40","modified_gmt":"2026-02-21T11:53:40","slug":"terminale-teli-4-mm2-gri-200pcs-pack","status":"publish","type":"product","link":"https:\/\/www.brikaelektrik.al\/al\/produkt\/terminale-teli-4-mm2-gri-200pcs-pack\/","title":{"rendered":"TERMINALE TELI 4 MM2 GRI (200PCS\/PACK)"},"content":{"rendered":"<p><strong>Seria: <\/strong>ITL<br \/>\n<strong>Lloji:<\/strong> Terminal teli i izoluar (single wire ferrule))<br \/>\n<strong data-start=\"830\" data-end=\"851\">Sezione nominale:<\/strong>\u202f 4 mm\u00b2<br \/>\n<strong>Izolimi:<\/strong> Polipropilen (PP)<br \/>\n<strong>Ngjyra:<\/strong> Gri<br \/>\n<strong>Temperatura e pun\u00ebs:\u00a0<\/strong> -40\u00b0C deri +105\u00b0C<br \/>\n<strong>P\u00ebrputhshm\u00ebria me standardet:<\/strong> IEC 60228, DIN 46228<br \/>\n<strong>P\u00ebrdorimi: <\/strong>P\u00ebr p\u00ebrfundimin dhe mbrojtjen e telave fleksib\u00ebl n\u00eb panele elektrike, shp\u00ebrndarje energjie dhe instalime industriale.<\/p>","protected":false},"excerpt":{"rendered":"<p>Seria: ITL Lloji: Terminal teli i izoluar (single wire ferrule)) Sezione nominale:\u202f 4 mm\u00b2 Izolimi: Polipropilen (PP) Ngjyra: Gri Temperatura e pun\u00ebs:\u00a0 -40\u00b0C deri +105\u00b0C P\u00ebrputhshm\u00ebria me standardet: IEC 60228, DIN 46228 P\u00ebrdorimi: P\u00ebr p\u00ebrfundimin dhe mbrojtjen e telave fleksib\u00ebl n\u00eb panele elektrike, shp\u00ebrndarje energjie dhe instalime industriale.<\/p>","protected":false},"featured_media":5255,"comment_status":"open","ping_status":"closed","template":"","meta":{"_acf_changed":false},"product_brand":[],"product_cat":[140,59],"product_tag":[],"class_list":{"0":"post-5254","1":"product","2":"type-product","3":"status-publish","4":"has-post-thumbnail","6":"product_cat-terminale-teli","7":"product_cat-morseteri-dhe-kapikorda-terminale","9":"first","10":"instock","11":"shipping-taxable","12":"product-type-simple"},"acf":[],"_links":{"self":[{"href":"https:\/\/www.brikaelektrik.al\/al\/wp-json\/wp\/v2\/product\/5254","targetHints":{"allow":["GET"]}}],"collection":[{"href":"https:\/\/www.brikaelektrik.al\/al\/wp-json\/wp\/v2\/product"}],"about":[{"href":"https:\/\/www.brikaelektrik.al\/al\/wp-json\/wp\/v2\/types\/product"}],"replies":[{"embeddable":true,"href":"https:\/\/www.brikaelektrik.al\/al\/wp-json\/wp\/v2\/comments?post=5254"}],"wp:featuredmedia":[{"embeddable":true,"href":"https:\/\/www.brikaelektrik.al\/al\/wp-json\/wp\/v2\/media\/5255"}],"wp:attachment":[{"href":"https:\/\/www.brikaelektrik.al\/al\/wp-json\/wp\/v2\/media?parent=5254"}],"wp:term":[{"taxonomy":"product_brand","embeddable":true,"href":"https:\/\/www.brikaelektrik.al\/al\/wp-json\/wp\/v2\/product_brand?post=5254"},{"taxonomy":"product_cat","embeddable":true,"href":"https:\/\/www.brikaelektrik.al\/al\/wp-json\/wp\/v2\/product_cat?post=5254"},{"taxonomy":"product_tag","embeddable":true,"href":"https:\/\/www.brikaelektrik.al\/al\/wp-json\/wp\/v2\/product_tag?post=5254"}],"curies":[{"name":"wp","href":"https:\/\/api.w.org\/{rel}","templated":true}]}}