{"id":5263,"date":"2026-02-21T12:20:42","date_gmt":"2026-02-21T12:20:42","guid":{"rendered":"https:\/\/www.brikaelektrik.al\/?post_type=product&#038;p=5263"},"modified":"2026-02-21T12:20:42","modified_gmt":"2026-02-21T12:20:42","slug":"terminale-teli-dopio-2x1-5-mm2-te-zeza-500pcs-pack","status":"publish","type":"product","link":"https:\/\/www.brikaelektrik.al\/al\/produkt\/terminale-teli-dopio-2x1-5-mm2-te-zeza-500pcs-pack\/","title":{"rendered":"TERMINALE TELI DOPIO  2X1.5 MM2 T\u00cb ZEZA (500PCS\/PACK)"},"content":{"rendered":"<p><strong>Seria: <\/strong>ITL<br \/>\n<strong>Lloji:<\/strong> Terminal teli dopio i izoluar (dual wire ferrule)<br \/>\n<strong data-start=\"830\" data-end=\"851\">Sezione nominale:<\/strong>\u202f 2\u202f\u00d7\u202f1.5\u202fmm\u00b2<br \/>\n<strong>Izolimi:<\/strong> Plastik\u00eb\u00a0e fort\u00eb<br \/>\n<strong>Ngjyra:<\/strong> E zez\u00eb<br \/>\n<strong>Temperatura e pun\u00ebs:\u00a0<\/strong> -15\u00b0C deri +105\u00b0C (standard industrial)<br \/>\n<strong>P\u00ebrputhshm\u00ebria me standardet: <\/strong>IEC 60947-7-1 \/ IEC 60695-2-11<br \/>\n<strong>P\u00ebrdorimi: <\/strong>P\u00ebr p\u00ebrfundimin dhe bashkimin e dy telave fleksib\u00ebl n\u00eb t\u00eb nj\u00ebjtin terminal, n\u00eb panele elektrike dhe sisteme automatizimi.<\/p>","protected":false},"excerpt":{"rendered":"<p>Seria: ITL Lloji: Terminal teli dopio i izoluar (dual wire ferrule) Sezione nominale:\u202f 2\u202f\u00d7\u202f1.5\u202fmm\u00b2 Izolimi: Plastik\u00eb\u00a0e fort\u00eb Ngjyra: E zez\u00eb Temperatura e pun\u00ebs:\u00a0 -15\u00b0C deri +105\u00b0C (standard industrial) P\u00ebrputhshm\u00ebria me standardet: IEC 60947-7-1 \/ IEC 60695-2-11 P\u00ebrdorimi: P\u00ebr p\u00ebrfundimin dhe bashkimin e dy telave fleksib\u00ebl n\u00eb t\u00eb nj\u00ebjtin terminal, n\u00eb panele elektrike dhe sisteme automatizimi.<\/p>","protected":false},"featured_media":5265,"comment_status":"open","ping_status":"closed","template":"","meta":{"_acf_changed":false},"product_brand":[],"product_cat":[140,59],"product_tag":[],"class_list":{"0":"post-5263","1":"product","2":"type-product","3":"status-publish","4":"has-post-thumbnail","6":"product_cat-terminale-teli","7":"product_cat-morseteri-dhe-kapikorda-terminale","9":"first","10":"instock","11":"shipping-taxable","12":"product-type-simple"},"acf":[],"_links":{"self":[{"href":"https:\/\/www.brikaelektrik.al\/al\/wp-json\/wp\/v2\/product\/5263","targetHints":{"allow":["GET"]}}],"collection":[{"href":"https:\/\/www.brikaelektrik.al\/al\/wp-json\/wp\/v2\/product"}],"about":[{"href":"https:\/\/www.brikaelektrik.al\/al\/wp-json\/wp\/v2\/types\/product"}],"replies":[{"embeddable":true,"href":"https:\/\/www.brikaelektrik.al\/al\/wp-json\/wp\/v2\/comments?post=5263"}],"wp:featuredmedia":[{"embeddable":true,"href":"https:\/\/www.brikaelektrik.al\/al\/wp-json\/wp\/v2\/media\/5265"}],"wp:attachment":[{"href":"https:\/\/www.brikaelektrik.al\/al\/wp-json\/wp\/v2\/media?parent=5263"}],"wp:term":[{"taxonomy":"product_brand","embeddable":true,"href":"https:\/\/www.brikaelektrik.al\/al\/wp-json\/wp\/v2\/product_brand?post=5263"},{"taxonomy":"product_cat","embeddable":true,"href":"https:\/\/www.brikaelektrik.al\/al\/wp-json\/wp\/v2\/product_cat?post=5263"},{"taxonomy":"product_tag","embeddable":true,"href":"https:\/\/www.brikaelektrik.al\/al\/wp-json\/wp\/v2\/product_tag?post=5263"}],"curies":[{"name":"wp","href":"https:\/\/api.w.org\/{rel}","templated":true}]}}