{"id":5278,"date":"2026-03-04T12:44:38","date_gmt":"2026-03-04T12:44:38","guid":{"rendered":"https:\/\/www.brikaelektrik.al\/?post_type=product&#038;p=5278"},"modified":"2026-03-04T12:44:39","modified_gmt":"2026-03-04T12:44:39","slug":"morseteri-monofaze-11-pika-lidhje-deri-ne-60a-per-seksion-1-5-10mm2","status":"publish","type":"product","link":"https:\/\/www.brikaelektrik.al\/al\/produkt\/morseteri-monofaze-11-pika-lidhje-deri-ne-60a-per-seksion-1-5-10mm2\/","title":{"rendered":"MORSETERI MONOFAZ\u00cb 11 PIKA LIDHJE DERI N\u00cb 60A P\u00cbR SEKSION 1.5-10MM2"},"content":{"rendered":"<p><strong>Seria:<\/strong> ARNO \u2013 Morseteri shp\u00ebrndar\u00ebs<br data-start=\"88\" data-end=\"91\" \/><strong>Lloji:<\/strong> Morseter monofaz\u00eb<br data-start=\"115\" data-end=\"118\" data-is-only-node=\"\" \/><strong>Rryma nominale:<\/strong> Deri n\u00eb 60A<br data-start=\"145\" data-end=\"148\" \/><strong>Numri i pikave t\u00eb lidhjes:<\/strong> 11<br data-start=\"177\" data-end=\"180\" \/><strong>Seksioni i p\u00ebr\u00e7uesit:<\/strong> 1.5 \u2013 10 mm\u00b2<br data-start=\"214\" data-end=\"217\" \/><strong>Materiali i kontaktit:<\/strong> Bak\u00ebr i kallajuar<br data-start=\"257\" data-end=\"260\" \/><strong>Materiali i trupit:<\/strong> Poliamid (PA) rezistent ndaj temperatur\u00ebs<br data-start=\"349\" data-end=\"352\" \/><strong>Temperatura e pun\u00ebs:<\/strong> -25\u00b0C deri +100\u00b0C<br data-start=\"390\" data-end=\"393\" \/><strong>P\u00ebrputhshm\u00ebria me standardet:<\/strong> IEC 60947-7-1<\/p>","protected":false},"excerpt":{"rendered":"<p>Seria: ARNO \u2013 Morseteri shp\u00ebrndar\u00ebsLloji: Morseter monofaz\u00ebRryma nominale: Deri n\u00eb 60ANumri i pikave t\u00eb lidhjes: 11Seksioni i p\u00ebr\u00e7uesit: 1.5 \u2013 10 mm\u00b2Materiali i kontaktit: Bak\u00ebr i kallajuarMateriali i trupit: Poliamid (PA) rezistent ndaj temperatur\u00ebsTemperatura e pun\u00ebs: -25\u00b0C deri +100\u00b0CP\u00ebrputhshm\u00ebria me standardet: IEC 60947-7-1<\/p>","protected":false},"featured_media":5280,"comment_status":"open","ping_status":"closed","template":"","meta":{"_acf_changed":false},"product_brand":[],"product_cat":[137,59],"product_tag":[],"class_list":{"0":"post-5278","1":"product","2":"type-product","3":"status-publish","4":"has-post-thumbnail","6":"product_cat-morseteri-modulare","7":"product_cat-morseteri-dhe-kapikorda-terminale","9":"first","10":"instock","11":"shipping-taxable","12":"product-type-simple"},"acf":[],"_links":{"self":[{"href":"https:\/\/www.brikaelektrik.al\/al\/wp-json\/wp\/v2\/product\/5278","targetHints":{"allow":["GET"]}}],"collection":[{"href":"https:\/\/www.brikaelektrik.al\/al\/wp-json\/wp\/v2\/product"}],"about":[{"href":"https:\/\/www.brikaelektrik.al\/al\/wp-json\/wp\/v2\/types\/product"}],"replies":[{"embeddable":true,"href":"https:\/\/www.brikaelektrik.al\/al\/wp-json\/wp\/v2\/comments?post=5278"}],"wp:featuredmedia":[{"embeddable":true,"href":"https:\/\/www.brikaelektrik.al\/al\/wp-json\/wp\/v2\/media\/5280"}],"wp:attachment":[{"href":"https:\/\/www.brikaelektrik.al\/al\/wp-json\/wp\/v2\/media?parent=5278"}],"wp:term":[{"taxonomy":"product_brand","embeddable":true,"href":"https:\/\/www.brikaelektrik.al\/al\/wp-json\/wp\/v2\/product_brand?post=5278"},{"taxonomy":"product_cat","embeddable":true,"href":"https:\/\/www.brikaelektrik.al\/al\/wp-json\/wp\/v2\/product_cat?post=5278"},{"taxonomy":"product_tag","embeddable":true,"href":"https:\/\/www.brikaelektrik.al\/al\/wp-json\/wp\/v2\/product_tag?post=5278"}],"curies":[{"name":"wp","href":"https:\/\/api.w.org\/{rel}","templated":true}]}}