{"id":5284,"date":"2026-03-04T12:56:49","date_gmt":"2026-03-04T12:56:49","guid":{"rendered":"https:\/\/www.brikaelektrik.al\/?post_type=product&#038;p=5284"},"modified":"2026-03-04T12:56:49","modified_gmt":"2026-03-04T12:56:49","slug":"morseteri-4p-15-pika-lidhje-125a","status":"publish","type":"product","link":"https:\/\/www.brikaelektrik.al\/al\/produkt\/morseteri-4p-15-pika-lidhje-125a\/","title":{"rendered":"MORSETERI 4P 15 PIKA LIDHJE 125A"},"content":{"rendered":"<p><strong>Seria:<\/strong> ARNO \u2013 Morseteri shp\u00ebrndar\u00ebs<br data-start=\"100\" data-end=\"103\" \/><strong>Lloji:<\/strong> Morseter shp\u00ebrndar\u00ebs 4 pol\u00ebsh (4P)<br data-start=\"144\" data-end=\"147\" data-is-only-node=\"\" \/><strong>Rryma nominale:<\/strong> Deri n\u00eb 125A<br data-start=\"167\" data-end=\"170\" \/><strong>Numri i pikave t\u00eb lidhjes:<\/strong> 15\u00a0<br data-start=\"241\" data-end=\"244\" \/><strong>Seksioni i p\u00ebr\u00e7uesit: <\/strong>1.5 \u2013 16 mm\u00b2<br data-start=\"304\" data-end=\"307\" \/><strong>Materiali i kontaktit:<\/strong> Bak\u00ebr i kallajuar\u00a0<br data-start=\"355\" data-end=\"358\" \/><strong>Materiali i trupit:<\/strong> Poliamid (PA) rezistent ndaj temperatur\u00ebs dhe flak\u00ebs<br data-start=\"430\" data-end=\"433\" \/><strong>Temperatura e pun\u00ebs:<\/strong> -25\u00b0C deri +100\u00b0C<br data-start=\"471\" data-end=\"474\" \/><strong>P\u00ebrputhshm\u00ebria me standardet:<\/strong> CE, RoHS, EN 60998-1<\/p>","protected":false},"excerpt":{"rendered":"<p>Seria: ARNO \u2013 Morseteri shp\u00ebrndar\u00ebsLloji: Morseter shp\u00ebrndar\u00ebs 4 pol\u00ebsh (4P)Rryma nominale: Deri n\u00eb 125ANumri i pikave t\u00eb lidhjes: 15\u00a0Seksioni i p\u00ebr\u00e7uesit: 1.5 \u2013 16 mm\u00b2Materiali i kontaktit: Bak\u00ebr i kallajuar\u00a0Materiali i trupit: Poliamid (PA) rezistent ndaj temperatur\u00ebs dhe flak\u00ebsTemperatura e pun\u00ebs: -25\u00b0C deri +100\u00b0CP\u00ebrputhshm\u00ebria me standardet: CE, RoHS, EN 60998-1<\/p>","protected":false},"featured_media":5285,"comment_status":"open","ping_status":"closed","template":"","meta":{"_acf_changed":false},"product_brand":[],"product_cat":[137,59],"product_tag":[],"class_list":{"0":"post-5284","1":"product","2":"type-product","3":"status-publish","4":"has-post-thumbnail","6":"product_cat-morseteri-modulare","7":"product_cat-morseteri-dhe-kapikorda-terminale","9":"first","10":"instock","11":"shipping-taxable","12":"product-type-simple"},"acf":[],"_links":{"self":[{"href":"https:\/\/www.brikaelektrik.al\/al\/wp-json\/wp\/v2\/product\/5284","targetHints":{"allow":["GET"]}}],"collection":[{"href":"https:\/\/www.brikaelektrik.al\/al\/wp-json\/wp\/v2\/product"}],"about":[{"href":"https:\/\/www.brikaelektrik.al\/al\/wp-json\/wp\/v2\/types\/product"}],"replies":[{"embeddable":true,"href":"https:\/\/www.brikaelektrik.al\/al\/wp-json\/wp\/v2\/comments?post=5284"}],"wp:featuredmedia":[{"embeddable":true,"href":"https:\/\/www.brikaelektrik.al\/al\/wp-json\/wp\/v2\/media\/5285"}],"wp:attachment":[{"href":"https:\/\/www.brikaelektrik.al\/al\/wp-json\/wp\/v2\/media?parent=5284"}],"wp:term":[{"taxonomy":"product_brand","embeddable":true,"href":"https:\/\/www.brikaelektrik.al\/al\/wp-json\/wp\/v2\/product_brand?post=5284"},{"taxonomy":"product_cat","embeddable":true,"href":"https:\/\/www.brikaelektrik.al\/al\/wp-json\/wp\/v2\/product_cat?post=5284"},{"taxonomy":"product_tag","embeddable":true,"href":"https:\/\/www.brikaelektrik.al\/al\/wp-json\/wp\/v2\/product_tag?post=5284"}],"curies":[{"name":"wp","href":"https:\/\/api.w.org\/{rel}","templated":true}]}}