{"id":5286,"date":"2026-03-04T12:59:29","date_gmt":"2026-03-04T12:59:29","guid":{"rendered":"https:\/\/www.brikaelektrik.al\/?post_type=product&#038;p=5286"},"modified":"2026-03-04T12:59:29","modified_gmt":"2026-03-04T12:59:29","slug":"morseteri-4p-13-pika-lidhje-160a","status":"publish","type":"product","link":"https:\/\/www.brikaelektrik.al\/al\/produkt\/morseteri-4p-13-pika-lidhje-160a\/","title":{"rendered":"MORSETERI 4P 13 PIKA LIDHJE 160A"},"content":{"rendered":"<p><strong>Seria:<\/strong> ARNO \u2013 Morseteri shp\u00ebrndar\u00ebs<br data-start=\"99\" data-end=\"102\" \/><strong>Lloji:<\/strong> Morseter shp\u00ebrndar\u00ebs 4 pol\u00ebsh (4P)<br data-start=\"143\" data-end=\"146\" data-is-only-node=\"\" \/><strong>Rryma nominale<\/strong>: Deri n\u00eb 160A<br data-start=\"166\" data-end=\"169\" \/><strong>Numri i pikave t\u00eb lidhjes:<\/strong> 13<br data-start=\"198\" data-end=\"201\" \/><strong>Seksioni i p\u00ebr\u00e7uesit:<\/strong>\u00a01.5 \u2013 25 mm\u00b2<br data-start=\"261\" data-end=\"264\" \/><strong>Materiali i kontaktit:<\/strong> Bak\u00ebr i kallajuar\u00a0<br data-start=\"312\" data-end=\"315\" \/><strong>Materiali i trupit:<\/strong> Poliamid (PA) rezistent ndaj temperatur\u00ebs dhe flak\u00ebs<br data-start=\"387\" data-end=\"390\" \/><strong>Temperatura e pun\u00ebs:<\/strong> -25\u00b0C deri +100\u00b0C<br data-start=\"428\" data-end=\"431\" \/><strong>P\u00ebrputhshm\u00ebria me standardet:<\/strong> CE, RoHS, EN 60998-1<\/p>","protected":false},"excerpt":{"rendered":"<p>Seria: ARNO \u2013 Morseteri shp\u00ebrndar\u00ebsLloji: Morseter shp\u00ebrndar\u00ebs 4 pol\u00ebsh (4P)Rryma nominale: Deri n\u00eb 160ANumri i pikave t\u00eb lidhjes: 13Seksioni i p\u00ebr\u00e7uesit:\u00a01.5 \u2013 25 mm\u00b2Materiali i kontaktit: Bak\u00ebr i kallajuar\u00a0Materiali i trupit: Poliamid (PA) rezistent ndaj temperatur\u00ebs dhe flak\u00ebsTemperatura e pun\u00ebs: -25\u00b0C deri +100\u00b0CP\u00ebrputhshm\u00ebria me standardet: CE, RoHS, EN 60998-1<\/p>","protected":false},"featured_media":5285,"comment_status":"open","ping_status":"closed","template":"","meta":{"_acf_changed":false},"product_brand":[],"product_cat":[137,59],"product_tag":[],"class_list":{"0":"post-5286","1":"product","2":"type-product","3":"status-publish","4":"has-post-thumbnail","6":"product_cat-morseteri-modulare","7":"product_cat-morseteri-dhe-kapikorda-terminale","9":"first","10":"instock","11":"shipping-taxable","12":"product-type-simple"},"acf":[],"_links":{"self":[{"href":"https:\/\/www.brikaelektrik.al\/al\/wp-json\/wp\/v2\/product\/5286","targetHints":{"allow":["GET"]}}],"collection":[{"href":"https:\/\/www.brikaelektrik.al\/al\/wp-json\/wp\/v2\/product"}],"about":[{"href":"https:\/\/www.brikaelektrik.al\/al\/wp-json\/wp\/v2\/types\/product"}],"replies":[{"embeddable":true,"href":"https:\/\/www.brikaelektrik.al\/al\/wp-json\/wp\/v2\/comments?post=5286"}],"wp:featuredmedia":[{"embeddable":true,"href":"https:\/\/www.brikaelektrik.al\/al\/wp-json\/wp\/v2\/media\/5285"}],"wp:attachment":[{"href":"https:\/\/www.brikaelektrik.al\/al\/wp-json\/wp\/v2\/media?parent=5286"}],"wp:term":[{"taxonomy":"product_brand","embeddable":true,"href":"https:\/\/www.brikaelektrik.al\/al\/wp-json\/wp\/v2\/product_brand?post=5286"},{"taxonomy":"product_cat","embeddable":true,"href":"https:\/\/www.brikaelektrik.al\/al\/wp-json\/wp\/v2\/product_cat?post=5286"},{"taxonomy":"product_tag","embeddable":true,"href":"https:\/\/www.brikaelektrik.al\/al\/wp-json\/wp\/v2\/product_tag?post=5286"}],"curies":[{"name":"wp","href":"https:\/\/api.w.org\/{rel}","templated":true}]}}