{"id":5288,"date":"2026-03-04T13:05:19","date_gmt":"2026-03-04T13:05:19","guid":{"rendered":"https:\/\/www.brikaelektrik.al\/?post_type=product&#038;p=5288"},"modified":"2026-03-04T13:05:19","modified_gmt":"2026-03-04T13:05:19","slug":"morseteri-4p-8-pika-lidhje-63a","status":"publish","type":"product","link":"https:\/\/www.brikaelektrik.al\/al\/produkt\/morseteri-4p-8-pika-lidhje-63a\/","title":{"rendered":"MORSETERI 4P 8 PIKA LIDHJE 63A"},"content":{"rendered":"<p><strong>Seria:<\/strong> ARNO \u2013 Morseteri shp\u00ebrndar\u00ebs<br data-start=\"97\" data-end=\"100\" \/><strong>Lloji:<\/strong> Morseter shp\u00ebrndar\u00ebs 4 pol\u00ebsh (4P)<br data-start=\"141\" data-end=\"144\" data-is-only-node=\"\" \/><strong>Rryma nominale:<\/strong> Deri n\u00eb 63A<br data-start=\"163\" data-end=\"166\" \/><strong>Numri i pikave t\u00eb lidhjes:<\/strong> 8<br data-start=\"194\" data-end=\"197\" \/><strong>Seksioni i p\u00ebr\u00e7uesit:<\/strong>1.5 \u2013 10 mm\u00b2<br data-start=\"257\" data-end=\"260\" \/><strong>Materiali i kontaktit:<\/strong> Bak\u00ebr i kallajuar<br data-start=\"308\" data-end=\"311\" \/><strong>Materiali i trupit:<\/strong> Poliamid (PA) rezistent ndaj temperatur\u00ebs dhe flak\u00ebs<br data-start=\"383\" data-end=\"386\" \/><strong>Temperatura e pun\u00ebs:<\/strong> -25\u00b0C deri +100\u00b0C<br data-start=\"424\" data-end=\"427\" \/><strong>P\u00ebrputhshm\u00ebria me standardet:<\/strong> CE, RoHS, EN 60998-1<\/p>","protected":false},"excerpt":{"rendered":"<p>Seria: ARNO \u2013 Morseteri shp\u00ebrndar\u00ebsLloji: Morseter shp\u00ebrndar\u00ebs 4 pol\u00ebsh (4P)Rryma nominale: Deri n\u00eb 63ANumri i pikave t\u00eb lidhjes: 8Seksioni i p\u00ebr\u00e7uesit:1.5 \u2013 10 mm\u00b2Materiali i kontaktit: Bak\u00ebr i kallajuarMateriali i trupit: Poliamid (PA) rezistent ndaj temperatur\u00ebs dhe flak\u00ebsTemperatura e pun\u00ebs: -25\u00b0C deri +100\u00b0CP\u00ebrputhshm\u00ebria me standardet: CE, RoHS, EN 60998-1<\/p>","protected":false},"featured_media":5289,"comment_status":"open","ping_status":"closed","template":"","meta":{"_acf_changed":false},"product_brand":[],"product_cat":[137,59],"product_tag":[],"class_list":{"0":"post-5288","1":"product","2":"type-product","3":"status-publish","4":"has-post-thumbnail","6":"product_cat-morseteri-modulare","7":"product_cat-morseteri-dhe-kapikorda-terminale","9":"first","10":"instock","11":"shipping-taxable","12":"product-type-simple"},"acf":[],"_links":{"self":[{"href":"https:\/\/www.brikaelektrik.al\/al\/wp-json\/wp\/v2\/product\/5288","targetHints":{"allow":["GET"]}}],"collection":[{"href":"https:\/\/www.brikaelektrik.al\/al\/wp-json\/wp\/v2\/product"}],"about":[{"href":"https:\/\/www.brikaelektrik.al\/al\/wp-json\/wp\/v2\/types\/product"}],"replies":[{"embeddable":true,"href":"https:\/\/www.brikaelektrik.al\/al\/wp-json\/wp\/v2\/comments?post=5288"}],"wp:featuredmedia":[{"embeddable":true,"href":"https:\/\/www.brikaelektrik.al\/al\/wp-json\/wp\/v2\/media\/5289"}],"wp:attachment":[{"href":"https:\/\/www.brikaelektrik.al\/al\/wp-json\/wp\/v2\/media?parent=5288"}],"wp:term":[{"taxonomy":"product_brand","embeddable":true,"href":"https:\/\/www.brikaelektrik.al\/al\/wp-json\/wp\/v2\/product_brand?post=5288"},{"taxonomy":"product_cat","embeddable":true,"href":"https:\/\/www.brikaelektrik.al\/al\/wp-json\/wp\/v2\/product_cat?post=5288"},{"taxonomy":"product_tag","embeddable":true,"href":"https:\/\/www.brikaelektrik.al\/al\/wp-json\/wp\/v2\/product_tag?post=5288"}],"curies":[{"name":"wp","href":"https:\/\/api.w.org\/{rel}","templated":true}]}}