{"id":5291,"date":"2026-03-05T08:15:43","date_gmt":"2026-03-05T08:15:43","guid":{"rendered":"https:\/\/www.brikaelektrik.al\/?post_type=product&#038;p=5291"},"modified":"2026-03-05T15:10:02","modified_gmt":"2026-03-05T15:10:02","slug":"gilza-baker-240mm-5pcs-pack","status":"publish","type":"product","link":"https:\/\/www.brikaelektrik.al\/al\/produkt\/gilza-baker-240mm-5pcs-pack\/","title":{"rendered":"GILZA BAK\u00cbR 240MM (5PCS\/PACK)"},"content":{"rendered":"<div class=\"flex flex-col text-sm pb-25\">\n<article class=\"text-token-text-primary w-full focus:outline-none [--shadow-height:45px] has-data-writing-block:pointer-events-none has-data-writing-block:-mt-(--shadow-height) has-data-writing-block:pt-(--shadow-height) [&amp;:has([data-writing-block])&gt;*]:pointer-events-auto scroll-mt-[calc(var(--header-height)+min(200px,max(70px,20svh)))]\" dir=\"auto\" data-turn-id=\"request-69957641-fbac-8329-8e56-65906dc708b8-0\" data-testid=\"conversation-turn-90\" data-scroll-anchor=\"true\" data-turn=\"assistant\">\n<div class=\"text-base my-auto mx-auto pb-10 [--thread-content-margin:--spacing(4)] @w-sm\/main:[--thread-content-margin:--spacing(6)] @w-lg\/main:[--thread-content-margin:--spacing(16)] px-(--thread-content-margin)\">\n<div class=\"[--thread-content-max-width:40rem] @w-lg\/main:[--thread-content-max-width:48rem] mx-auto max-w-(--thread-content-max-width) flex-1 group\/turn-messages focus-visible:outline-hidden relative flex w-full min-w-0 flex-col agent-turn\">\n<div class=\"flex max-w-full flex-col grow\">\n<div class=\"min-h-8 text-message relative flex w-full flex-col items-end gap-2 text-start break-words whitespace-normal [.text-message+&amp;]:mt-1\" dir=\"auto\" data-message-author-role=\"assistant\" data-message-id=\"3ba3dab4-1112-4f82-884c-1e671d422ff6\" data-message-model-slug=\"gpt-5-3\">\n<div class=\"flex w-full flex-col gap-1 empty:hidden first:pt-[1px]\">\n<div class=\"markdown prose dark:prose-invert w-full wrap-break-word light markdown-new-styling\">\n<p data-start=\"24\" data-end=\"284\" data-is-last-node=\"\" data-is-only-node=\"\"><strong>Seria:<\/strong> ITL<br \/>\n<strong>Lloji: <\/strong>Gilz\u00eb bakri p\u00ebr krimpimin e kabllove<br data-start=\"56\" data-end=\"59\" data-is-only-node=\"\" \/><strong>Materiali:<\/strong> Bak\u00ebr i kallajuar<br data-start=\"87\" data-end=\"90\" \/><strong>Seksioni: <\/strong>240 mm\u00b2<br data-start=\"106\" data-end=\"109\" \/><strong>Gjat\u00ebsia: <\/strong>81.6 mm<br data-start=\"124\" data-end=\"127\" \/><strong>Diametri i brendsh\u00ebm: <\/strong>20.9 mm<br data-start=\"155\" data-end=\"158\" \/><strong>Diametri i jasht\u00ebm: <\/strong>26 mm<strong><br \/>\nTemperatura e pun\u00ebs: <\/strong>-50\u00b0C deri +150\u00b0C<strong><br \/>\nP\u00ebrputhshm\u00ebria:<\/strong> Me t\u00eb gjitha kabllot e bakrit t\u00eb energjis\u00eb q\u00eb p\u00ebrdoren n\u00eb rrjetet industriale elektrike.<strong><br \/>\n<\/strong><\/p>\n<\/div>\n<\/div>\n<\/div>\n<\/div>\n<div class=\"z-0 flex min-h-[46px] justify-start\"><\/div>\n<div class=\"mt-3 w-full empty:hidden\">\n<div class=\"text-center\"><\/div>\n<\/div>\n<\/div>\n<\/div>\n<\/article>\n<\/div>\n<div class=\"pointer-events-none h-px w-px absolute bottom-0\" aria-hidden=\"true\" data-edge=\"true\"><\/div>","protected":false},"excerpt":{"rendered":"<p>Seria: ITL Lloji: Gilz\u00eb bakri p\u00ebr krimpimin e kablloveMateriali: Bak\u00ebr i kallajuarSeksioni: 240 mm\u00b2Gjat\u00ebsia: 81.6 mmDiametri i brendsh\u00ebm: 20.9 mmDiametri i jasht\u00ebm: 26 mm Temperatura e pun\u00ebs: -50\u00b0C deri +150\u00b0C P\u00ebrputhshm\u00ebria: Me t\u00eb gjitha kabllot e bakrit t\u00eb energjis\u00eb q\u00eb p\u00ebrdoren n\u00eb rrjetet industriale elektrike.<\/p>","protected":false},"featured_media":5319,"comment_status":"open","ping_status":"closed","template":"","meta":{"_acf_changed":false},"product_brand":[],"product_cat":[135,59],"product_tag":[],"class_list":{"0":"post-5291","1":"product","2":"type-product","3":"status-publish","4":"has-post-thumbnail","6":"product_cat-gilza-kapikorda","7":"product_cat-morseteri-dhe-kapikorda-terminale","9":"first","10":"instock","11":"shipping-taxable","12":"product-type-simple"},"acf":[],"_links":{"self":[{"href":"https:\/\/www.brikaelektrik.al\/al\/wp-json\/wp\/v2\/product\/5291","targetHints":{"allow":["GET"]}}],"collection":[{"href":"https:\/\/www.brikaelektrik.al\/al\/wp-json\/wp\/v2\/product"}],"about":[{"href":"https:\/\/www.brikaelektrik.al\/al\/wp-json\/wp\/v2\/types\/product"}],"replies":[{"embeddable":true,"href":"https:\/\/www.brikaelektrik.al\/al\/wp-json\/wp\/v2\/comments?post=5291"}],"wp:featuredmedia":[{"embeddable":true,"href":"https:\/\/www.brikaelektrik.al\/al\/wp-json\/wp\/v2\/media\/5319"}],"wp:attachment":[{"href":"https:\/\/www.brikaelektrik.al\/al\/wp-json\/wp\/v2\/media?parent=5291"}],"wp:term":[{"taxonomy":"product_brand","embeddable":true,"href":"https:\/\/www.brikaelektrik.al\/al\/wp-json\/wp\/v2\/product_brand?post=5291"},{"taxonomy":"product_cat","embeddable":true,"href":"https:\/\/www.brikaelektrik.al\/al\/wp-json\/wp\/v2\/product_cat?post=5291"},{"taxonomy":"product_tag","embeddable":true,"href":"https:\/\/www.brikaelektrik.al\/al\/wp-json\/wp\/v2\/product_tag?post=5291"}],"curies":[{"name":"wp","href":"https:\/\/api.w.org\/{rel}","templated":true}]}}