{"id":5304,"date":"2026-03-05T13:03:23","date_gmt":"2026-03-05T13:03:23","guid":{"rendered":"https:\/\/www.brikaelektrik.al\/?post_type=product&#038;p=5304"},"modified":"2026-03-05T13:03:23","modified_gmt":"2026-03-05T13:03:23","slug":"gilza-baker-10mm-100pcs-pack","status":"publish","type":"product","link":"https:\/\/www.brikaelektrik.al\/al\/produkt\/gilza-baker-10mm-100pcs-pack\/","title":{"rendered":"GILZA BAK\u00cbR 10MM (100PCS\/PACK)"},"content":{"rendered":"<p><strong>Seria:<\/strong> ITL<br \/>\n<strong>Lloji: <\/strong>Gilz\u00eb bakri p\u00ebr krimpimin e kabllove<br data-start=\"56\" data-end=\"59\" data-is-only-node=\"\" \/><strong>Materiali:<\/strong> Bak\u00ebr i kallajuar<br data-start=\"87\" data-end=\"90\" \/><strong>Seksioni:<\/strong> 10 mm\u00b2<br data-start=\"106\" data-end=\"109\" \/><strong>Gjat\u00ebsia: <\/strong>18\u00a0mm<br data-start=\"124\" data-end=\"127\" \/><strong>Diametri i brendsh\u00ebm: <\/strong>4.5 mm<br data-start=\"155\" data-end=\"158\" \/><strong>Diametri i jasht\u00ebm: <\/strong>6 mm<strong><br \/>\nTemperatura e pun\u00ebs: <\/strong>-50\u00b0C deri +150\u00b0C<strong><br \/>\nP\u00ebrputhshm\u00ebria: <\/strong>IEC 61238-1, CE, RoHS \u2013 standarde p\u00ebr lidhje elektrike t\u00eb kabllove t\u00eb energjis\u00eb.<\/p>","protected":false},"excerpt":{"rendered":"<p>Seria: ITL Lloji: Gilz\u00eb bakri p\u00ebr krimpimin e kablloveMateriali: Bak\u00ebr i kallajuarSeksioni: 10 mm\u00b2Gjat\u00ebsia: 18\u00a0mmDiametri i brendsh\u00ebm: 4.5 mmDiametri i jasht\u00ebm: 6 mm Temperatura e pun\u00ebs: -50\u00b0C deri +150\u00b0C P\u00ebrputhshm\u00ebria: IEC 61238-1, CE, RoHS \u2013 standarde p\u00ebr lidhje elektrike t\u00eb kabllove t\u00eb energjis\u00eb.<\/p>","protected":false},"featured_media":5305,"comment_status":"open","ping_status":"closed","template":"","meta":{"_acf_changed":false},"product_brand":[],"product_cat":[135,59],"product_tag":[],"class_list":{"0":"post-5304","1":"product","2":"type-product","3":"status-publish","4":"has-post-thumbnail","6":"product_cat-gilza-kapikorda","7":"product_cat-morseteri-dhe-kapikorda-terminale","9":"first","10":"instock","11":"shipping-taxable","12":"product-type-simple"},"acf":[],"_links":{"self":[{"href":"https:\/\/www.brikaelektrik.al\/al\/wp-json\/wp\/v2\/product\/5304","targetHints":{"allow":["GET"]}}],"collection":[{"href":"https:\/\/www.brikaelektrik.al\/al\/wp-json\/wp\/v2\/product"}],"about":[{"href":"https:\/\/www.brikaelektrik.al\/al\/wp-json\/wp\/v2\/types\/product"}],"replies":[{"embeddable":true,"href":"https:\/\/www.brikaelektrik.al\/al\/wp-json\/wp\/v2\/comments?post=5304"}],"wp:featuredmedia":[{"embeddable":true,"href":"https:\/\/www.brikaelektrik.al\/al\/wp-json\/wp\/v2\/media\/5305"}],"wp:attachment":[{"href":"https:\/\/www.brikaelektrik.al\/al\/wp-json\/wp\/v2\/media?parent=5304"}],"wp:term":[{"taxonomy":"product_brand","embeddable":true,"href":"https:\/\/www.brikaelektrik.al\/al\/wp-json\/wp\/v2\/product_brand?post=5304"},{"taxonomy":"product_cat","embeddable":true,"href":"https:\/\/www.brikaelektrik.al\/al\/wp-json\/wp\/v2\/product_cat?post=5304"},{"taxonomy":"product_tag","embeddable":true,"href":"https:\/\/www.brikaelektrik.al\/al\/wp-json\/wp\/v2\/product_tag?post=5304"}],"curies":[{"name":"wp","href":"https:\/\/api.w.org\/{rel}","templated":true}]}}